{"id":86,"date":"2022-05-21T10:13:55","date_gmt":"2022-05-21T08:13:55","guid":{"rendered":"https:\/\/riad-albatoul.com\/index.php\/accommodation-i-2-columns\/"},"modified":"2022-05-31T13:05:03","modified_gmt":"2022-05-31T11:05:03","slug":"chambres-suites-luxueux-marrakech","status":"publish","type":"page","link":"https:\/\/riad-albatoul.com\/fr\/chambres-suites-luxueux-marrakech\/","title":{"rendered":"Chambres &#038; Suites Luxueux \u00e0 Marrakech"},"content":{"rendered":"<section class=\"wpb-content-wrapper\"><p>[vc_row][vc_column]\t\t\n\t\t\t\t\n\t\t<!-- BEGIN .shb-accommodation-listing-style-1 -->\n\t\t<div class=\"shb-accommodation-listing-style-1 shb-accommodation-listing-style-1-columns-2\">\n\t\t\t\n\t\t\t\t\n\t\t\t<!-- BEGIN .shb-accommodation-listing-item -->\n\t\t\t<div class=\"shb-accommodation-listing-item\">\n\t\t\t\n\t\t\t\t\t\t\t\t\t<a href=\"https:\/\/riad-albatoul.com\/fr\/albatoul-suite\/\" rel=\"bookmark\" title=\"Albatoul Suite\">\n\t\t\t\t\t\t\t\t\t\t\t\t<img decoding=\"async\" class=\"shb-accommodation-listing-image\" src=\"https:\/\/riad-albatoul.com\/fr\/wp-content\/uploads\/sites\/5\/2022\/05\/riad-albatoul-suite-albatoul-s.jpg\" alt=\"Albatoul Suite\" \/>\t\t\t\t\t<\/a>\n\t\t\t\t\t\t\t\n\t\t\t\t<div class=\"shb-accommodation-listing-description-wrapper\">\n\t\t\t\t\n\t\t\t\t\t<h3><a href=\"https:\/\/riad-albatoul.com\/fr\/albatoul-suite\/\" rel=\"bookmark\" title=\"Albatoul Suite\">Albatoul Suite<\/a><\/h3>\n\t\t\t\t\n\t\t\t\t\t<div class=\"shb-accommodation-listing-description shb-clearfix\">\n\t\t\t\t\t\t<ul>\r\n<li><i class=\"fas fa-bed\"><\/i>Grand lit pour 2 personnes<\/li>\r\n<li><i class=\"fas fa-ruler-combined\"><\/i>Salle de bains spacieuse<\/li>\r\n<li><i class=\"fas fa-coffee\"><\/i>Petit d\u00e9jeuner inclus<\/li>\r\n<li><i class=\"fas fa-wifi\"><\/i>Wifi gratuit<\/li>\r\n<li><i class=\"fas fa-concierge-bell\"><\/i>Room service tous les jours<\/li>\r\n<\/ul>\t\t\t\t\t\t<a href=\"https:\/\/riad-albatoul.com\/fr\/albatoul-suite\/\" class=\"shb-accommodation-listing-button1\">\u00c0 partir de 115,00\u20ac \/ nuit<\/a>\n\t\t\t\t\t\t<a href=\"https:\/\/riad-albatoul.com\/fr\/albatoul-suite\/\" class=\"shb-accommodation-listing-button2\">Voir les d\u00e9tails<i class=\"fas fa-chevron-right\"><\/i><\/a>\n\t\t\t\t\t<\/div>\n\t\t\t\t\n\t\t\t\t<\/div>\n\t\t\t\n\t\t\t<!-- END .shb-accommodation-listing-item -->\n\t\t\t<\/div>\n\t\t\n\t\t\t\t\n\t\t\t<!-- BEGIN .shb-accommodation-listing-item -->\n\t\t\t<div class=\"shb-accommodation-listing-item\">\n\t\t\t\n\t\t\t\t\t\t\t\t\t<a href=\"https:\/\/riad-albatoul.com\/fr\/aicha-contessa-room\/\" rel=\"bookmark\" title=\"Aicha Contessa Room\">\n\t\t\t\t\t\t\t\t\t\t\t\t<img decoding=\"async\" class=\"shb-accommodation-listing-image\" src=\"https:\/\/riad-albatoul.com\/fr\/wp-content\/uploads\/sites\/5\/2022\/05\/chambre-aicha-contessa-vue-patio-s.jpg\" alt=\"Aicha Contessa Room\" \/>\t\t\t\t\t<\/a>\n\t\t\t\t\t\t\t\n\t\t\t\t<div class=\"shb-accommodation-listing-description-wrapper\">\n\t\t\t\t\n\t\t\t\t\t<h3><a href=\"https:\/\/riad-albatoul.com\/fr\/aicha-contessa-room\/\" rel=\"bookmark\" title=\"Aicha Contessa Room\">Aicha Contessa Room<\/a><\/h3>\n\t\t\t\t\n\t\t\t\t\t<div class=\"shb-accommodation-listing-description shb-clearfix\">\n\t\t\t\t\t\t<ul>\r\n<li><i class=\"fas fa-bed\"><\/i>Lit jumeau pour 2 personnes<\/li>\r\n<li><i class=\"fas fa-ruler-combined\"><\/i>Salle de bains spacieuse<\/li>\r\n<li><i class=\"fas fa-coffee\"><\/i>Petit d\u00e9jeuner inclus<\/li>\r\n<li><i class=\"fas fa-wifi\"><\/i>Wifi gratuit<\/li>\r\n<li><i class=\"fas fa-concierge-bell\"><\/i>Room service tous les jours<\/li>\r\n<\/ul>\t\t\t\t\t\t<a href=\"https:\/\/riad-albatoul.com\/fr\/aicha-contessa-room\/\" class=\"shb-accommodation-listing-button1\">\u00c0 partir de 105,00\u20ac \/ nuit<\/a>\n\t\t\t\t\t\t<a href=\"https:\/\/riad-albatoul.com\/fr\/aicha-contessa-room\/\" class=\"shb-accommodation-listing-button2\">Voir les d\u00e9tails<i class=\"fas fa-chevron-right\"><\/i><\/a>\n\t\t\t\t\t<\/div>\n\t\t\t\t\n\t\t\t\t<\/div>\n\t\t\t\n\t\t\t<!-- END .shb-accommodation-listing-item -->\n\t\t\t<\/div>\n\t\t\n\t\t\t\t\n\t\t\t<!-- BEGIN .shb-accommodation-listing-item -->\n\t\t\t<div class=\"shb-accommodation-listing-item\">\n\t\t\t\n\t\t\t\t\t\t\t\t\t<a href=\"https:\/\/riad-albatoul.com\/fr\/saida-room\/\" rel=\"bookmark\" title=\"Saida Room\">\n\t\t\t\t\t\t\t\t\t\t\t\t<img decoding=\"async\" class=\"shb-accommodation-listing-image\" src=\"https:\/\/riad-albatoul.com\/fr\/wp-content\/uploads\/sites\/5\/2022\/05\/chambre-saida-vue-interieur-s.jpg\" alt=\"Saida Room\" \/>\t\t\t\t\t<\/a>\n\t\t\t\t\t\t\t\n\t\t\t\t<div class=\"shb-accommodation-listing-description-wrapper\">\n\t\t\t\t\n\t\t\t\t\t<h3><a href=\"https:\/\/riad-albatoul.com\/fr\/saida-room\/\" rel=\"bookmark\" title=\"Saida Room\">Saida Room<\/a><\/h3>\n\t\t\t\t\n\t\t\t\t\t<div class=\"shb-accommodation-listing-description shb-clearfix\">\n\t\t\t\t\t\t<ul>\r\n<li><i class=\"fas fa-bed\"><\/i>Lit double pour 2 personnes<\/li>\r\n<li><i class=\"fas fa-ruler-combined\"><\/i>Salle de bains spacieuse<\/li>\r\n<li><i class=\"fas fa-coffee\"><\/i>Petit d\u00e9jeuner inclus<\/li>\r\n<li><i class=\"fas fa-wifi\"><\/i>Wifi gratuit<\/li>\r\n<li><i class=\"fas fa-concierge-bell\"><\/i>Room service tous les jours<\/li>\r\n<\/ul>\t\t\t\t\t\t<a href=\"https:\/\/riad-albatoul.com\/fr\/saida-room\/\" class=\"shb-accommodation-listing-button1\">\u00c0 partir de 105,00\u20ac \/ nuit<\/a>\n\t\t\t\t\t\t<a href=\"https:\/\/riad-albatoul.com\/fr\/saida-room\/\" class=\"shb-accommodation-listing-button2\">Voir les d\u00e9tails<i class=\"fas fa-chevron-right\"><\/i><\/a>\n\t\t\t\t\t<\/div>\n\t\t\t\t\n\t\t\t\t<\/div>\n\t\t\t\n\t\t\t<!-- END .shb-accommodation-listing-item -->\n\t\t\t<\/div>\n\t\t\n\t\t\t\t\n\t\t\t<!-- BEGIN .shb-accommodation-listing-item -->\n\t\t\t<div class=\"shb-accommodation-listing-item\">\n\t\t\t\n\t\t\t\t\t\t\t\t\t<a href=\"https:\/\/riad-albatoul.com\/fr\/chaibia-room\/\" rel=\"bookmark\" title=\"Chaibia Room\">\n\t\t\t\t\t\t\t\t\t\t\t\t<img decoding=\"async\" class=\"shb-accommodation-listing-image\" src=\"https:\/\/riad-albatoul.com\/fr\/wp-content\/uploads\/sites\/5\/2022\/05\/chambre-chaibia-lit-double-vue-s.jpg\" alt=\"Chaibia Room\" \/>\t\t\t\t\t<\/a>\n\t\t\t\t\t\t\t\n\t\t\t\t<div class=\"shb-accommodation-listing-description-wrapper\">\n\t\t\t\t\n\t\t\t\t\t<h3><a href=\"https:\/\/riad-albatoul.com\/fr\/chaibia-room\/\" rel=\"bookmark\" title=\"Chaibia Room\">Chaibia Room<\/a><\/h3>\n\t\t\t\t\n\t\t\t\t\t<div class=\"shb-accommodation-listing-description shb-clearfix\">\n\t\t\t\t\t\t<ul>\r\n<li><i class=\"fas fa-bed\"><\/i>Lit jumeau pour 2 personnes<\/li>\r\n<li><i class=\"fas fa-ruler-combined\"><\/i>Salle de bains spacieuse<\/li>\r\n<li><i class=\"fas fa-coffee\"><\/i>Petit d\u00e9jeuner inclus<\/li>\r\n<li><i class=\"fas fa-wifi\"><\/i>Wifi gratuit<\/li>\r\n<li><i class=\"fas fa-concierge-bell\"><\/i>Room service tous les jours<\/li>\r\n<\/ul>\t\t\t\t\t\t<a href=\"https:\/\/riad-albatoul.com\/fr\/chaibia-room\/\" class=\"shb-accommodation-listing-button1\">\u00c0 partir de 105,00\u20ac \/ nuit<\/a>\n\t\t\t\t\t\t<a href=\"https:\/\/riad-albatoul.com\/fr\/chaibia-room\/\" class=\"shb-accommodation-listing-button2\">Voir les d\u00e9tails<i class=\"fas fa-chevron-right\"><\/i><\/a>\n\t\t\t\t\t<\/div>\n\t\t\t\t\n\t\t\t\t<\/div>\n\t\t\t\n\t\t\t<!-- END .shb-accommodation-listing-item -->\n\t\t\t<\/div>\n\t\t\n\t\t\t\t\n\t\t\t<!-- BEGIN .shb-accommodation-listing-item -->\n\t\t\t<div class=\"shb-accommodation-listing-item\">\n\t\t\t\n\t\t\t\t\t\t\t\t\t<a href=\"https:\/\/riad-albatoul.com\/fr\/kharboucha-room\/\" rel=\"bookmark\" title=\"Kharboucha Room\">\n\t\t\t\t\t\t\t\t\t\t\t\t<img decoding=\"async\" class=\"shb-accommodation-listing-image\" src=\"https:\/\/riad-albatoul.com\/fr\/wp-content\/uploads\/sites\/5\/2022\/05\/kharboucha-room-s.jpg\" alt=\"Kharboucha Room\" \/>\t\t\t\t\t<\/a>\n\t\t\t\t\t\t\t\n\t\t\t\t<div class=\"shb-accommodation-listing-description-wrapper\">\n\t\t\t\t\n\t\t\t\t\t<h3><a href=\"https:\/\/riad-albatoul.com\/fr\/kharboucha-room\/\" rel=\"bookmark\" title=\"Kharboucha Room\">Kharboucha Room<\/a><\/h3>\n\t\t\t\t\n\t\t\t\t\t<div class=\"shb-accommodation-listing-description shb-clearfix\">\n\t\t\t\t\t\t<ul>\r\n<li><i class=\"fas fa-bed\"><\/i>Lit jumeau pour 2 personnes<\/li>\r\n<li><i class=\"fas fa-ruler-combined\"><\/i>Salle de bains spacieuse<\/li>\r\n<li><i class=\"fas fa-coffee\"><\/i>Petit d\u00e9jeuner inclus<\/li>\r\n<li><i class=\"fas fa-wifi\"><\/i>Wifi gratuit<\/li>\r\n<li><i class=\"fas fa-concierge-bell\"><\/i>Room service tous les jours<\/li>\r\n<\/ul>\t\t\t\t\t\t<a href=\"https:\/\/riad-albatoul.com\/fr\/kharboucha-room\/\" class=\"shb-accommodation-listing-button1\">\u00c0 partir de 95,00\u20ac \/ nuit<\/a>\n\t\t\t\t\t\t<a href=\"https:\/\/riad-albatoul.com\/fr\/kharboucha-room\/\" class=\"shb-accommodation-listing-button2\">Voir les d\u00e9tails<i class=\"fas fa-chevron-right\"><\/i><\/a>\n\t\t\t\t\t<\/div>\n\t\t\t\t\n\t\t\t\t<\/div>\n\t\t\t\n\t\t\t<!-- END .shb-accommodation-listing-item -->\n\t\t\t<\/div>\n\t\t\n\t\t\t\t\n\t\t\t<!-- BEGIN .shb-accommodation-listing-item -->\n\t\t\t<div class=\"shb-accommodation-listing-item\">\n\t\t\t\n\t\t\t\t\t\t\t\t\t<a href=\"https:\/\/riad-albatoul.com\/fr\/dihya-room\/\" rel=\"bookmark\" title=\"Dihya Room\">\n\t\t\t\t\t\t\t\t\t\t\t\t<img decoding=\"async\" class=\"shb-accommodation-listing-image\" src=\"https:\/\/riad-albatoul.com\/fr\/wp-content\/uploads\/sites\/5\/2022\/05\/dihya-room-s.jpg\" alt=\"Dihya Room\" \/>\t\t\t\t\t<\/a>\n\t\t\t\t\t\t\t\n\t\t\t\t<div class=\"shb-accommodation-listing-description-wrapper\">\n\t\t\t\t\n\t\t\t\t\t<h3><a href=\"https:\/\/riad-albatoul.com\/fr\/dihya-room\/\" rel=\"bookmark\" title=\"Dihya Room\">Dihya Room<\/a><\/h3>\n\t\t\t\t\n\t\t\t\t\t<div class=\"shb-accommodation-listing-description shb-clearfix\">\n\t\t\t\t\t\t<ul>\r\n<li><i class=\"fas fa-bed\"><\/i>Lit double pour 2 personnes<\/li>\r\n<li><i class=\"fas fa-ruler-combined\"><\/i>Salle de bains spacieuse<\/li>\r\n<li><i class=\"fas fa-coffee\"><\/i>Petit d\u00e9jeuner inclus<\/li>\r\n<li><i class=\"fas fa-wifi\"><\/i>Wifi gratuit<\/li>\r\n<li><i class=\"fas fa-concierge-bell\"><\/i>Room service tous les jours<\/li>\r\n<\/ul>\t\t\t\t\t\t<a href=\"https:\/\/riad-albatoul.com\/fr\/dihya-room\/\" class=\"shb-accommodation-listing-button1\">\u00c0 partir de 95,00\u20ac \/ nuit<\/a>\n\t\t\t\t\t\t<a href=\"https:\/\/riad-albatoul.com\/fr\/dihya-room\/\" class=\"shb-accommodation-listing-button2\">Voir les d\u00e9tails<i class=\"fas fa-chevron-right\"><\/i><\/a>\n\t\t\t\t\t<\/div>\n\t\t\t\t\n\t\t\t\t<\/div>\n\t\t\t\n\t\t\t<!-- END .shb-accommodation-listing-item -->\n\t\t\t<\/div>\n\t\t\n\t\t\t\t\t\n\t\t<!-- END .shb-accommodation-listing-style-1 -->\n\t\t<\/div>\n\t\n\t\t\n\t\t\n\t[\/vc_column][\/vc_row]<\/p>\n<\/section>","protected":false},"excerpt":{"rendered":"<p>[vc_row][vc_column][\/vc_column][\/vc_row]<\/p>\n<a href=\"https:\/\/riad-albatoul.com\/fr\/dihya-room\/\" class=\"sohohotel-more-link\">Read More<\/a>","protected":false},"author":1,"featured_media":0,"parent":0,"menu_order":0,"comment_status":"closed","ping_status":"closed","template":"","meta":{"footnotes":""},"class_list":["post-86","page","type-page","status-publish","hentry"],"yoast_head":"<!-- This site is optimized with the Yoast SEO plugin v27.4 - https:\/\/yoast.com\/product\/yoast-seo-wordpress\/ -->\n<title>Chambres &amp; Suites Luxueux \u00e0 Marrakech | Riad Albatoul Marrakech<\/title>\n<meta name=\"description\" content=\"Profitez d\u00b4un h\u00e9bergement luxueux au Riad Albatoul, Marrakech. D\u00e9couvrez nos Somptueuses rooms &amp; suites marocaines.\" \/>\n<meta name=\"robots\" content=\"index, follow, max-snippet:-1, max-image-preview:large, max-video-preview:-1\" \/>\n<link rel=\"canonical\" href=\"https:\/\/riad-albatoul.com\/fr\/chambres-suites-luxueux-marrakech\/\" \/>\n<meta property=\"og:locale\" content=\"fr_FR\" \/>\n<meta property=\"og:type\" content=\"article\" \/>\n<meta property=\"og:title\" content=\"Chambres &amp; Suites Luxueux \u00e0 Marrakech | Riad Albatoul Marrakech\" \/>\n<meta property=\"og:description\" content=\"Profitez d\u00b4un h\u00e9bergement luxueux au Riad Albatoul, Marrakech. D\u00e9couvrez nos Somptueuses rooms &amp; suites marocaines.\" \/>\n<meta property=\"og:url\" content=\"https:\/\/riad-albatoul.com\/fr\/chambres-suites-luxueux-marrakech\/\" \/>\n<meta property=\"og:site_name\" content=\"Riad Albatoul Marrakech\" \/>\n<meta property=\"article:modified_time\" content=\"2022-05-31T11:05:03+00:00\" \/>\n<meta name=\"twitter:card\" content=\"summary_large_image\" \/>\n<script type=\"application\/ld+json\" class=\"yoast-schema-graph\">{\"@context\":\"https:\\\/\\\/schema.org\",\"@graph\":[{\"@type\":\"WebPage\",\"@id\":\"https:\\\/\\\/riad-albatoul.com\\\/fr\\\/chambres-suites-luxueux-marrakech\\\/\",\"url\":\"https:\\\/\\\/riad-albatoul.com\\\/fr\\\/chambres-suites-luxueux-marrakech\\\/\",\"name\":\"Chambres & Suites Luxueux \u00e0 Marrakech | Riad Albatoul Marrakech\",\"isPartOf\":{\"@id\":\"https:\\\/\\\/riad-albatoul.com\\\/fr\\\/#website\"},\"datePublished\":\"2022-05-21T08:13:55+00:00\",\"dateModified\":\"2022-05-31T11:05:03+00:00\",\"description\":\"Profitez d\u00b4un h\u00e9bergement luxueux au Riad Albatoul, Marrakech. D\u00e9couvrez nos Somptueuses rooms & suites marocaines.\",\"breadcrumb\":{\"@id\":\"https:\\\/\\\/riad-albatoul.com\\\/fr\\\/chambres-suites-luxueux-marrakech\\\/#breadcrumb\"},\"inLanguage\":\"fr-FR\",\"potentialAction\":[{\"@type\":\"ReadAction\",\"target\":[\"https:\\\/\\\/riad-albatoul.com\\\/fr\\\/chambres-suites-luxueux-marrakech\\\/\"]}]},{\"@type\":\"BreadcrumbList\",\"@id\":\"https:\\\/\\\/riad-albatoul.com\\\/fr\\\/chambres-suites-luxueux-marrakech\\\/#breadcrumb\",\"itemListElement\":[{\"@type\":\"ListItem\",\"position\":1,\"name\":\"Home\",\"item\":\"https:\\\/\\\/riad-albatoul.com\\\/fr\\\/\"},{\"@type\":\"ListItem\",\"position\":2,\"name\":\"Chambres &#038; Suites Luxueux \u00e0 Marrakech\"}]},{\"@type\":\"WebSite\",\"@id\":\"https:\\\/\\\/riad-albatoul.com\\\/fr\\\/#website\",\"url\":\"https:\\\/\\\/riad-albatoul.com\\\/fr\\\/\",\"name\":\"Riad Albatoul Marrakech\",\"description\":\"Un Riad traditionnel, \u00e0 quelques minutes de la c\u00e9l\u00e8bre place Jemma al Fnaa.\",\"publisher\":{\"@id\":\"https:\\\/\\\/riad-albatoul.com\\\/fr\\\/#organization\"},\"potentialAction\":[{\"@type\":\"SearchAction\",\"target\":{\"@type\":\"EntryPoint\",\"urlTemplate\":\"https:\\\/\\\/riad-albatoul.com\\\/fr\\\/?s={search_term_string}\"},\"query-input\":{\"@type\":\"PropertyValueSpecification\",\"valueRequired\":true,\"valueName\":\"search_term_string\"}}],\"inLanguage\":\"fr-FR\"},{\"@type\":\"Organization\",\"@id\":\"https:\\\/\\\/riad-albatoul.com\\\/fr\\\/#organization\",\"name\":\"Riad Albatoul Marrakech\",\"url\":\"https:\\\/\\\/riad-albatoul.com\\\/fr\\\/\",\"logo\":{\"@type\":\"ImageObject\",\"inLanguage\":\"fr-FR\",\"@id\":\"https:\\\/\\\/riad-albatoul.com\\\/fr\\\/#\\\/schema\\\/logo\\\/image\\\/\",\"url\":\"https:\\\/\\\/riad-albatoul.com\\\/fr\\\/wp-content\\\/uploads\\\/sites\\\/5\\\/2022\\\/05\\\/riad-albatoul-logo.png\",\"contentUrl\":\"https:\\\/\\\/riad-albatoul.com\\\/fr\\\/wp-content\\\/uploads\\\/sites\\\/5\\\/2022\\\/05\\\/riad-albatoul-logo.png\",\"width\":220,\"height\":68,\"caption\":\"Riad Albatoul Marrakech\"},\"image\":{\"@id\":\"https:\\\/\\\/riad-albatoul.com\\\/fr\\\/#\\\/schema\\\/logo\\\/image\\\/\"}}]}<\/script>\n<!-- \/ Yoast SEO plugin. -->","yoast_head_json":{"title":"Chambres & Suites Luxueux \u00e0 Marrakech | Riad Albatoul Marrakech","description":"Profitez d\u00b4un h\u00e9bergement luxueux au Riad Albatoul, Marrakech. D\u00e9couvrez nos Somptueuses rooms & suites marocaines.","robots":{"index":"index","follow":"follow","max-snippet":"max-snippet:-1","max-image-preview":"max-image-preview:large","max-video-preview":"max-video-preview:-1"},"canonical":"https:\/\/riad-albatoul.com\/fr\/chambres-suites-luxueux-marrakech\/","og_locale":"fr_FR","og_type":"article","og_title":"Chambres & Suites Luxueux \u00e0 Marrakech | Riad Albatoul Marrakech","og_description":"Profitez d\u00b4un h\u00e9bergement luxueux au Riad Albatoul, Marrakech. D\u00e9couvrez nos Somptueuses rooms & suites marocaines.","og_url":"https:\/\/riad-albatoul.com\/fr\/chambres-suites-luxueux-marrakech\/","og_site_name":"Riad Albatoul Marrakech","article_modified_time":"2022-05-31T11:05:03+00:00","twitter_card":"summary_large_image","schema":{"@context":"https:\/\/schema.org","@graph":[{"@type":"WebPage","@id":"https:\/\/riad-albatoul.com\/fr\/chambres-suites-luxueux-marrakech\/","url":"https:\/\/riad-albatoul.com\/fr\/chambres-suites-luxueux-marrakech\/","name":"Chambres & Suites Luxueux \u00e0 Marrakech | Riad Albatoul Marrakech","isPartOf":{"@id":"https:\/\/riad-albatoul.com\/fr\/#website"},"datePublished":"2022-05-21T08:13:55+00:00","dateModified":"2022-05-31T11:05:03+00:00","description":"Profitez d\u00b4un h\u00e9bergement luxueux au Riad Albatoul, Marrakech. D\u00e9couvrez nos Somptueuses rooms & suites marocaines.","breadcrumb":{"@id":"https:\/\/riad-albatoul.com\/fr\/chambres-suites-luxueux-marrakech\/#breadcrumb"},"inLanguage":"fr-FR","potentialAction":[{"@type":"ReadAction","target":["https:\/\/riad-albatoul.com\/fr\/chambres-suites-luxueux-marrakech\/"]}]},{"@type":"BreadcrumbList","@id":"https:\/\/riad-albatoul.com\/fr\/chambres-suites-luxueux-marrakech\/#breadcrumb","itemListElement":[{"@type":"ListItem","position":1,"name":"Home","item":"https:\/\/riad-albatoul.com\/fr\/"},{"@type":"ListItem","position":2,"name":"Chambres &#038; Suites Luxueux \u00e0 Marrakech"}]},{"@type":"WebSite","@id":"https:\/\/riad-albatoul.com\/fr\/#website","url":"https:\/\/riad-albatoul.com\/fr\/","name":"Riad Albatoul Marrakech","description":"Un Riad traditionnel, \u00e0 quelques minutes de la c\u00e9l\u00e8bre place Jemma al Fnaa.","publisher":{"@id":"https:\/\/riad-albatoul.com\/fr\/#organization"},"potentialAction":[{"@type":"SearchAction","target":{"@type":"EntryPoint","urlTemplate":"https:\/\/riad-albatoul.com\/fr\/?s={search_term_string}"},"query-input":{"@type":"PropertyValueSpecification","valueRequired":true,"valueName":"search_term_string"}}],"inLanguage":"fr-FR"},{"@type":"Organization","@id":"https:\/\/riad-albatoul.com\/fr\/#organization","name":"Riad Albatoul Marrakech","url":"https:\/\/riad-albatoul.com\/fr\/","logo":{"@type":"ImageObject","inLanguage":"fr-FR","@id":"https:\/\/riad-albatoul.com\/fr\/#\/schema\/logo\/image\/","url":"https:\/\/riad-albatoul.com\/fr\/wp-content\/uploads\/sites\/5\/2022\/05\/riad-albatoul-logo.png","contentUrl":"https:\/\/riad-albatoul.com\/fr\/wp-content\/uploads\/sites\/5\/2022\/05\/riad-albatoul-logo.png","width":220,"height":68,"caption":"Riad Albatoul Marrakech"},"image":{"@id":"https:\/\/riad-albatoul.com\/fr\/#\/schema\/logo\/image\/"}}]}},"_links":{"self":[{"href":"https:\/\/riad-albatoul.com\/fr\/wp-json\/wp\/v2\/pages\/86","targetHints":{"allow":["GET"]}}],"collection":[{"href":"https:\/\/riad-albatoul.com\/fr\/wp-json\/wp\/v2\/pages"}],"about":[{"href":"https:\/\/riad-albatoul.com\/fr\/wp-json\/wp\/v2\/types\/page"}],"author":[{"embeddable":true,"href":"https:\/\/riad-albatoul.com\/fr\/wp-json\/wp\/v2\/users\/1"}],"replies":[{"embeddable":true,"href":"https:\/\/riad-albatoul.com\/fr\/wp-json\/wp\/v2\/comments?post=86"}],"version-history":[{"count":2,"href":"https:\/\/riad-albatoul.com\/fr\/wp-json\/wp\/v2\/pages\/86\/revisions"}],"predecessor-version":[{"id":708,"href":"https:\/\/riad-albatoul.com\/fr\/wp-json\/wp\/v2\/pages\/86\/revisions\/708"}],"wp:attachment":[{"href":"https:\/\/riad-albatoul.com\/fr\/wp-json\/wp\/v2\/media?parent=86"}],"curies":[{"name":"wp","href":"https:\/\/api.w.org\/{rel}","templated":true}]}}