{"id":85,"date":"2022-05-21T10:13:55","date_gmt":"2022-05-21T08:13:55","guid":{"rendered":"https:\/\/riad-albatoul.com\/index.php\/about-us-ii\/"},"modified":"2023-05-03T12:32:18","modified_gmt":"2023-05-03T10:32:18","slug":"a-propos","status":"publish","type":"page","link":"https:\/\/riad-albatoul.com\/fr\/a-propos\/","title":{"rendered":"\u00c0 propos"},"content":{"rendered":"<section class=\"wpb-content-wrapper\"><p>[vc_row][vc_column][vc_row_inner][vc_column_inner]<h3 class=\"sohohotel-title-35px sohohotel-clearfix sohohotel-title-center\">Histoire<\/h3>[vc_empty_space][\/vc_column_inner][\/vc_row_inner][vc_row_inner equal_height=&#8221;yes&#8221; content_placement=&#8221;middle&#8221; css=&#8221;.vc_custom_1576943359507{padding-bottom: 50px !important;}&#8221;][vc_column_inner el_class=&#8221;vc_col-lg-push-6&#8243; width=&#8221;1\/2&#8243;][vc_single_image image=&#8221;619&#8243; img_size=&#8221;full&#8221;][\/vc_column_inner][vc_column_inner el_class=&#8221;vc_col-lg-pull-6&#8243; width=&#8221;1\/2&#8243;]<h3 class=\"sohohotel-title-28px sohohotel-clearfix sohohotel-title-left\">Un coup de chance<\/h3>[vc_column_text]Birgit et Noureddine sont originaires d\u2019Allemagne; tous deux amoureux de Marrakech et ses ambiances festives, ils d\u00e9couvrent en 2015 une grande maison traditionnelle \u00e0 proximit\u00e9 de la place Jemaa el-Fna et \u00e0 quelques rues des principaux Souqs de Marrakech. Sans h\u00e9siter, ils d\u00e9cident de la r\u00e9nover et en faire une maison d\u2019h\u00f4te de prestige. Il faut dire que la superficie de la maison s\u2019y pr\u00eate et sa bonne position au c\u0153ur de la m\u00e9dina lui conf\u00e8re une valeur toute particuli\u00e8re. La maison elle-m\u00eame r\u00e9pond aux normes traditionnelles : un grand patio et une terrasse aux dimensions hallucinantes.[\/vc_column_text][\/vc_column_inner][\/vc_row_inner][vc_row_inner equal_height=&#8221;yes&#8221; content_placement=&#8221;middle&#8221; css=&#8221;.vc_custom_1576943401993{padding-bottom: 50px !important;}&#8221;][vc_column_inner width=&#8221;1\/2&#8243;][vc_single_image image=&#8221;621&#8243; img_size=&#8221;full&#8221;][\/vc_column_inner][vc_column_inner width=&#8221;1\/2&#8243;]<h3 class=\"sohohotel-title-28px sohohotel-clearfix sohohotel-title-left\">La r\u00e9novation en pr\u00e9sence de mules et de charrues<\/h3>[vc_column_text]Apr\u00e8s deux longues ann\u00e9es de travaux, Riad Albatoul ouvre ses portes en Septembre 2018. Noureddine Belhaouari et l\u2019architecte Birgit G\u00f6tz-Ulrich n\u2019ont \u00e9pargn\u00e9 aucun effort pour rendre cet ancien demeure un Riad splendide. Le travail des artistes en Tadelakt a \u00e9t\u00e9 ex\u00e9cut\u00e9 \u00e0 la perfection si bien que l\u2019harmonie entre le style moderne et le savoir-faire marocain est visible dans toute l\u2019architecture du Riad. Vous y trouvez confort et tranquillit\u00e9.[\/vc_column_text][\/vc_column_inner][\/vc_row_inner][vc_row_inner equal_height=&#8221;yes&#8221; content_placement=&#8221;middle&#8221; css=&#8221;.vc_custom_1576943412000{padding-bottom: 50px !important;}&#8221;][vc_column_inner el_class=&#8221;vc_col-lg-push-6&#8243; width=&#8221;1\/2&#8243;][vc_single_image image=&#8221;622&#8243; img_size=&#8221;full&#8221;][\/vc_column_inner][vc_column_inner el_class=&#8221;vc_col-lg-pull-6&#8243; width=&#8221;1\/2&#8243;]<h3 class=\"sohohotel-title-28px sohohotel-clearfix sohohotel-title-left\">Riad Albatoul<\/h3>[vc_column_text]Cette maison d\u2019h\u00f4te est constitu\u00e9e d\u2019un grand patio, une piscine, une jolie suite et cinq pi\u00e8ces d\u00e9cor\u00e9s amoureusement pour assouvir tous les go\u00fbts. Toutes les chambres ainsi que la suite disposent d\u2019une baignoire d\u2019un \u00e9clat bleue vert apaisant. Au rez- de-chauss\u00e9e se trouve un salon marocain \u00e9quip\u00e9e d\u2019une chemin\u00e9e pour passer des moments chaleureux et conviviaux. En terrasse grande comme une petite maison vous oubliez vite le bruit de la m\u00e9dina pour se concentrer sur la beaut\u00e9 de cette lumi\u00e8re apaisante qu\u2019offre le ciel marocain. O\u00f9 que vous soyez le confort et la tranquillit\u00e9 vous guettent : au spa, au hammam, en s\u00e9ance de massage ou allong\u00e9s sur des transats. En soir\u00e9e, c\u2019est le moment de la convivialit\u00e9 : un verre en terrasse ou au bar am\u00e9nag\u00e9 soigneusement pour vous car vos aventures quotidiennes ont besoin d\u2019espace et de chaleur.[\/vc_column_text][\/vc_column_inner][\/vc_row_inner][vc_row_inner rtl_reverse=&#8221;yes&#8221; content_placement=&#8221;middle&#8221; css=&#8221;.vc_custom_1576943424607{padding-bottom: 50px !important;}&#8221;][vc_column_inner width=&#8221;1\/2&#8243;][vc_single_image image=&#8221;623&#8243; img_size=&#8221;full&#8221;][\/vc_column_inner][vc_column_inner width=&#8221;1\/2&#8243;]<h3 class=\"sohohotel-title-28px sohohotel-clearfix sohohotel-title-left\">Le nom Albatoul<\/h3>[vc_column_text]Il est d\u2019usage que le nom de ce Riad ait une histoire locale : il s\u2019agit en effet de la maman de Noureddine : m\u00e8re courage qui a consacr\u00e9e sa vie \u00e0 l\u2019\u00e9ducation de ses enfants et leur a transmis des valeurs de fraternit\u00e9 et de justice sociale.[\/vc_column_text][\/vc_column_inner][\/vc_row_inner][vc_row_inner equal_height=&#8221;yes&#8221; content_placement=&#8221;middle&#8221; css=&#8221;.vc_custom_1576943473278{padding-bottom: 50px !important;}&#8221;][vc_column_inner el_class=&#8221;vc_col-lg-push-6&#8243; width=&#8221;1\/2&#8243;][vc_single_image image=&#8221;624&#8243; img_size=&#8221;full&#8221;][\/vc_column_inner][vc_column_inner el_class=&#8221;vc_col-lg-pull-6&#8243; width=&#8221;1\/2&#8243;]<h3 class=\"sohohotel-title-28px sohohotel-clearfix sohohotel-title-left\">Notre \u00e9quipe<\/h3>[vc_column_text]Nous sommes heureux de vous accueillir en ce lieu magique qu\u2019est Riad Albatoul ; nous vous devons le confort que vous \u00e9tiez venus chercher et nous serons toujours \u00e0 votre disposition pour vous offrir les meilleurs services. D\u2019ailleurs notre cuisine est un r\u00e9gal, nos boissons et nos ap\u00e9ritifs divers et vari\u00e9s vous rafraichissent les souvenirs.[\/vc_column_text][\/vc_column_inner][\/vc_row_inner][vc_row_inner equal_height=&#8221;yes&#8221; content_placement=&#8221;middle&#8221; css=&#8221;.vc_custom_1576943454108{padding-bottom: 50px !important;}&#8221;][vc_column_inner width=&#8221;1\/2&#8243;][vc_single_image image=&#8221;610&#8243; img_size=&#8221;full&#8221;][\/vc_column_inner][vc_column_inner width=&#8221;1\/2&#8243;]<h3 class=\"sohohotel-title-28px sohohotel-clearfix sohohotel-title-left\">Un lieu qui vous aide \u00e0 explorer Marrakech<\/h3>[vc_column_text]Riad Albatoul est tout pr\u00eat de la place de Djem AlFna et donc bien situ\u00e9 pour explorer toute la m\u00e9dina ainsi que les monuments historiques \u00e0 chaque recoin de la ville. Noureddine est tr\u00e8s attach\u00e9 \u00e0 ce quartier Ben Salah o\u00f9 il a grandi ainsi que ce r\u00eave d\u2019y construire un Riad qui porte le pr\u00e9nom de sa propre m\u00e8re. Venez nous joindre pour se rafraichir les id\u00e9es et passer des vacances en toute tranquillit\u00e9.[\/vc_column_text][\/vc_column_inner][\/vc_row_inner][\/vc_column][\/vc_row]<\/p>\n<\/section>","protected":false},"excerpt":{"rendered":"<p>[vc_row][vc_column][vc_row_inner][vc_column_inner][vc_empty_space][\/vc_column_inner][\/vc_row_inner][vc_row_inner equal_height=&#8221;yes&#8221; content_placement=&#8221;middle&#8221; css=&#8221;.vc_custom_1576943359507{padding-bottom: 50px !important;}&#8221;][vc_column_inner el_class=&#8221;vc_col-lg-push-6&#8243; width=&#8221;1\/2&#8243;][vc_single_image image=&#8221;619&#8243; img_size=&#8221;full&#8221;][\/vc_column_inner][vc_column_inner el_class=&#8221;vc_col-lg-pull-6&#8243; width=&#8221;1\/2&#8243;][vc_column_text]Birgit et Noureddine sont originaires d\u2019Allemagne; tous deux amoureux de Marrakech et ses ambiances festives, ils d\u00e9couvrent en 2015 une grande maison traditionnelle \u00e0 proximit\u00e9 de la place Jemaa el-Fna et \u00e0 quelques rues des principaux Souqs de Marrakech. Sans h\u00e9siter, ils d\u00e9cident de<\/p>\n<a href=\"https:\/\/riad-albatoul.com\/fr\/a-propos\/\" class=\"sohohotel-more-link\">Read More<\/a>","protected":false},"author":1,"featured_media":0,"parent":0,"menu_order":0,"comment_status":"closed","ping_status":"closed","template":"","meta":{"footnotes":""},"class_list":["post-85","page","type-page","status-publish","hentry"],"yoast_head":"<!-- This site is optimized with the Yoast SEO plugin v27.4 - https:\/\/yoast.com\/product\/yoast-seo-wordpress\/ -->\n<title>\u00c0 propos | Riad Albatoul Marrakech<\/title>\n<meta name=\"robots\" content=\"index, follow, max-snippet:-1, max-image-preview:large, max-video-preview:-1\" \/>\n<link rel=\"canonical\" href=\"https:\/\/riad-albatoul.com\/fr\/a-propos\/\" \/>\n<meta property=\"og:locale\" content=\"fr_FR\" \/>\n<meta property=\"og:type\" content=\"article\" \/>\n<meta property=\"og:title\" content=\"\u00c0 propos | Riad Albatoul Marrakech\" \/>\n<meta property=\"og:description\" content=\"[vc_row][vc_column][vc_row_inner][vc_column_inner][vc_empty_space][\/vc_column_inner][\/vc_row_inner][vc_row_inner equal_height=&#8221;yes&#8221; content_placement=&#8221;middle&#8221; css=&#8221;.vc_custom_1576943359507{padding-bottom: 50px !important;}&#8221;][vc_column_inner el_class=&#8221;vc_col-lg-push-6&#8243; width=&#8221;1\/2&#8243;][vc_single_image image=&#8221;619&#8243; img_size=&#8221;full&#8221;][\/vc_column_inner][vc_column_inner el_class=&#8221;vc_col-lg-pull-6&#8243; width=&#8221;1\/2&#8243;][vc_column_text]Birgit et Noureddine sont originaires d\u2019Allemagne; tous deux amoureux de Marrakech et ses ambiances festives, ils d\u00e9couvrent en 2015 une grande maison traditionnelle \u00e0 proximit\u00e9 de la place Jemaa el-Fna et \u00e0 quelques rues des principaux Souqs de Marrakech. Sans h\u00e9siter, ils d\u00e9cident de\" \/>\n<meta property=\"og:url\" content=\"https:\/\/riad-albatoul.com\/fr\/a-propos\/\" \/>\n<meta property=\"og:site_name\" content=\"Riad Albatoul Marrakech\" \/>\n<meta property=\"article:modified_time\" content=\"2023-05-03T10:32:18+00:00\" \/>\n<meta name=\"twitter:card\" content=\"summary_large_image\" \/>\n<meta name=\"twitter:label1\" content=\"Dur\u00e9e de lecture estim\u00e9e\" \/>\n\t<meta name=\"twitter:data1\" content=\"4 minutes\" \/>\n<script type=\"application\/ld+json\" class=\"yoast-schema-graph\">{\"@context\":\"https:\\\/\\\/schema.org\",\"@graph\":[{\"@type\":\"WebPage\",\"@id\":\"https:\\\/\\\/riad-albatoul.com\\\/fr\\\/a-propos\\\/\",\"url\":\"https:\\\/\\\/riad-albatoul.com\\\/fr\\\/a-propos\\\/\",\"name\":\"\u00c0 propos | Riad Albatoul Marrakech\",\"isPartOf\":{\"@id\":\"https:\\\/\\\/riad-albatoul.com\\\/fr\\\/#website\"},\"datePublished\":\"2022-05-21T08:13:55+00:00\",\"dateModified\":\"2023-05-03T10:32:18+00:00\",\"breadcrumb\":{\"@id\":\"https:\\\/\\\/riad-albatoul.com\\\/fr\\\/a-propos\\\/#breadcrumb\"},\"inLanguage\":\"fr-FR\",\"potentialAction\":[{\"@type\":\"ReadAction\",\"target\":[\"https:\\\/\\\/riad-albatoul.com\\\/fr\\\/a-propos\\\/\"]}]},{\"@type\":\"BreadcrumbList\",\"@id\":\"https:\\\/\\\/riad-albatoul.com\\\/fr\\\/a-propos\\\/#breadcrumb\",\"itemListElement\":[{\"@type\":\"ListItem\",\"position\":1,\"name\":\"Home\",\"item\":\"https:\\\/\\\/riad-albatoul.com\\\/fr\\\/\"},{\"@type\":\"ListItem\",\"position\":2,\"name\":\"\u00c0 propos\"}]},{\"@type\":\"WebSite\",\"@id\":\"https:\\\/\\\/riad-albatoul.com\\\/fr\\\/#website\",\"url\":\"https:\\\/\\\/riad-albatoul.com\\\/fr\\\/\",\"name\":\"Riad Albatoul Marrakech\",\"description\":\"Un Riad traditionnel, \u00e0 quelques minutes de la c\u00e9l\u00e8bre place Jemma al Fnaa.\",\"publisher\":{\"@id\":\"https:\\\/\\\/riad-albatoul.com\\\/fr\\\/#organization\"},\"potentialAction\":[{\"@type\":\"SearchAction\",\"target\":{\"@type\":\"EntryPoint\",\"urlTemplate\":\"https:\\\/\\\/riad-albatoul.com\\\/fr\\\/?s={search_term_string}\"},\"query-input\":{\"@type\":\"PropertyValueSpecification\",\"valueRequired\":true,\"valueName\":\"search_term_string\"}}],\"inLanguage\":\"fr-FR\"},{\"@type\":\"Organization\",\"@id\":\"https:\\\/\\\/riad-albatoul.com\\\/fr\\\/#organization\",\"name\":\"Riad Albatoul Marrakech\",\"url\":\"https:\\\/\\\/riad-albatoul.com\\\/fr\\\/\",\"logo\":{\"@type\":\"ImageObject\",\"inLanguage\":\"fr-FR\",\"@id\":\"https:\\\/\\\/riad-albatoul.com\\\/fr\\\/#\\\/schema\\\/logo\\\/image\\\/\",\"url\":\"https:\\\/\\\/riad-albatoul.com\\\/fr\\\/wp-content\\\/uploads\\\/sites\\\/5\\\/2022\\\/05\\\/riad-albatoul-logo.png\",\"contentUrl\":\"https:\\\/\\\/riad-albatoul.com\\\/fr\\\/wp-content\\\/uploads\\\/sites\\\/5\\\/2022\\\/05\\\/riad-albatoul-logo.png\",\"width\":220,\"height\":68,\"caption\":\"Riad Albatoul Marrakech\"},\"image\":{\"@id\":\"https:\\\/\\\/riad-albatoul.com\\\/fr\\\/#\\\/schema\\\/logo\\\/image\\\/\"}}]}<\/script>\n<!-- \/ Yoast SEO plugin. -->","yoast_head_json":{"title":"\u00c0 propos | Riad Albatoul Marrakech","robots":{"index":"index","follow":"follow","max-snippet":"max-snippet:-1","max-image-preview":"max-image-preview:large","max-video-preview":"max-video-preview:-1"},"canonical":"https:\/\/riad-albatoul.com\/fr\/a-propos\/","og_locale":"fr_FR","og_type":"article","og_title":"\u00c0 propos | Riad Albatoul Marrakech","og_description":"[vc_row][vc_column][vc_row_inner][vc_column_inner][vc_empty_space][\/vc_column_inner][\/vc_row_inner][vc_row_inner equal_height=&#8221;yes&#8221; content_placement=&#8221;middle&#8221; css=&#8221;.vc_custom_1576943359507{padding-bottom: 50px !important;}&#8221;][vc_column_inner el_class=&#8221;vc_col-lg-push-6&#8243; width=&#8221;1\/2&#8243;][vc_single_image image=&#8221;619&#8243; img_size=&#8221;full&#8221;][\/vc_column_inner][vc_column_inner el_class=&#8221;vc_col-lg-pull-6&#8243; width=&#8221;1\/2&#8243;][vc_column_text]Birgit et Noureddine sont originaires d\u2019Allemagne; tous deux amoureux de Marrakech et ses ambiances festives, ils d\u00e9couvrent en 2015 une grande maison traditionnelle \u00e0 proximit\u00e9 de la place Jemaa el-Fna et \u00e0 quelques rues des principaux Souqs de Marrakech. Sans h\u00e9siter, ils d\u00e9cident de","og_url":"https:\/\/riad-albatoul.com\/fr\/a-propos\/","og_site_name":"Riad Albatoul Marrakech","article_modified_time":"2023-05-03T10:32:18+00:00","twitter_card":"summary_large_image","twitter_misc":{"Dur\u00e9e de lecture estim\u00e9e":"4 minutes"},"schema":{"@context":"https:\/\/schema.org","@graph":[{"@type":"WebPage","@id":"https:\/\/riad-albatoul.com\/fr\/a-propos\/","url":"https:\/\/riad-albatoul.com\/fr\/a-propos\/","name":"\u00c0 propos | Riad Albatoul Marrakech","isPartOf":{"@id":"https:\/\/riad-albatoul.com\/fr\/#website"},"datePublished":"2022-05-21T08:13:55+00:00","dateModified":"2023-05-03T10:32:18+00:00","breadcrumb":{"@id":"https:\/\/riad-albatoul.com\/fr\/a-propos\/#breadcrumb"},"inLanguage":"fr-FR","potentialAction":[{"@type":"ReadAction","target":["https:\/\/riad-albatoul.com\/fr\/a-propos\/"]}]},{"@type":"BreadcrumbList","@id":"https:\/\/riad-albatoul.com\/fr\/a-propos\/#breadcrumb","itemListElement":[{"@type":"ListItem","position":1,"name":"Home","item":"https:\/\/riad-albatoul.com\/fr\/"},{"@type":"ListItem","position":2,"name":"\u00c0 propos"}]},{"@type":"WebSite","@id":"https:\/\/riad-albatoul.com\/fr\/#website","url":"https:\/\/riad-albatoul.com\/fr\/","name":"Riad Albatoul Marrakech","description":"Un Riad traditionnel, \u00e0 quelques minutes de la c\u00e9l\u00e8bre place Jemma al Fnaa.","publisher":{"@id":"https:\/\/riad-albatoul.com\/fr\/#organization"},"potentialAction":[{"@type":"SearchAction","target":{"@type":"EntryPoint","urlTemplate":"https:\/\/riad-albatoul.com\/fr\/?s={search_term_string}"},"query-input":{"@type":"PropertyValueSpecification","valueRequired":true,"valueName":"search_term_string"}}],"inLanguage":"fr-FR"},{"@type":"Organization","@id":"https:\/\/riad-albatoul.com\/fr\/#organization","name":"Riad Albatoul Marrakech","url":"https:\/\/riad-albatoul.com\/fr\/","logo":{"@type":"ImageObject","inLanguage":"fr-FR","@id":"https:\/\/riad-albatoul.com\/fr\/#\/schema\/logo\/image\/","url":"https:\/\/riad-albatoul.com\/fr\/wp-content\/uploads\/sites\/5\/2022\/05\/riad-albatoul-logo.png","contentUrl":"https:\/\/riad-albatoul.com\/fr\/wp-content\/uploads\/sites\/5\/2022\/05\/riad-albatoul-logo.png","width":220,"height":68,"caption":"Riad Albatoul Marrakech"},"image":{"@id":"https:\/\/riad-albatoul.com\/fr\/#\/schema\/logo\/image\/"}}]}},"_links":{"self":[{"href":"https:\/\/riad-albatoul.com\/fr\/wp-json\/wp\/v2\/pages\/85","targetHints":{"allow":["GET"]}}],"collection":[{"href":"https:\/\/riad-albatoul.com\/fr\/wp-json\/wp\/v2\/pages"}],"about":[{"href":"https:\/\/riad-albatoul.com\/fr\/wp-json\/wp\/v2\/types\/page"}],"author":[{"embeddable":true,"href":"https:\/\/riad-albatoul.com\/fr\/wp-json\/wp\/v2\/users\/1"}],"replies":[{"embeddable":true,"href":"https:\/\/riad-albatoul.com\/fr\/wp-json\/wp\/v2\/comments?post=85"}],"version-history":[{"count":4,"href":"https:\/\/riad-albatoul.com\/fr\/wp-json\/wp\/v2\/pages\/85\/revisions"}],"predecessor-version":[{"id":773,"href":"https:\/\/riad-albatoul.com\/fr\/wp-json\/wp\/v2\/pages\/85\/revisions\/773"}],"wp:attachment":[{"href":"https:\/\/riad-albatoul.com\/fr\/wp-json\/wp\/v2\/media?parent=85"}],"curies":[{"name":"wp","href":"https:\/\/api.w.org\/{rel}","templated":true}]}}