{"id":500,"date":"2022-05-22T14:39:05","date_gmt":"2022-05-22T12:39:05","guid":{"rendered":"https:\/\/riad-albatoul.com\/?page_id=500"},"modified":"2022-05-31T13:46:26","modified_gmt":"2022-05-31T11:46:26","slug":"offres-exclusives","status":"publish","type":"page","link":"https:\/\/riad-albatoul.com\/fr\/offres-exclusives\/","title":{"rendered":"Offres Exclusives"},"content":{"rendered":"<section class=\"wpb-content-wrapper\"><p>[vc_row][vc_column][vc_row_inner][vc_column_inner]<h3 class=\"sohohotel-title-20px sohohotel-clearfix sohohotel-title-center\">Meilleur prix garanti en r\u00e9servant en direct sur le site<\/h3>[\/vc_column_inner][\/vc_row_inner][vc_empty_space][vc_row_inner equal_height=&#8221;yes&#8221; content_placement=&#8221;middle&#8221; css=&#8221;.vc_custom_1576943401993{padding-bottom: 50px !important;}&#8221;][vc_column_inner width=&#8221;1\/2&#8243;][vc_single_image image=&#8221;659&#8243; img_size=&#8221;full&#8221;][\/vc_column_inner][vc_column_inner width=&#8221;1\/2&#8243;]<h3 class=\"sohohotel-title-20px sohohotel-clearfix sohohotel-title-center\">Rate for 3-night package: -10%<\/h3>[vc_column_text]For a minimum s\u00e9jour de 3 nuits, \u00e9conomisez 10% sur l&#8217;offre sp\u00e9ciale Internet.<\/p>\n<ul>\n<li>Offre non remboursable<\/li>\n<li>Lit jumeau \/ double pour 2 personnes<\/li>\n<li>Salle de bains spacieuse<\/li>\n<li>Petit d\u00e9jeuner inclus<\/li>\n<li>Wifi gratuit<\/li>\n<li>Room service tous les jours<\/li>\n<li>Note moyenne 85,50 \u20ac<\/li>\n<\/ul>\n<p>[\/vc_column_text]<a href=\"https:\/\/riad-albatoul.com\/bookings\/\" class=\"sohohotel-button1\" style=\"background: #008489;color:#ffffff;margin: 0 auto 0 auto;\">Book this offer<\/a><div class=\"sohohotel-clearboth\"><\/div>[\/vc_column_inner][\/vc_row_inner][vc_row_inner equal_height=&#8221;yes&#8221; content_placement=&#8221;middle&#8221; css=&#8221;.vc_custom_1576943412000{padding-bottom: 50px !important;}&#8221;][vc_column_inner el_class=&#8221;vc_col-lg-push-6&#8243; width=&#8221;1\/2&#8243;][vc_single_image image=&#8221;695&#8243; img_size=&#8221;full&#8221;][\/vc_column_inner][vc_column_inner el_class=&#8221;vc_col-lg-pull-6&#8243; width=&#8221;1\/2&#8243;]<h3 class=\"sohohotel-title-20px sohohotel-clearfix sohohotel-title-left\">Early Booking rate -15%<\/h3>[vc_column_text]Pr\u00e9parez votre s\u00e9jour, r\u00e9servez \u00e0 l&#8217;avance et faites des \u00e9conomies !<br \/>\nB\u00e9n\u00e9ficiez d&#8217;une r\u00e9duction de 15% sur votre chambre pour toute r\u00e9servation effectu\u00e9e 30 jours avant !<\/p>\n<p><strong>Les conditions suivantes s&#8217;appliquent :<\/strong><\/p>\n<ul>\n<li>Le paiement de la totalit\u00e9 du s\u00e9jour doit \u00eatre effectu\u00e9 au moment de la r\u00e9servation.<\/li>\n<li>Les r\u00e9servations au tarif Early Booker ne sont pas remboursables et ne peuvent pas \u00eatre modifi\u00e9es.<\/li>\n<li>Des frais d&#8217;annulation de 100 % du s\u00e9jour total s&#8217;appliquent aux annulations ou aux non-pr\u00e9sentations du Early Book Rate.<\/li>\n<li>Cette offre peut \u00eatre r\u00e9serv\u00e9e sur demande et selon la disponibilit\u00e9.<\/li>\n<\/ul>\n<p>[\/vc_column_text]<a href=\"https:\/\/riad-albatoul.com\/bookings\/\" class=\"sohohotel-button1\" style=\"background: #008489;color:#ffffff;margin: 0 auto 0 auto;\">Book this offer<\/a><div class=\"sohohotel-clearboth\"><\/div>[\/vc_column_inner][\/vc_row_inner][\/vc_column][\/vc_row]<\/p>\n<\/section>","protected":false},"excerpt":{"rendered":"<p>[vc_row][vc_column][vc_row_inner][vc_column_inner][\/vc_column_inner][\/vc_row_inner][vc_empty_space][vc_row_inner equal_height=&#8221;yes&#8221; content_placement=&#8221;middle&#8221; css=&#8221;.vc_custom_1576943401993{padding-bottom: 50px !important;}&#8221;][vc_column_inner width=&#8221;1\/2&#8243;][vc_single_image image=&#8221;659&#8243; img_size=&#8221;full&#8221;][\/vc_column_inner][vc_column_inner width=&#8221;1\/2&#8243;][vc_column_text]For a minimum s\u00e9jour de 3 nuits, \u00e9conomisez 10% sur l&#8217;offre sp\u00e9ciale Internet. Offre non remboursable Lit jumeau \/ double pour 2 personnes Salle de bains spacieuse Petit d\u00e9jeuner inclus Wifi gratuit Room service tous les jours Note moyenne 85,50 \u20ac [\/vc_column_text][\/vc_column_inner][\/vc_row_inner][vc_row_inner equal_height=&#8221;yes&#8221; content_placement=&#8221;middle&#8221; css=&#8221;.vc_custom_1576943412000{padding-bottom: 50px<\/p>\n<a href=\"https:\/\/riad-albatoul.com\/fr\/offres-exclusives\/\" class=\"sohohotel-more-link\">Read More<\/a>","protected":false},"author":1,"featured_media":0,"parent":0,"menu_order":0,"comment_status":"closed","ping_status":"closed","template":"","meta":{"footnotes":""},"class_list":["post-500","page","type-page","status-publish","hentry"],"yoast_head":"<!-- This site is optimized with the Yoast SEO plugin v27.4 - https:\/\/yoast.com\/product\/yoast-seo-wordpress\/ -->\n<title>Offres Exclusives | Riad Albatoul Marrakech<\/title>\n<meta name=\"description\" content=\"Meilleur prix garanti en r\u00e9servant en direct sur le site\" \/>\n<meta name=\"robots\" content=\"index, follow, max-snippet:-1, max-image-preview:large, max-video-preview:-1\" \/>\n<link rel=\"canonical\" href=\"https:\/\/riad-albatoul.com\/fr\/offres-exclusives\/\" \/>\n<meta property=\"og:locale\" content=\"fr_FR\" \/>\n<meta property=\"og:type\" content=\"article\" \/>\n<meta property=\"og:title\" content=\"Offres Exclusives | Riad Albatoul Marrakech\" \/>\n<meta property=\"og:description\" content=\"Meilleur prix garanti en r\u00e9servant en direct sur le site\" \/>\n<meta property=\"og:url\" content=\"https:\/\/riad-albatoul.com\/fr\/offres-exclusives\/\" \/>\n<meta property=\"og:site_name\" content=\"Riad Albatoul Marrakech\" \/>\n<meta property=\"article:modified_time\" content=\"2022-05-31T11:46:26+00:00\" \/>\n<meta name=\"twitter:card\" content=\"summary_large_image\" \/>\n<meta name=\"twitter:label1\" content=\"Dur\u00e9e de lecture estim\u00e9e\" \/>\n\t<meta name=\"twitter:data1\" content=\"2 minutes\" \/>\n<script type=\"application\/ld+json\" class=\"yoast-schema-graph\">{\"@context\":\"https:\\\/\\\/schema.org\",\"@graph\":[{\"@type\":\"WebPage\",\"@id\":\"https:\\\/\\\/riad-albatoul.com\\\/fr\\\/offres-exclusives\\\/\",\"url\":\"https:\\\/\\\/riad-albatoul.com\\\/fr\\\/offres-exclusives\\\/\",\"name\":\"Offres Exclusives | Riad Albatoul Marrakech\",\"isPartOf\":{\"@id\":\"https:\\\/\\\/riad-albatoul.com\\\/fr\\\/#website\"},\"datePublished\":\"2022-05-22T12:39:05+00:00\",\"dateModified\":\"2022-05-31T11:46:26+00:00\",\"description\":\"Meilleur prix garanti en r\u00e9servant en direct sur le site\",\"breadcrumb\":{\"@id\":\"https:\\\/\\\/riad-albatoul.com\\\/fr\\\/offres-exclusives\\\/#breadcrumb\"},\"inLanguage\":\"fr-FR\",\"potentialAction\":[{\"@type\":\"ReadAction\",\"target\":[\"https:\\\/\\\/riad-albatoul.com\\\/fr\\\/offres-exclusives\\\/\"]}]},{\"@type\":\"BreadcrumbList\",\"@id\":\"https:\\\/\\\/riad-albatoul.com\\\/fr\\\/offres-exclusives\\\/#breadcrumb\",\"itemListElement\":[{\"@type\":\"ListItem\",\"position\":1,\"name\":\"Home\",\"item\":\"https:\\\/\\\/riad-albatoul.com\\\/fr\\\/\"},{\"@type\":\"ListItem\",\"position\":2,\"name\":\"Offres Exclusives\"}]},{\"@type\":\"WebSite\",\"@id\":\"https:\\\/\\\/riad-albatoul.com\\\/fr\\\/#website\",\"url\":\"https:\\\/\\\/riad-albatoul.com\\\/fr\\\/\",\"name\":\"Riad Albatoul Marrakech\",\"description\":\"Un Riad traditionnel, \u00e0 quelques minutes de la c\u00e9l\u00e8bre place Jemma al Fnaa.\",\"publisher\":{\"@id\":\"https:\\\/\\\/riad-albatoul.com\\\/fr\\\/#organization\"},\"potentialAction\":[{\"@type\":\"SearchAction\",\"target\":{\"@type\":\"EntryPoint\",\"urlTemplate\":\"https:\\\/\\\/riad-albatoul.com\\\/fr\\\/?s={search_term_string}\"},\"query-input\":{\"@type\":\"PropertyValueSpecification\",\"valueRequired\":true,\"valueName\":\"search_term_string\"}}],\"inLanguage\":\"fr-FR\"},{\"@type\":\"Organization\",\"@id\":\"https:\\\/\\\/riad-albatoul.com\\\/fr\\\/#organization\",\"name\":\"Riad Albatoul Marrakech\",\"url\":\"https:\\\/\\\/riad-albatoul.com\\\/fr\\\/\",\"logo\":{\"@type\":\"ImageObject\",\"inLanguage\":\"fr-FR\",\"@id\":\"https:\\\/\\\/riad-albatoul.com\\\/fr\\\/#\\\/schema\\\/logo\\\/image\\\/\",\"url\":\"https:\\\/\\\/riad-albatoul.com\\\/fr\\\/wp-content\\\/uploads\\\/sites\\\/5\\\/2022\\\/05\\\/riad-albatoul-logo.png\",\"contentUrl\":\"https:\\\/\\\/riad-albatoul.com\\\/fr\\\/wp-content\\\/uploads\\\/sites\\\/5\\\/2022\\\/05\\\/riad-albatoul-logo.png\",\"width\":220,\"height\":68,\"caption\":\"Riad Albatoul Marrakech\"},\"image\":{\"@id\":\"https:\\\/\\\/riad-albatoul.com\\\/fr\\\/#\\\/schema\\\/logo\\\/image\\\/\"}}]}<\/script>\n<!-- \/ Yoast SEO plugin. -->","yoast_head_json":{"title":"Offres Exclusives | Riad Albatoul Marrakech","description":"Meilleur prix garanti en r\u00e9servant en direct sur le site","robots":{"index":"index","follow":"follow","max-snippet":"max-snippet:-1","max-image-preview":"max-image-preview:large","max-video-preview":"max-video-preview:-1"},"canonical":"https:\/\/riad-albatoul.com\/fr\/offres-exclusives\/","og_locale":"fr_FR","og_type":"article","og_title":"Offres Exclusives | Riad Albatoul Marrakech","og_description":"Meilleur prix garanti en r\u00e9servant en direct sur le site","og_url":"https:\/\/riad-albatoul.com\/fr\/offres-exclusives\/","og_site_name":"Riad Albatoul Marrakech","article_modified_time":"2022-05-31T11:46:26+00:00","twitter_card":"summary_large_image","twitter_misc":{"Dur\u00e9e de lecture estim\u00e9e":"2 minutes"},"schema":{"@context":"https:\/\/schema.org","@graph":[{"@type":"WebPage","@id":"https:\/\/riad-albatoul.com\/fr\/offres-exclusives\/","url":"https:\/\/riad-albatoul.com\/fr\/offres-exclusives\/","name":"Offres Exclusives | Riad Albatoul Marrakech","isPartOf":{"@id":"https:\/\/riad-albatoul.com\/fr\/#website"},"datePublished":"2022-05-22T12:39:05+00:00","dateModified":"2022-05-31T11:46:26+00:00","description":"Meilleur prix garanti en r\u00e9servant en direct sur le site","breadcrumb":{"@id":"https:\/\/riad-albatoul.com\/fr\/offres-exclusives\/#breadcrumb"},"inLanguage":"fr-FR","potentialAction":[{"@type":"ReadAction","target":["https:\/\/riad-albatoul.com\/fr\/offres-exclusives\/"]}]},{"@type":"BreadcrumbList","@id":"https:\/\/riad-albatoul.com\/fr\/offres-exclusives\/#breadcrumb","itemListElement":[{"@type":"ListItem","position":1,"name":"Home","item":"https:\/\/riad-albatoul.com\/fr\/"},{"@type":"ListItem","position":2,"name":"Offres Exclusives"}]},{"@type":"WebSite","@id":"https:\/\/riad-albatoul.com\/fr\/#website","url":"https:\/\/riad-albatoul.com\/fr\/","name":"Riad Albatoul Marrakech","description":"Un Riad traditionnel, \u00e0 quelques minutes de la c\u00e9l\u00e8bre place Jemma al Fnaa.","publisher":{"@id":"https:\/\/riad-albatoul.com\/fr\/#organization"},"potentialAction":[{"@type":"SearchAction","target":{"@type":"EntryPoint","urlTemplate":"https:\/\/riad-albatoul.com\/fr\/?s={search_term_string}"},"query-input":{"@type":"PropertyValueSpecification","valueRequired":true,"valueName":"search_term_string"}}],"inLanguage":"fr-FR"},{"@type":"Organization","@id":"https:\/\/riad-albatoul.com\/fr\/#organization","name":"Riad Albatoul Marrakech","url":"https:\/\/riad-albatoul.com\/fr\/","logo":{"@type":"ImageObject","inLanguage":"fr-FR","@id":"https:\/\/riad-albatoul.com\/fr\/#\/schema\/logo\/image\/","url":"https:\/\/riad-albatoul.com\/fr\/wp-content\/uploads\/sites\/5\/2022\/05\/riad-albatoul-logo.png","contentUrl":"https:\/\/riad-albatoul.com\/fr\/wp-content\/uploads\/sites\/5\/2022\/05\/riad-albatoul-logo.png","width":220,"height":68,"caption":"Riad Albatoul Marrakech"},"image":{"@id":"https:\/\/riad-albatoul.com\/fr\/#\/schema\/logo\/image\/"}}]}},"_links":{"self":[{"href":"https:\/\/riad-albatoul.com\/fr\/wp-json\/wp\/v2\/pages\/500","targetHints":{"allow":["GET"]}}],"collection":[{"href":"https:\/\/riad-albatoul.com\/fr\/wp-json\/wp\/v2\/pages"}],"about":[{"href":"https:\/\/riad-albatoul.com\/fr\/wp-json\/wp\/v2\/types\/page"}],"author":[{"embeddable":true,"href":"https:\/\/riad-albatoul.com\/fr\/wp-json\/wp\/v2\/users\/1"}],"replies":[{"embeddable":true,"href":"https:\/\/riad-albatoul.com\/fr\/wp-json\/wp\/v2\/comments?post=500"}],"version-history":[{"count":5,"href":"https:\/\/riad-albatoul.com\/fr\/wp-json\/wp\/v2\/pages\/500\/revisions"}],"predecessor-version":[{"id":711,"href":"https:\/\/riad-albatoul.com\/fr\/wp-json\/wp\/v2\/pages\/500\/revisions\/711"}],"wp:attachment":[{"href":"https:\/\/riad-albatoul.com\/fr\/wp-json\/wp\/v2\/media?parent=500"}],"curies":[{"name":"wp","href":"https:\/\/api.w.org\/{rel}","templated":true}]}}