{"id":406,"date":"2022-05-21T18:47:46","date_gmt":"2022-05-21T16:47:46","guid":{"rendered":"https:\/\/riad-albatoul.com\/?page_id=406"},"modified":"2022-05-25T21:53:47","modified_gmt":"2022-05-25T19:53:47","slug":"transfert-aeroport","status":"publish","type":"page","link":"https:\/\/riad-albatoul.com\/fr\/transfert-aeroport\/","title":{"rendered":"Transfert a\u00e9roport"},"content":{"rendered":"<section class=\"wpb-content-wrapper\"><p>[vc_row][vc_column]<h3 class=\"sohohotel-title-20px sohohotel-clearfix sohohotel-title-center\">Nous vous recommandons d'utiliser le service de transport du riad avec des tarifs fixes garantis.<\/h3>[\/vc_column][\/vc_row][vc_row][vc_column]\n<div class=\"wpcf7 no-js\" id=\"wpcf7-f410-o1\" lang=\"en-US\" dir=\"ltr\" data-wpcf7-id=\"410\">\n<div class=\"screen-reader-response\"><p role=\"status\" aria-live=\"polite\" aria-atomic=\"true\"><\/p> <ul><\/ul><\/div>\n<form action=\"\/fr\/wp-json\/wp\/v2\/pages\/406#wpcf7-f410-o1\" method=\"post\" class=\"wpcf7-form init\" aria-label=\"Contact form\" novalidate=\"novalidate\" data-status=\"init\">\n<fieldset class=\"hidden-fields-container\"><input type=\"hidden\" name=\"_wpcf7\" value=\"410\" \/><input type=\"hidden\" name=\"_wpcf7_version\" value=\"6.1.2\" \/><input type=\"hidden\" name=\"_wpcf7_locale\" value=\"en_US\" \/><input type=\"hidden\" name=\"_wpcf7_unit_tag\" value=\"wpcf7-f410-o1\" \/><input type=\"hidden\" name=\"_wpcf7_container_post\" value=\"0\" \/><input type=\"hidden\" name=\"_wpcf7_posted_data_hash\" value=\"\" \/>\n<\/fieldset>\n<div class=\"shb-clearfix\">\n\t<div class=\"shb-one-half\">\n\t\t<p><label>Nom <span>*<\/span><\/label><span class=\"wpcf7-form-control-wrap\" data-name=\"your-name\"><input size=\"40\" maxlength=\"400\" class=\"wpcf7-form-control wpcf7-text wpcf7-validates-as-required\" aria-required=\"true\" aria-invalid=\"false\" value=\"\" type=\"text\" name=\"your-name\" \/><\/span>\n\t\t<\/p>\n\t<\/div>\n\t<div class=\"shb-one-half\">\n\t\t<p><label>Nombre de personnes <span>*<\/span><\/label>\n\t\t<\/p>\n\t\t<div class=\"sohohotel-select-wrapper\">\n\t\t\t<p><span class=\"wpcf7-form-control-wrap\" data-name=\"number-of-guests\"><select class=\"wpcf7-form-control wpcf7-select\" aria-invalid=\"false\" name=\"number-of-guests\"><option value=\"1\">1<\/option><option value=\"2\">2<\/option><option value=\"3\">3<\/option><option value=\"4\">4<\/option><option value=\"5\">5<\/option><option value=\"6\">6<\/option><option value=\"7\">7<\/option><option value=\"8\">8<\/option><option value=\"9\">9<\/option><option value=\"10\">10<\/option><\/select><\/span><i class=\"fas fa-chevron-down\"><\/i>\n\t\t\t<\/p>\n\t\t<\/div>\n\t<\/div>\n<\/div>\n<div class=\"shb-clearfix\">\n\t<div class=\"shb-one-half\">\n\t\t<p><label>Date <span>*<\/span><\/label><span class=\"wpcf7-form-control-wrap\" data-name=\"date-transfert\"><input class=\"wpcf7-form-control wpcf7-date wpcf7-validates-as-date\" aria-invalid=\"false\" value=\"\" type=\"date\" name=\"date-transfert\" \/><\/span>\n\t\t<\/p>\n\t<\/div>\n\t<div class=\"shb-one-half\">\n\t\t<p><label>Num\u00e9ro du vol <span>*<\/span><\/label><span class=\"wpcf7-form-control-wrap\" data-name=\"flight-number\"><input size=\"40\" maxlength=\"400\" class=\"wpcf7-form-control wpcf7-text wpcf7-validates-as-required\" aria-required=\"true\" aria-invalid=\"false\" value=\"\" type=\"text\" name=\"flight-number\" \/><\/span>\n\t\t<\/p>\n\t<\/div>\n<\/div>\n<div class=\"shb-clearfix\">\n\t<div class=\"shb-one-half\">\n\t\t<p><label>Ville de d\u00e9part <span>*<\/span><\/label><span class=\"wpcf7-form-control-wrap\" data-name=\"departure-city\"><input size=\"40\" maxlength=\"400\" class=\"wpcf7-form-control wpcf7-text wpcf7-validates-as-required\" aria-required=\"true\" aria-invalid=\"false\" value=\"\" type=\"text\" name=\"departure-city\" \/><\/span>\n\t\t<\/p>\n\t<\/div>\n\t<div class=\"shb-one-half\">\n\t\t<p><label>Adresse courriel<span>*<\/span><\/label><span class=\"wpcf7-form-control-wrap\" data-name=\"your-email\"><input size=\"40\" maxlength=\"400\" class=\"wpcf7-form-control wpcf7-email wpcf7-validates-as-required wpcf7-text wpcf7-validates-as-email\" aria-required=\"true\" aria-invalid=\"false\" value=\"\" type=\"email\" name=\"your-email\" \/><\/span>\n\t\t<\/p>\n\t<\/div>\n<\/div>\n<p><label>Remarques<\/label><span class=\"wpcf7-form-control-wrap\" data-name=\"special-requirements\"><textarea cols=\"40\" rows=\"10\" maxlength=\"2000\" class=\"wpcf7-form-control wpcf7-textarea shb-booking-form-special-req\" aria-invalid=\"false\" name=\"special-requirements\"><\/textarea><\/span><input class=\"wpcf7-form-control wpcf7-submit has-spinner\" type=\"submit\" value=\"Valider\" \/>\n<\/p><div class=\"wpcf7-response-output\" aria-hidden=\"true\"><\/div>\n<\/form>\n<\/div>\n\r\n\t\t\t\t<script>\r\n\t\t\t\tif ( typeof huOptions !== 'undefined' ) {\r\n\t\t\t\t\tvar huFormData = {\"source\":\"contactform7\",\"id\":410,\"title\":\"Airport Transfers\",\"fields\":{\"subject\":{\"first_name\":\"your-name\",\"email\":\"your-email\"},\"preferences\":{\"terms\":\"your-consent\"}}};\r\n\t\t\t\t\tvar huFormNode = document.querySelector( '[id^=\"wpcf7-f410-\"] form' );\r\n\r\n\t\t\t\t\thuFormData['node'] = huFormNode;\r\n\t\t\t\t\thuOptions['forms'].push( huFormData );\r\n\t\t\t\t}\r\n\t\t\t\t<\/script>[\/vc_column][\/vc_row]<\/p>\n<\/section>","protected":false},"excerpt":{"rendered":"<p>[vc_row][vc_column][\/vc_column][\/vc_row][vc_row][vc_column][\/vc_column][\/vc_row]<\/p>\n<a href=\"https:\/\/riad-albatoul.com\/fr\/transfert-aeroport\/\" class=\"sohohotel-more-link\">Read More<\/a>","protected":false},"author":1,"featured_media":0,"parent":0,"menu_order":0,"comment_status":"closed","ping_status":"closed","template":"","meta":{"footnotes":""},"class_list":["post-406","page","type-page","status-publish","hentry"],"yoast_head":"<!-- This site is optimized with the Yoast SEO plugin v22.0 - https:\/\/yoast.com\/wordpress\/plugins\/seo\/ -->\n<title>Transfert a\u00e9roport | Riad Albatoul Marrakech<\/title>\n<meta name=\"robots\" content=\"index, follow, max-snippet:-1, max-image-preview:large, max-video-preview:-1\" \/>\n<link rel=\"canonical\" href=\"https:\/\/riad-albatoul.com\/fr\/transfert-aeroport\/\" \/>\n<meta property=\"og:locale\" content=\"fr_FR\" \/>\n<meta property=\"og:type\" content=\"article\" \/>\n<meta property=\"og:title\" content=\"Transfert a\u00e9roport | Riad Albatoul Marrakech\" \/>\n<meta property=\"og:description\" content=\"[vc_row][vc_column][\/vc_column][\/vc_row][vc_row][vc_column][\/vc_column][\/vc_row]\" \/>\n<meta property=\"og:url\" content=\"https:\/\/riad-albatoul.com\/fr\/transfert-aeroport\/\" \/>\n<meta property=\"og:site_name\" content=\"Riad Albatoul Marrakech\" \/>\n<meta property=\"article:modified_time\" content=\"2022-05-25T19:53:47+00:00\" \/>\n<meta name=\"twitter:card\" content=\"summary_large_image\" \/>\n<script type=\"application\/ld+json\" class=\"yoast-schema-graph\">{\"@context\":\"https:\/\/schema.org\",\"@graph\":[{\"@type\":\"WebPage\",\"@id\":\"https:\/\/riad-albatoul.com\/fr\/transfert-aeroport\/\",\"url\":\"https:\/\/riad-albatoul.com\/fr\/transfert-aeroport\/\",\"name\":\"Transfert a\u00e9roport | Riad Albatoul Marrakech\",\"isPartOf\":{\"@id\":\"https:\/\/riad-albatoul.com\/fr\/#website\"},\"datePublished\":\"2022-05-21T16:47:46+00:00\",\"dateModified\":\"2022-05-25T19:53:47+00:00\",\"breadcrumb\":{\"@id\":\"https:\/\/riad-albatoul.com\/fr\/transfert-aeroport\/#breadcrumb\"},\"inLanguage\":\"fr-FR\",\"potentialAction\":[{\"@type\":\"ReadAction\",\"target\":[\"https:\/\/riad-albatoul.com\/fr\/transfert-aeroport\/\"]}]},{\"@type\":\"BreadcrumbList\",\"@id\":\"https:\/\/riad-albatoul.com\/fr\/transfert-aeroport\/#breadcrumb\",\"itemListElement\":[{\"@type\":\"ListItem\",\"position\":1,\"name\":\"Home\",\"item\":\"https:\/\/riad-albatoul.com\/fr\/\"},{\"@type\":\"ListItem\",\"position\":2,\"name\":\"Transfert a\u00e9roport\"}]},{\"@type\":\"WebSite\",\"@id\":\"https:\/\/riad-albatoul.com\/fr\/#website\",\"url\":\"https:\/\/riad-albatoul.com\/fr\/\",\"name\":\"Riad Albatoul Marrakech\",\"description\":\"Un Riad traditionnel, \u00e0 quelques minutes de la c\u00e9l\u00e8bre place Jemma al Fnaa.\",\"publisher\":{\"@id\":\"https:\/\/riad-albatoul.com\/fr\/#organization\"},\"potentialAction\":[{\"@type\":\"SearchAction\",\"target\":{\"@type\":\"EntryPoint\",\"urlTemplate\":\"https:\/\/riad-albatoul.com\/fr\/?s={search_term_string}\"},\"query-input\":\"required name=search_term_string\"}],\"inLanguage\":\"fr-FR\"},{\"@type\":\"Organization\",\"@id\":\"https:\/\/riad-albatoul.com\/fr\/#organization\",\"name\":\"Riad Albatoul Marrakech\",\"url\":\"https:\/\/riad-albatoul.com\/fr\/\",\"logo\":{\"@type\":\"ImageObject\",\"inLanguage\":\"fr-FR\",\"@id\":\"https:\/\/riad-albatoul.com\/fr\/#\/schema\/logo\/image\/\",\"url\":\"https:\/\/riad-albatoul.com\/fr\/wp-content\/uploads\/sites\/5\/2022\/05\/riad-albatoul-logo.png\",\"contentUrl\":\"https:\/\/riad-albatoul.com\/fr\/wp-content\/uploads\/sites\/5\/2022\/05\/riad-albatoul-logo.png\",\"width\":220,\"height\":68,\"caption\":\"Riad Albatoul Marrakech\"},\"image\":{\"@id\":\"https:\/\/riad-albatoul.com\/fr\/#\/schema\/logo\/image\/\"}}]}<\/script>\n<!-- \/ Yoast SEO plugin. -->","yoast_head_json":{"title":"Transfert a\u00e9roport | Riad Albatoul Marrakech","robots":{"index":"index","follow":"follow","max-snippet":"max-snippet:-1","max-image-preview":"max-image-preview:large","max-video-preview":"max-video-preview:-1"},"canonical":"https:\/\/riad-albatoul.com\/fr\/transfert-aeroport\/","og_locale":"fr_FR","og_type":"article","og_title":"Transfert a\u00e9roport | Riad Albatoul Marrakech","og_description":"[vc_row][vc_column][\/vc_column][\/vc_row][vc_row][vc_column][\/vc_column][\/vc_row]","og_url":"https:\/\/riad-albatoul.com\/fr\/transfert-aeroport\/","og_site_name":"Riad Albatoul Marrakech","article_modified_time":"2022-05-25T19:53:47+00:00","twitter_card":"summary_large_image","schema":{"@context":"https:\/\/schema.org","@graph":[{"@type":"WebPage","@id":"https:\/\/riad-albatoul.com\/fr\/transfert-aeroport\/","url":"https:\/\/riad-albatoul.com\/fr\/transfert-aeroport\/","name":"Transfert a\u00e9roport | Riad Albatoul Marrakech","isPartOf":{"@id":"https:\/\/riad-albatoul.com\/fr\/#website"},"datePublished":"2022-05-21T16:47:46+00:00","dateModified":"2022-05-25T19:53:47+00:00","breadcrumb":{"@id":"https:\/\/riad-albatoul.com\/fr\/transfert-aeroport\/#breadcrumb"},"inLanguage":"fr-FR","potentialAction":[{"@type":"ReadAction","target":["https:\/\/riad-albatoul.com\/fr\/transfert-aeroport\/"]}]},{"@type":"BreadcrumbList","@id":"https:\/\/riad-albatoul.com\/fr\/transfert-aeroport\/#breadcrumb","itemListElement":[{"@type":"ListItem","position":1,"name":"Home","item":"https:\/\/riad-albatoul.com\/fr\/"},{"@type":"ListItem","position":2,"name":"Transfert a\u00e9roport"}]},{"@type":"WebSite","@id":"https:\/\/riad-albatoul.com\/fr\/#website","url":"https:\/\/riad-albatoul.com\/fr\/","name":"Riad Albatoul Marrakech","description":"Un Riad traditionnel, \u00e0 quelques minutes de la c\u00e9l\u00e8bre place Jemma al Fnaa.","publisher":{"@id":"https:\/\/riad-albatoul.com\/fr\/#organization"},"potentialAction":[{"@type":"SearchAction","target":{"@type":"EntryPoint","urlTemplate":"https:\/\/riad-albatoul.com\/fr\/?s={search_term_string}"},"query-input":"required name=search_term_string"}],"inLanguage":"fr-FR"},{"@type":"Organization","@id":"https:\/\/riad-albatoul.com\/fr\/#organization","name":"Riad Albatoul Marrakech","url":"https:\/\/riad-albatoul.com\/fr\/","logo":{"@type":"ImageObject","inLanguage":"fr-FR","@id":"https:\/\/riad-albatoul.com\/fr\/#\/schema\/logo\/image\/","url":"https:\/\/riad-albatoul.com\/fr\/wp-content\/uploads\/sites\/5\/2022\/05\/riad-albatoul-logo.png","contentUrl":"https:\/\/riad-albatoul.com\/fr\/wp-content\/uploads\/sites\/5\/2022\/05\/riad-albatoul-logo.png","width":220,"height":68,"caption":"Riad Albatoul Marrakech"},"image":{"@id":"https:\/\/riad-albatoul.com\/fr\/#\/schema\/logo\/image\/"}}]}},"_links":{"self":[{"href":"https:\/\/riad-albatoul.com\/fr\/wp-json\/wp\/v2\/pages\/406","targetHints":{"allow":["GET"]}}],"collection":[{"href":"https:\/\/riad-albatoul.com\/fr\/wp-json\/wp\/v2\/pages"}],"about":[{"href":"https:\/\/riad-albatoul.com\/fr\/wp-json\/wp\/v2\/types\/page"}],"author":[{"embeddable":true,"href":"https:\/\/riad-albatoul.com\/fr\/wp-json\/wp\/v2\/users\/1"}],"replies":[{"embeddable":true,"href":"https:\/\/riad-albatoul.com\/fr\/wp-json\/wp\/v2\/comments?post=406"}],"version-history":[{"count":3,"href":"https:\/\/riad-albatoul.com\/fr\/wp-json\/wp\/v2\/pages\/406\/revisions"}],"predecessor-version":[{"id":667,"href":"https:\/\/riad-albatoul.com\/fr\/wp-json\/wp\/v2\/pages\/406\/revisions\/667"}],"wp:attachment":[{"href":"https:\/\/riad-albatoul.com\/fr\/wp-json\/wp\/v2\/media?parent=406"}],"curies":[{"name":"wp","href":"https:\/\/api.w.org\/{rel}","templated":true}]}}