{"id":393,"date":"2022-05-21T18:30:18","date_gmt":"2022-05-21T18:30:18","guid":{"rendered":"https:\/\/riad-albatoul.com\/?page_id=393"},"modified":"2025-05-06T19:26:39","modified_gmt":"2025-05-06T17:26:39","slug":"services","status":"publish","type":"page","link":"https:\/\/riad-albatoul.com\/fr\/services\/","title":{"rendered":"Services"},"content":{"rendered":"<section class=\"wpb-content-wrapper\"><p>[vc_row][vc_column][vc_row_inner][vc_column_inner]<h3 class=\"sohohotel-title-28px sohohotel-clearfix sohohotel-title-center\">Services et \u00e9quipements<\/h3><h3 class=\"sohohotel-title-20px sohohotel-clearfix sohohotel-title-center\">Riad Albatoul offre une gamme compl\u00e8te de services et d\u2019\u00e9quipements pour votre confort et votre plaisir.<\/h3>[\/vc_column_inner][\/vc_row_inner][vc_row_inner][vc_column_inner width=&#8221;1\/3&#8243;][vc_single_image image=&#8221;627&#8243; img_size=&#8221;full&#8221;]<h3 class=\"sohohotel-title-20px sohohotel-clearfix sohohotel-title-center\">Patio et Piscine<\/h3>[vc_column_text]Prenez un verre rafraichissant au bord de la piscine et savourez le bon temps.[\/vc_column_text][\/vc_column_inner][vc_column_inner width=&#8221;1\/3&#8243;][vc_single_image image=&#8221;628&#8243; img_size=&#8221;full&#8221;]<h3 class=\"sohohotel-title-20px sohohotel-clearfix sohohotel-title-center\">Terrasse<\/h3>[vc_column_text]Voici un lieu particuli\u00e8rement spacieux qui vous offre un moment de tranquillit\u00e9, loin de l&#8217;agitation de la m\u00e9dina et de ses souks, vous invitant ainsi \u00e0 admirer la beaut\u00e9 d\u2019un ciel bleu azur de Marrakech. Cela ne vous emp\u00eache pas de profiter d&#8217;un hammam ou d\u2019un massage tout pr\u00e8s du spa. Laissez-vous bercer par le murmure des eaux de la fontaine et prenez place autour de l\u2019espace de d\u00e9tente pour contempler, en bonne compagnie, les merveilles d\u2019une soir\u00e9e au Riad Albatoul.[\/vc_column_text][\/vc_column_inner][vc_column_inner width=&#8221;1\/3&#8243;][vc_single_image image=&#8221;629&#8243; img_size=&#8221;full&#8221;]<h3 class=\"sohohotel-title-20px sohohotel-clearfix sohohotel-title-center\">Hammam, spa et soins<\/h3>[vc_column_text]Le hammam est dot\u00e9 d\u2019un d\u00f4me traditionnel en accord avec l\u2019architecture orientale; des s\u00e9ances de massages sont acquises sur votre demande ; nous vous invitons \u00e0 r\u00e9server cette prestation en avance et nous souhaitons la bienvenue.[\/vc_column_text][\/vc_column_inner][\/vc_row_inner][\/vc_column][\/vc_row][vc_row][vc_column][vc_empty_space][vc_row_inner][vc_column_inner width=&#8221;1\/3&#8243;][vc_single_image image=&#8221;630&#8243; img_size=&#8221;full&#8221;]<h3 class=\"sohohotel-title-20px sohohotel-clearfix sohohotel-title-center\">Restaurant<\/h3>[vc_column_text]Note cuisine utilise des produits frais venus directement du march\u00e9 ; nous sommes en mesure de r\u00e9pondre \u00e0 toutes vos demandes : repas d\u00e9licieux et collations \u00e0 la demande. Notre menu est \u00e9galement bien garni et vous aide \u00e0 choisir les repas qui vous conviennent. D\u00e8s votre arriv\u00e9e votre repas est enregistr\u00e9 en m\u00eame temps que votre r\u00e9servation.[\/vc_column_text][\/vc_column_inner][vc_column_inner width=&#8221;1\/3&#8243;][vc_single_image image=&#8221;631&#8243; img_size=&#8221;full&#8221;]<h3 class=\"sohohotel-title-20px sohohotel-clearfix sohohotel-title-center\">Salon et chemin\u00e9e<\/h3>[vc_column_text]Un salon tout confort pour vous assurer le bien-\u00eatre et la convivialit\u00e9. D\u00e9tendez-vous et donnez libre cours \u00e0 votre imagination: tant de choses autour de vous m\u00e9ritent la contemplation. Notre salon est minutieusement d\u00e9cor\u00e9 par des artistes locaux ayant \u00e0 c\u0153ur d\u2019impressionner le visiteur. En soir\u00e9e, quand l\u2019hiver est l\u00e0, nous allumons la chemin\u00e9e et nous \u00e9voquons les bons souvenirs.[\/vc_column_text][\/vc_column_inner][vc_column_inner width=&#8221;1\/3&#8243;][vc_single_image image=&#8221;632&#8243; img_size=&#8221;full&#8221;]<h3 class=\"sohohotel-title-20px sohohotel-clearfix sohohotel-title-center\">Transferts d'a\u00e9roport<\/h3>[vc_column_text]Nous vous invitons \u00e0 coordonner votre d\u00e9placement de l\u2019a\u00e9roport avec votre r\u00e9servation. On vous orientera facilement et sans souci chez nous : au Riad Albatoul.[\/vc_column_text]<a href=\"https:\/\/riad-albatoul.com\/fr\/transfert-aeroport\/\" class=\"sohohotel-button1\" style=\"background: ;color:;margin: 0;\">Veuillez nous communiquer les d\u00e9tails de votre vol<\/a><div class=\"sohohotel-clearboth\"><\/div>[\/vc_column_inner][\/vc_row_inner][\/vc_column][\/vc_row][vc_row][vc_column][vc_empty_space][\/vc_column][\/vc_row]<\/p>\n<\/section>","protected":false},"excerpt":{"rendered":"<p>[vc_row][vc_column][vc_row_inner][vc_column_inner][\/vc_column_inner][\/vc_row_inner][vc_row_inner][vc_column_inner width=&#8221;1\/3&#8243;][vc_single_image image=&#8221;627&#8243; img_size=&#8221;full&#8221;][vc_column_text]Prenez un verre rafraichissant au bord de la piscine et savourez le bon temps.[\/vc_column_text][\/vc_column_inner][vc_column_inner width=&#8221;1\/3&#8243;][vc_single_image image=&#8221;628&#8243; img_size=&#8221;full&#8221;][vc_column_text]Voici un lieu particuli\u00e8rement spacieux qui vous offre un moment de tranquillit\u00e9, loin de l&#8217;agitation de la m\u00e9dina et de ses souks, vous invitant ainsi \u00e0 admirer la beaut\u00e9 d\u2019un ciel bleu azur de Marrakech. Cela<\/p>\n<a href=\"https:\/\/riad-albatoul.com\/fr\/services\/\" class=\"sohohotel-more-link\">Read More<\/a>","protected":false},"author":1,"featured_media":0,"parent":0,"menu_order":0,"comment_status":"closed","ping_status":"closed","template":"","meta":{"footnotes":""},"class_list":["post-393","page","type-page","status-publish","hentry"],"yoast_head":"<!-- This site is optimized with the Yoast SEO plugin v27.4 - https:\/\/yoast.com\/product\/yoast-seo-wordpress\/ -->\n<title>Services | Riad Albatoul Marrakech<\/title>\n<meta name=\"robots\" content=\"index, follow, max-snippet:-1, max-image-preview:large, max-video-preview:-1\" \/>\n<link rel=\"canonical\" href=\"https:\/\/riad-albatoul.com\/fr\/services\/\" \/>\n<meta property=\"og:locale\" content=\"fr_FR\" \/>\n<meta property=\"og:type\" content=\"article\" \/>\n<meta property=\"og:title\" content=\"Services | Riad Albatoul Marrakech\" \/>\n<meta property=\"og:description\" content=\"[vc_row][vc_column][vc_row_inner][vc_column_inner][\/vc_column_inner][\/vc_row_inner][vc_row_inner][vc_column_inner width=&#8221;1\/3&#8243;][vc_single_image image=&#8221;627&#8243; img_size=&#8221;full&#8221;][vc_column_text]Prenez un verre rafraichissant au bord de la piscine et savourez le bon temps.[\/vc_column_text][\/vc_column_inner][vc_column_inner width=&#8221;1\/3&#8243;][vc_single_image image=&#8221;628&#8243; img_size=&#8221;full&#8221;][vc_column_text]Voici un lieu particuli\u00e8rement spacieux qui vous offre un moment de tranquillit\u00e9, loin de l&#8217;agitation de la m\u00e9dina et de ses souks, vous invitant ainsi \u00e0 admirer la beaut\u00e9 d\u2019un ciel bleu azur de Marrakech. Cela\" \/>\n<meta property=\"og:url\" content=\"https:\/\/riad-albatoul.com\/fr\/services\/\" \/>\n<meta property=\"og:site_name\" content=\"Riad Albatoul Marrakech\" \/>\n<meta property=\"article:modified_time\" content=\"2025-05-06T17:26:39+00:00\" \/>\n<meta name=\"twitter:card\" content=\"summary_large_image\" \/>\n<meta name=\"twitter:label1\" content=\"Dur\u00e9e de lecture estim\u00e9e\" \/>\n\t<meta name=\"twitter:data1\" content=\"3 minutes\" \/>\n<script type=\"application\/ld+json\" class=\"yoast-schema-graph\">{\"@context\":\"https:\\\/\\\/schema.org\",\"@graph\":[{\"@type\":\"WebPage\",\"@id\":\"https:\\\/\\\/riad-albatoul.com\\\/fr\\\/services\\\/\",\"url\":\"https:\\\/\\\/riad-albatoul.com\\\/fr\\\/services\\\/\",\"name\":\"Services | Riad Albatoul Marrakech\",\"isPartOf\":{\"@id\":\"https:\\\/\\\/riad-albatoul.com\\\/fr\\\/#website\"},\"datePublished\":\"2022-05-21T18:30:18+00:00\",\"dateModified\":\"2025-05-06T17:26:39+00:00\",\"breadcrumb\":{\"@id\":\"https:\\\/\\\/riad-albatoul.com\\\/fr\\\/services\\\/#breadcrumb\"},\"inLanguage\":\"fr-FR\",\"potentialAction\":[{\"@type\":\"ReadAction\",\"target\":[\"https:\\\/\\\/riad-albatoul.com\\\/fr\\\/services\\\/\"]}]},{\"@type\":\"BreadcrumbList\",\"@id\":\"https:\\\/\\\/riad-albatoul.com\\\/fr\\\/services\\\/#breadcrumb\",\"itemListElement\":[{\"@type\":\"ListItem\",\"position\":1,\"name\":\"Home\",\"item\":\"https:\\\/\\\/riad-albatoul.com\\\/fr\\\/\"},{\"@type\":\"ListItem\",\"position\":2,\"name\":\"Services\"}]},{\"@type\":\"WebSite\",\"@id\":\"https:\\\/\\\/riad-albatoul.com\\\/fr\\\/#website\",\"url\":\"https:\\\/\\\/riad-albatoul.com\\\/fr\\\/\",\"name\":\"Riad Albatoul Marrakech\",\"description\":\"Un Riad traditionnel, \u00e0 quelques minutes de la c\u00e9l\u00e8bre place Jemma al Fnaa.\",\"publisher\":{\"@id\":\"https:\\\/\\\/riad-albatoul.com\\\/fr\\\/#organization\"},\"potentialAction\":[{\"@type\":\"SearchAction\",\"target\":{\"@type\":\"EntryPoint\",\"urlTemplate\":\"https:\\\/\\\/riad-albatoul.com\\\/fr\\\/?s={search_term_string}\"},\"query-input\":{\"@type\":\"PropertyValueSpecification\",\"valueRequired\":true,\"valueName\":\"search_term_string\"}}],\"inLanguage\":\"fr-FR\"},{\"@type\":\"Organization\",\"@id\":\"https:\\\/\\\/riad-albatoul.com\\\/fr\\\/#organization\",\"name\":\"Riad Albatoul Marrakech\",\"url\":\"https:\\\/\\\/riad-albatoul.com\\\/fr\\\/\",\"logo\":{\"@type\":\"ImageObject\",\"inLanguage\":\"fr-FR\",\"@id\":\"https:\\\/\\\/riad-albatoul.com\\\/fr\\\/#\\\/schema\\\/logo\\\/image\\\/\",\"url\":\"https:\\\/\\\/riad-albatoul.com\\\/fr\\\/wp-content\\\/uploads\\\/sites\\\/5\\\/2022\\\/05\\\/riad-albatoul-logo.png\",\"contentUrl\":\"https:\\\/\\\/riad-albatoul.com\\\/fr\\\/wp-content\\\/uploads\\\/sites\\\/5\\\/2022\\\/05\\\/riad-albatoul-logo.png\",\"width\":220,\"height\":68,\"caption\":\"Riad Albatoul Marrakech\"},\"image\":{\"@id\":\"https:\\\/\\\/riad-albatoul.com\\\/fr\\\/#\\\/schema\\\/logo\\\/image\\\/\"}}]}<\/script>\n<!-- \/ Yoast SEO plugin. -->","yoast_head_json":{"title":"Services | Riad Albatoul Marrakech","robots":{"index":"index","follow":"follow","max-snippet":"max-snippet:-1","max-image-preview":"max-image-preview:large","max-video-preview":"max-video-preview:-1"},"canonical":"https:\/\/riad-albatoul.com\/fr\/services\/","og_locale":"fr_FR","og_type":"article","og_title":"Services | Riad Albatoul Marrakech","og_description":"[vc_row][vc_column][vc_row_inner][vc_column_inner][\/vc_column_inner][\/vc_row_inner][vc_row_inner][vc_column_inner width=&#8221;1\/3&#8243;][vc_single_image image=&#8221;627&#8243; img_size=&#8221;full&#8221;][vc_column_text]Prenez un verre rafraichissant au bord de la piscine et savourez le bon temps.[\/vc_column_text][\/vc_column_inner][vc_column_inner width=&#8221;1\/3&#8243;][vc_single_image image=&#8221;628&#8243; img_size=&#8221;full&#8221;][vc_column_text]Voici un lieu particuli\u00e8rement spacieux qui vous offre un moment de tranquillit\u00e9, loin de l&#8217;agitation de la m\u00e9dina et de ses souks, vous invitant ainsi \u00e0 admirer la beaut\u00e9 d\u2019un ciel bleu azur de Marrakech. Cela","og_url":"https:\/\/riad-albatoul.com\/fr\/services\/","og_site_name":"Riad Albatoul Marrakech","article_modified_time":"2025-05-06T17:26:39+00:00","twitter_card":"summary_large_image","twitter_misc":{"Dur\u00e9e de lecture estim\u00e9e":"3 minutes"},"schema":{"@context":"https:\/\/schema.org","@graph":[{"@type":"WebPage","@id":"https:\/\/riad-albatoul.com\/fr\/services\/","url":"https:\/\/riad-albatoul.com\/fr\/services\/","name":"Services | Riad Albatoul Marrakech","isPartOf":{"@id":"https:\/\/riad-albatoul.com\/fr\/#website"},"datePublished":"2022-05-21T18:30:18+00:00","dateModified":"2025-05-06T17:26:39+00:00","breadcrumb":{"@id":"https:\/\/riad-albatoul.com\/fr\/services\/#breadcrumb"},"inLanguage":"fr-FR","potentialAction":[{"@type":"ReadAction","target":["https:\/\/riad-albatoul.com\/fr\/services\/"]}]},{"@type":"BreadcrumbList","@id":"https:\/\/riad-albatoul.com\/fr\/services\/#breadcrumb","itemListElement":[{"@type":"ListItem","position":1,"name":"Home","item":"https:\/\/riad-albatoul.com\/fr\/"},{"@type":"ListItem","position":2,"name":"Services"}]},{"@type":"WebSite","@id":"https:\/\/riad-albatoul.com\/fr\/#website","url":"https:\/\/riad-albatoul.com\/fr\/","name":"Riad Albatoul Marrakech","description":"Un Riad traditionnel, \u00e0 quelques minutes de la c\u00e9l\u00e8bre place Jemma al Fnaa.","publisher":{"@id":"https:\/\/riad-albatoul.com\/fr\/#organization"},"potentialAction":[{"@type":"SearchAction","target":{"@type":"EntryPoint","urlTemplate":"https:\/\/riad-albatoul.com\/fr\/?s={search_term_string}"},"query-input":{"@type":"PropertyValueSpecification","valueRequired":true,"valueName":"search_term_string"}}],"inLanguage":"fr-FR"},{"@type":"Organization","@id":"https:\/\/riad-albatoul.com\/fr\/#organization","name":"Riad Albatoul Marrakech","url":"https:\/\/riad-albatoul.com\/fr\/","logo":{"@type":"ImageObject","inLanguage":"fr-FR","@id":"https:\/\/riad-albatoul.com\/fr\/#\/schema\/logo\/image\/","url":"https:\/\/riad-albatoul.com\/fr\/wp-content\/uploads\/sites\/5\/2022\/05\/riad-albatoul-logo.png","contentUrl":"https:\/\/riad-albatoul.com\/fr\/wp-content\/uploads\/sites\/5\/2022\/05\/riad-albatoul-logo.png","width":220,"height":68,"caption":"Riad Albatoul Marrakech"},"image":{"@id":"https:\/\/riad-albatoul.com\/fr\/#\/schema\/logo\/image\/"}}]}},"_links":{"self":[{"href":"https:\/\/riad-albatoul.com\/fr\/wp-json\/wp\/v2\/pages\/393","targetHints":{"allow":["GET"]}}],"collection":[{"href":"https:\/\/riad-albatoul.com\/fr\/wp-json\/wp\/v2\/pages"}],"about":[{"href":"https:\/\/riad-albatoul.com\/fr\/wp-json\/wp\/v2\/types\/page"}],"author":[{"embeddable":true,"href":"https:\/\/riad-albatoul.com\/fr\/wp-json\/wp\/v2\/users\/1"}],"replies":[{"embeddable":true,"href":"https:\/\/riad-albatoul.com\/fr\/wp-json\/wp\/v2\/comments?post=393"}],"version-history":[{"count":4,"href":"https:\/\/riad-albatoul.com\/fr\/wp-json\/wp\/v2\/pages\/393\/revisions"}],"predecessor-version":[{"id":809,"href":"https:\/\/riad-albatoul.com\/fr\/wp-json\/wp\/v2\/pages\/393\/revisions\/809"}],"wp:attachment":[{"href":"https:\/\/riad-albatoul.com\/fr\/wp-json\/wp\/v2\/media?parent=393"}],"curies":[{"name":"wp","href":"https:\/\/api.w.org\/{rel}","templated":true}]}}