{"id":355,"date":"2022-05-21T17:49:48","date_gmt":"2022-05-21T15:49:48","guid":{"rendered":"https:\/\/riad-albatoul.com\/?page_id=355"},"modified":"2024-05-13T01:20:30","modified_gmt":"2024-05-12T23:20:30","slug":"decouvrir","status":"publish","type":"page","link":"https:\/\/riad-albatoul.com\/fr\/decouvrir\/","title":{"rendered":"D\u00e9couvrir"},"content":{"rendered":"<section class=\"wpb-content-wrapper\"><p>[vc_row][vc_column][vc_row_inner][vc_column_inner]<h3 class=\"sohohotel-title-35px sohohotel-clearfix sohohotel-title-center\">Excursions autour de Marrakech<\/h3>[vc_column_text]Marrakech, une ville envo\u00fbtante et riche en culture, offre une myriade d&#8217;excursions fascinantes pour les voyageurs en qu\u00eate d&#8217;aventure et de d\u00e9couverte. Que vous soyez passionn\u00e9 par les paysages d\u00e9sertiques du Sahara, les villes c\u00f4ti\u00e8res pittoresques ou les majestueuses montagnes de l&#8217;Atlas, les excursions autour de Marrakech promettent des exp\u00e9riences inoubliables. D\u00e9couvrez les joyaux cach\u00e9s de cette r\u00e9gion magnifique avec Riad Albatoul Excursions, en partenariat avec <a href=\"https:\/\/stylia-tours.com\/\" target=\"_blank\" rel=\"noopener\">Stylia Tours<\/a>, votre guide pour des voyages d&#8217;exception.[\/vc_column_text][\/vc_column_inner][\/vc_row_inner][vc_row_inner equal_height=&#8221;yes&#8221; content_placement=&#8221;middle&#8221; css=&#8221;.vc_custom_1576943359507{padding-bottom: 50px !important;}&#8221;][vc_column_inner el_class=&#8221;vc_col-lg-push-6&#8243; width=&#8221;1\/2&#8243;][vc_single_image image=&#8221;635&#8243; img_size=&#8221;full&#8221; onclick=&#8221;custom_link&#8221; img_link_target=&#8221;_blank&#8221; link=&#8221;https:\/\/stylia-tours.com\/tours\/3-days-desert-tour-from-marrakesh-to-merzouga\/&#8221;][\/vc_column_inner][vc_column_inner el_class=&#8221;vc_col-lg-pull-6&#8243; width=&#8221;1\/2&#8243;]<h3 class=\"sohohotel-title-20px sohohotel-clearfix sohohotel-title-left\">Le Sahara : un lieu magique<\/h3>[vc_column_text]La vue des dunes \u00e0 perte de vue et leur couleur \u00e9clatante vous envo\u00fbtent par leur beaut\u00e9. Le soir c\u2019est le coucher du soleil ; vous \u00eates dans une tente berb\u00e8re en plein air et la grandeur du Sahara vous porte loin dans le temps. Nous sommes l\u00e0 pour vous aider \u00e0 mieux organiser votre voyage et g\u00e9rer votre temps.[\/vc_column_text][\/vc_column_inner][\/vc_row_inner][vc_row_inner equal_height=&#8221;yes&#8221; content_placement=&#8221;middle&#8221; css=&#8221;.vc_custom_1576943401993{padding-bottom: 50px !important;}&#8221;][vc_column_inner width=&#8221;1\/2&#8243;][vc_single_image image=&#8221;636&#8243; img_size=&#8221;full&#8221; onclick=&#8221;custom_link&#8221; img_link_target=&#8221;_blank&#8221; link=&#8221;https:\/\/stylia-tours.com\/tours\/agadir-day-trip-to-essaouira\/&#8221;][\/vc_column_inner][vc_column_inner width=&#8221;1\/2&#8243;]<h3 class=\"sohohotel-title-25px sohohotel-clearfix sohohotel-title-left\">Essaouira : La Perle de l'Atlantique<\/h3>[vc_column_text]A moins de trois heures de route, Essaouira la belle, l\u2019envo\u00fbtante vous accueille avec son port Portugais et ses plages semi-sauvages. Essaouira est reconnue comme ville unique au Maroc : son micro climats, son histoire et son artisanat locale. Son air vif et l\u2019incessante parade de ses mouettes vous accompagne jusqu\u2019au fonds de ses ruelles anciennes. Son atout majeur est aussi le bois du Thuya \u00e0 partir duquel on fabrique des objets d\u2019art d\u2019une finesse incroyable. Les boutiques d\u2019artisanats sont nombreuses et facilement accessible au regard des visiteurs.[\/vc_column_text][\/vc_column_inner][\/vc_row_inner][vc_row_inner equal_height=&#8221;yes&#8221; content_placement=&#8221;middle&#8221; css=&#8221;.vc_custom_1576943412000{padding-bottom: 50px !important;}&#8221;][vc_column_inner el_class=&#8221;vc_col-lg-push-6&#8243; width=&#8221;1\/2&#8243;][vc_single_image image=&#8221;637&#8243; img_size=&#8221;full&#8221;][\/vc_column_inner][vc_column_inner el_class=&#8221;vc_col-lg-pull-6&#8243; width=&#8221;1\/2&#8243;]<h3 class=\"sohohotel-title-25px sohohotel-clearfix sohohotel-title-left\">Les montagnes d\u2019atlas<\/h3>[vc_column_text]En voil\u00e0 une autre particularit\u00e9 du Maroc: la montagne la plus haute en Afrique se trouve \u00e0 70 km de Marrakech : Toubkal : un nom qui fait r\u00eaver beaucoup de grimpeurs : la montagne pr\u00e9sente un d\u00e9fi aux amateurs du trekking. L\u2019endroit est sauvage et difficile d\u2019acc\u00e8s. En revanche, les gens vous accueillent toujours avec un verre de th\u00e9 ou un tajine bien d\u00e9licieux.[\/vc_column_text][\/vc_column_inner][\/vc_row_inner][vc_row_inner rtl_reverse=&#8221;yes&#8221; content_placement=&#8221;middle&#8221; css=&#8221;.vc_custom_1576943424607{padding-bottom: 50px !important;}&#8221;][vc_column_inner width=&#8221;1\/2&#8243;][vc_single_image image=&#8221;638&#8243; img_size=&#8221;full&#8221;][\/vc_column_inner][vc_column_inner width=&#8221;1\/2&#8243;]<h3 class=\"sohohotel-title-25px sohohotel-clearfix sohohotel-title-left\">D\u00e9couvrez le centre-ville<\/h3>[vc_column_text]Avant de vous aventurez dans les ruelles de Marrakech, faites- vous aid\u00e9s par un guide officiel qui saura vous conseiller et accompagner dans les d\u00e9dales des Souqs et les sites historiques.[\/vc_column_text][\/vc_column_inner][\/vc_row_inner][vc_row_inner equal_height=&#8221;yes&#8221; content_placement=&#8221;middle&#8221; css=&#8221;.vc_custom_1576943473278{padding-bottom: 50px !important;}&#8221;][vc_column_inner el_class=&#8221;vc_col-lg-push-6&#8243; width=&#8221;1\/2&#8243;][vc_single_image image=&#8221;614&#8243; img_size=&#8221;full&#8221;][\/vc_column_inner][vc_column_inner el_class=&#8221;vc_col-lg-pull-6&#8243; width=&#8221;1\/2&#8243;]<h3 class=\"sohohotel-title-25px sohohotel-clearfix sohohotel-title-left\">Palais et Mosqu\u00e9es<\/h3>[vc_column_text]Le monument le plus remarquable et le plus visit\u00e9 est le Palais Bahia: y sont \u00e9crit l\u2019histoire de toute une dynastie des rois du Maroc. Bati au milieu du 19\u00e8me si\u00e8cle, ce plais conserve encore les vestiges d\u2019un art architectural islamique ancien et s\u2019\u00e9tends sur un patio immense dot\u00e9 de mosa\u00efques et arabesques d\u2019une beaut\u00e9 \u00e0 couper le souffle. Un autre monument tout aussi est la mosqu\u00e9e Koutobia : elle se dresse comme un phare g\u00e9ant \u00e9clairant tout autour d\u2019elle toute la palmeraie de Marrakech.[\/vc_column_text][\/vc_column_inner][\/vc_row_inner][vc_row_inner equal_height=&#8221;yes&#8221; content_placement=&#8221;middle&#8221; css=&#8221;.vc_custom_1576943454108{padding-bottom: 50px !important;}&#8221;][vc_column_inner width=&#8221;1\/2&#8243;][vc_single_image image=&#8221;639&#8243; img_size=&#8221;full&#8221;][\/vc_column_inner][vc_column_inner width=&#8221;1\/2&#8243;]<h3 class=\"sohohotel-title-25px sohohotel-clearfix sohohotel-title-left\">Ateliers de Cuisine : Une Invitation \u00e0 la D\u00e9gustation<\/h3>[vc_column_text]Rien de tel que de mettre la main \u00e0 la p\u00e2te pour d\u00e9couvrir la v\u00e9ritable essence de la cuisine marocaine. Participez \u00e0 des ateliers de cuisine anim\u00e9s par des chefs locaux passionn\u00e9s, qui vous apprendront les secrets des plats traditionnels tels que le couscous, le tajine et les pastillas. Impr\u00e9gnez-vous des ar\u00f4mes envo\u00fbtants des \u00e9pices locales et savourez chaque bouch\u00e9e de vos cr\u00e9ations culinaires. Une exp\u00e9rience sensorielle inoubliable vous attend.[\/vc_column_text][\/vc_column_inner][\/vc_row_inner][\/vc_column][\/vc_row][vc_row][vc_column][vc_column_text]Que vous soyez un amateur de plein air, un passionn\u00e9 d&#8217;histoire ou un gastronome avide, les excursions autour de Marrakech offrent quelque chose pour tous les go\u00fbts. Laissez-vous s\u00e9duire par la beaut\u00e9 et la diversit\u00e9 de cette r\u00e9gion fascinante, et laissez Riad Albatoul Excursions, en partenariat avec <a href=\"https:\/\/stylia-tours.com\/desert-tours-from-marrakesh\/\" target=\"_blank\" rel=\"noopener\">Stylia Tours<\/a>, vous guider dans cette aventure inoubliable. R\u00e9servez d\u00e8s maintenant pour vivre des moments magiques et d\u00e9couvrir le Maroc avec style.[\/vc_column_text][\/vc_column][\/vc_row]<\/p>\n<\/section>","protected":false},"excerpt":{"rendered":"<p>[vc_row][vc_column][vc_row_inner][vc_column_inner][vc_column_text]Marrakech, une ville envo\u00fbtante et riche en culture, offre une myriade d&#8217;excursions fascinantes pour les voyageurs en qu\u00eate d&#8217;aventure et de d\u00e9couverte. Que vous soyez passionn\u00e9 par les paysages d\u00e9sertiques du Sahara, les villes c\u00f4ti\u00e8res pittoresques ou les majestueuses montagnes de l&#8217;Atlas, les excursions autour de Marrakech promettent des exp\u00e9riences inoubliables. D\u00e9couvrez les joyaux cach\u00e9s<\/p>\n<a href=\"https:\/\/riad-albatoul.com\/fr\/decouvrir\/\" class=\"sohohotel-more-link\">Read More<\/a>","protected":false},"author":1,"featured_media":0,"parent":0,"menu_order":0,"comment_status":"closed","ping_status":"closed","template":"","meta":{"footnotes":""},"class_list":["post-355","page","type-page","status-publish","hentry"],"yoast_head":"<!-- This site is optimized with the Yoast SEO plugin v27.4 - https:\/\/yoast.com\/product\/yoast-seo-wordpress\/ -->\n<title>D\u00e9couvrir | Riad Albatoul Marrakech<\/title>\n<meta name=\"robots\" content=\"index, follow, max-snippet:-1, max-image-preview:large, max-video-preview:-1\" \/>\n<link rel=\"canonical\" href=\"https:\/\/riad-albatoul.com\/fr\/decouvrir\/\" \/>\n<meta property=\"og:locale\" content=\"fr_FR\" \/>\n<meta property=\"og:type\" content=\"article\" \/>\n<meta property=\"og:title\" content=\"D\u00e9couvrir | Riad Albatoul Marrakech\" \/>\n<meta property=\"og:description\" content=\"[vc_row][vc_column][vc_row_inner][vc_column_inner][vc_column_text]Marrakech, une ville envo\u00fbtante et riche en culture, offre une myriade d&#8217;excursions fascinantes pour les voyageurs en qu\u00eate d&#8217;aventure et de d\u00e9couverte. Que vous soyez passionn\u00e9 par les paysages d\u00e9sertiques du Sahara, les villes c\u00f4ti\u00e8res pittoresques ou les majestueuses montagnes de l&#8217;Atlas, les excursions autour de Marrakech promettent des exp\u00e9riences inoubliables. D\u00e9couvrez les joyaux cach\u00e9s\" \/>\n<meta property=\"og:url\" content=\"https:\/\/riad-albatoul.com\/fr\/decouvrir\/\" \/>\n<meta property=\"og:site_name\" content=\"Riad Albatoul Marrakech\" \/>\n<meta property=\"article:modified_time\" content=\"2024-05-12T23:20:30+00:00\" \/>\n<meta property=\"og:image\" content=\"https:\/\/riad-albatoul.com\/fr\/wp-content\/uploads\/sites\/5\/2024\/05\/Merzouga-day-trip-fb.webp\" \/>\n\t<meta property=\"og:image:width\" content=\"1200\" \/>\n\t<meta property=\"og:image:height\" content=\"628\" \/>\n\t<meta property=\"og:image:type\" content=\"image\/webp\" \/>\n<meta name=\"twitter:card\" content=\"summary_large_image\" \/>\n<meta name=\"twitter:label1\" content=\"Dur\u00e9e de lecture estim\u00e9e\" \/>\n\t<meta name=\"twitter:data1\" content=\"5 minutes\" \/>\n<script type=\"application\/ld+json\" class=\"yoast-schema-graph\">{\"@context\":\"https:\\\/\\\/schema.org\",\"@graph\":[{\"@type\":\"WebPage\",\"@id\":\"https:\\\/\\\/riad-albatoul.com\\\/fr\\\/decouvrir\\\/\",\"url\":\"https:\\\/\\\/riad-albatoul.com\\\/fr\\\/decouvrir\\\/\",\"name\":\"D\u00e9couvrir | Riad Albatoul Marrakech\",\"isPartOf\":{\"@id\":\"https:\\\/\\\/riad-albatoul.com\\\/fr\\\/#website\"},\"datePublished\":\"2022-05-21T15:49:48+00:00\",\"dateModified\":\"2024-05-12T23:20:30+00:00\",\"breadcrumb\":{\"@id\":\"https:\\\/\\\/riad-albatoul.com\\\/fr\\\/decouvrir\\\/#breadcrumb\"},\"inLanguage\":\"fr-FR\",\"potentialAction\":[{\"@type\":\"ReadAction\",\"target\":[\"https:\\\/\\\/riad-albatoul.com\\\/fr\\\/decouvrir\\\/\"]}]},{\"@type\":\"BreadcrumbList\",\"@id\":\"https:\\\/\\\/riad-albatoul.com\\\/fr\\\/decouvrir\\\/#breadcrumb\",\"itemListElement\":[{\"@type\":\"ListItem\",\"position\":1,\"name\":\"Home\",\"item\":\"https:\\\/\\\/riad-albatoul.com\\\/fr\\\/\"},{\"@type\":\"ListItem\",\"position\":2,\"name\":\"D\u00e9couvrir\"}]},{\"@type\":\"WebSite\",\"@id\":\"https:\\\/\\\/riad-albatoul.com\\\/fr\\\/#website\",\"url\":\"https:\\\/\\\/riad-albatoul.com\\\/fr\\\/\",\"name\":\"Riad Albatoul Marrakech\",\"description\":\"Un Riad traditionnel, \u00e0 quelques minutes de la c\u00e9l\u00e8bre place Jemma al Fnaa.\",\"publisher\":{\"@id\":\"https:\\\/\\\/riad-albatoul.com\\\/fr\\\/#organization\"},\"potentialAction\":[{\"@type\":\"SearchAction\",\"target\":{\"@type\":\"EntryPoint\",\"urlTemplate\":\"https:\\\/\\\/riad-albatoul.com\\\/fr\\\/?s={search_term_string}\"},\"query-input\":{\"@type\":\"PropertyValueSpecification\",\"valueRequired\":true,\"valueName\":\"search_term_string\"}}],\"inLanguage\":\"fr-FR\"},{\"@type\":\"Organization\",\"@id\":\"https:\\\/\\\/riad-albatoul.com\\\/fr\\\/#organization\",\"name\":\"Riad Albatoul Marrakech\",\"url\":\"https:\\\/\\\/riad-albatoul.com\\\/fr\\\/\",\"logo\":{\"@type\":\"ImageObject\",\"inLanguage\":\"fr-FR\",\"@id\":\"https:\\\/\\\/riad-albatoul.com\\\/fr\\\/#\\\/schema\\\/logo\\\/image\\\/\",\"url\":\"https:\\\/\\\/riad-albatoul.com\\\/fr\\\/wp-content\\\/uploads\\\/sites\\\/5\\\/2022\\\/05\\\/riad-albatoul-logo.png\",\"contentUrl\":\"https:\\\/\\\/riad-albatoul.com\\\/fr\\\/wp-content\\\/uploads\\\/sites\\\/5\\\/2022\\\/05\\\/riad-albatoul-logo.png\",\"width\":220,\"height\":68,\"caption\":\"Riad Albatoul Marrakech\"},\"image\":{\"@id\":\"https:\\\/\\\/riad-albatoul.com\\\/fr\\\/#\\\/schema\\\/logo\\\/image\\\/\"}}]}<\/script>\n<!-- \/ Yoast SEO plugin. -->","yoast_head_json":{"title":"D\u00e9couvrir | Riad Albatoul Marrakech","robots":{"index":"index","follow":"follow","max-snippet":"max-snippet:-1","max-image-preview":"max-image-preview:large","max-video-preview":"max-video-preview:-1"},"canonical":"https:\/\/riad-albatoul.com\/fr\/decouvrir\/","og_locale":"fr_FR","og_type":"article","og_title":"D\u00e9couvrir | Riad Albatoul Marrakech","og_description":"[vc_row][vc_column][vc_row_inner][vc_column_inner][vc_column_text]Marrakech, une ville envo\u00fbtante et riche en culture, offre une myriade d&#8217;excursions fascinantes pour les voyageurs en qu\u00eate d&#8217;aventure et de d\u00e9couverte. Que vous soyez passionn\u00e9 par les paysages d\u00e9sertiques du Sahara, les villes c\u00f4ti\u00e8res pittoresques ou les majestueuses montagnes de l&#8217;Atlas, les excursions autour de Marrakech promettent des exp\u00e9riences inoubliables. D\u00e9couvrez les joyaux cach\u00e9s","og_url":"https:\/\/riad-albatoul.com\/fr\/decouvrir\/","og_site_name":"Riad Albatoul Marrakech","article_modified_time":"2024-05-12T23:20:30+00:00","og_image":[{"width":1200,"height":628,"url":"https:\/\/riad-albatoul.com\/fr\/wp-content\/uploads\/sites\/5\/2024\/05\/Merzouga-day-trip-fb.webp","type":"image\/webp"}],"twitter_card":"summary_large_image","twitter_misc":{"Dur\u00e9e de lecture estim\u00e9e":"5 minutes"},"schema":{"@context":"https:\/\/schema.org","@graph":[{"@type":"WebPage","@id":"https:\/\/riad-albatoul.com\/fr\/decouvrir\/","url":"https:\/\/riad-albatoul.com\/fr\/decouvrir\/","name":"D\u00e9couvrir | Riad Albatoul Marrakech","isPartOf":{"@id":"https:\/\/riad-albatoul.com\/fr\/#website"},"datePublished":"2022-05-21T15:49:48+00:00","dateModified":"2024-05-12T23:20:30+00:00","breadcrumb":{"@id":"https:\/\/riad-albatoul.com\/fr\/decouvrir\/#breadcrumb"},"inLanguage":"fr-FR","potentialAction":[{"@type":"ReadAction","target":["https:\/\/riad-albatoul.com\/fr\/decouvrir\/"]}]},{"@type":"BreadcrumbList","@id":"https:\/\/riad-albatoul.com\/fr\/decouvrir\/#breadcrumb","itemListElement":[{"@type":"ListItem","position":1,"name":"Home","item":"https:\/\/riad-albatoul.com\/fr\/"},{"@type":"ListItem","position":2,"name":"D\u00e9couvrir"}]},{"@type":"WebSite","@id":"https:\/\/riad-albatoul.com\/fr\/#website","url":"https:\/\/riad-albatoul.com\/fr\/","name":"Riad Albatoul Marrakech","description":"Un Riad traditionnel, \u00e0 quelques minutes de la c\u00e9l\u00e8bre place Jemma al Fnaa.","publisher":{"@id":"https:\/\/riad-albatoul.com\/fr\/#organization"},"potentialAction":[{"@type":"SearchAction","target":{"@type":"EntryPoint","urlTemplate":"https:\/\/riad-albatoul.com\/fr\/?s={search_term_string}"},"query-input":{"@type":"PropertyValueSpecification","valueRequired":true,"valueName":"search_term_string"}}],"inLanguage":"fr-FR"},{"@type":"Organization","@id":"https:\/\/riad-albatoul.com\/fr\/#organization","name":"Riad Albatoul Marrakech","url":"https:\/\/riad-albatoul.com\/fr\/","logo":{"@type":"ImageObject","inLanguage":"fr-FR","@id":"https:\/\/riad-albatoul.com\/fr\/#\/schema\/logo\/image\/","url":"https:\/\/riad-albatoul.com\/fr\/wp-content\/uploads\/sites\/5\/2022\/05\/riad-albatoul-logo.png","contentUrl":"https:\/\/riad-albatoul.com\/fr\/wp-content\/uploads\/sites\/5\/2022\/05\/riad-albatoul-logo.png","width":220,"height":68,"caption":"Riad Albatoul Marrakech"},"image":{"@id":"https:\/\/riad-albatoul.com\/fr\/#\/schema\/logo\/image\/"}}]}},"_links":{"self":[{"href":"https:\/\/riad-albatoul.com\/fr\/wp-json\/wp\/v2\/pages\/355","targetHints":{"allow":["GET"]}}],"collection":[{"href":"https:\/\/riad-albatoul.com\/fr\/wp-json\/wp\/v2\/pages"}],"about":[{"href":"https:\/\/riad-albatoul.com\/fr\/wp-json\/wp\/v2\/types\/page"}],"author":[{"embeddable":true,"href":"https:\/\/riad-albatoul.com\/fr\/wp-json\/wp\/v2\/users\/1"}],"replies":[{"embeddable":true,"href":"https:\/\/riad-albatoul.com\/fr\/wp-json\/wp\/v2\/comments?post=355"}],"version-history":[{"count":11,"href":"https:\/\/riad-albatoul.com\/fr\/wp-json\/wp\/v2\/pages\/355\/revisions"}],"predecessor-version":[{"id":805,"href":"https:\/\/riad-albatoul.com\/fr\/wp-json\/wp\/v2\/pages\/355\/revisions\/805"}],"wp:attachment":[{"href":"https:\/\/riad-albatoul.com\/fr\/wp-json\/wp\/v2\/media?parent=355"}],"curies":[{"name":"wp","href":"https:\/\/api.w.org\/{rel}","templated":true}]}}