{"id":343,"date":"2022-05-21T17:06:34","date_gmt":"2022-05-21T15:06:34","guid":{"rendered":"https:\/\/riad-albatoul.com\/?page_id=343"},"modified":"2022-05-25T22:02:00","modified_gmt":"2022-05-25T20:02:00","slug":"imprimer","status":"publish","type":"page","link":"https:\/\/riad-albatoul.com\/fr\/imprimer\/","title":{"rendered":"Imprimer"},"content":{"rendered":"<section class=\"wpb-content-wrapper\"><p>[vc_row][vc_column]<h3 class=\"sohohotel-title-28px sohohotel-clearfix sohohotel-title-left\">Imprimer<\/h3>[\/vc_column][\/vc_row][vc_row][vc_column width=&#8221;1\/2&#8243;]<h3 class=\"sohohotel-title-20px sohohotel-clearfix sohohotel-title-left\">Riad Albatoul<\/h3>[vc_column_text]Dipl. Ing. Birgit G\u00f6tz-Ullrich<br \/>\n32 Derb El Kebir<br \/>\nBen Saleh<br \/>\n40030 Marrakech<br \/>\nMaroc<br \/>\n+212 6 22 58 37 09<br \/>\nbirgit@goetz-ullrich.de[\/vc_column_text][\/vc_column][vc_column width=&#8221;1\/2&#8243;]<h3 class=\"sohohotel-title-20px sohohotel-clearfix sohohotel-title-left\">Web Design &amp; Development<\/h3>[vc_column_text]<strong>Aassou Open Source Software Services<\/strong><\/p>\n<p>Stylia 2 Imm 13 N 503<br \/>\n80100 Agadir<br \/>\nMaroc<\/p>\n<p>+212 (0)5 28 32 13 97<br \/>\n<a title=\"Website Design &amp; Development in Agadir | Aassou\" href=\"https:\/\/aassou.net\/\" target=\"_blank\" rel=\"noopener noreferrer\">Aassou SS2L<\/a><br \/>\ninfo@aassou.net[\/vc_column_text][\/vc_column][\/vc_row][vc_row][vc_column][vc_column_text]Please click <a href=\"\/privacy-policy\/\">here<\/a> to view our privacy policy.[\/vc_column_text][\/vc_column][\/vc_row]<\/p>\n<\/section>","protected":false},"excerpt":{"rendered":"<p>[vc_row][vc_column][\/vc_column][\/vc_row][vc_row][vc_column width=&#8221;1\/2&#8243;][vc_column_text]Dipl. Ing. Birgit G\u00f6tz-Ullrich 32 Derb El Kebir Ben Saleh 40030 Marrakech Maroc +212 6 22 58 37 09 birgit@goetz-ullrich.de[\/vc_column_text][\/vc_column][vc_column width=&#8221;1\/2&#8243;][vc_column_text]Aassou Open Source Software Services Stylia 2 Imm 13 N 503 80100 Agadir Maroc +212 (0)5 28 32 13 97 Aassou SS2L info@aassou.net[\/vc_column_text][\/vc_column][\/vc_row][vc_row][vc_column][vc_column_text]Please click here to view our privacy policy.[\/vc_column_text][\/vc_column][\/vc_row]<\/p>\n<a href=\"https:\/\/riad-albatoul.com\/fr\/imprimer\/\" class=\"sohohotel-more-link\">Read More<\/a>","protected":false},"author":1,"featured_media":0,"parent":0,"menu_order":0,"comment_status":"closed","ping_status":"closed","template":"","meta":{"footnotes":""},"class_list":["post-343","page","type-page","status-publish","hentry"],"yoast_head":"<!-- This site is optimized with the Yoast SEO plugin v27.4 - https:\/\/yoast.com\/product\/yoast-seo-wordpress\/ -->\n<title>Imprimer | Riad Albatoul Marrakech<\/title>\n<meta name=\"robots\" content=\"index, follow, max-snippet:-1, max-image-preview:large, max-video-preview:-1\" \/>\n<link rel=\"canonical\" href=\"https:\/\/riad-albatoul.com\/fr\/imprimer\/\" \/>\n<meta property=\"og:locale\" content=\"fr_FR\" \/>\n<meta property=\"og:type\" content=\"article\" \/>\n<meta property=\"og:title\" content=\"Imprimer | Riad Albatoul Marrakech\" \/>\n<meta property=\"og:description\" content=\"[vc_row][vc_column][\/vc_column][\/vc_row][vc_row][vc_column width=&#8221;1\/2&#8243;][vc_column_text]Dipl. Ing. Birgit G\u00f6tz-Ullrich 32 Derb El Kebir Ben Saleh 40030 Marrakech Maroc +212 6 22 58 37 09 birgit@goetz-ullrich.de[\/vc_column_text][\/vc_column][vc_column width=&#8221;1\/2&#8243;][vc_column_text]Aassou Open Source Software Services Stylia 2 Imm 13 N 503 80100 Agadir Maroc +212 (0)5 28 32 13 97 Aassou SS2L info@aassou.net[\/vc_column_text][\/vc_column][\/vc_row][vc_row][vc_column][vc_column_text]Please click here to view our privacy policy.[\/vc_column_text][\/vc_column][\/vc_row]\" \/>\n<meta property=\"og:url\" content=\"https:\/\/riad-albatoul.com\/fr\/imprimer\/\" \/>\n<meta property=\"og:site_name\" content=\"Riad Albatoul Marrakech\" \/>\n<meta property=\"article:modified_time\" content=\"2022-05-25T20:02:00+00:00\" \/>\n<meta name=\"twitter:card\" content=\"summary_large_image\" \/>\n<meta name=\"twitter:label1\" content=\"Dur\u00e9e de lecture estim\u00e9e\" \/>\n\t<meta name=\"twitter:data1\" content=\"1 minute\" \/>\n<script type=\"application\/ld+json\" class=\"yoast-schema-graph\">{\"@context\":\"https:\\\/\\\/schema.org\",\"@graph\":[{\"@type\":\"WebPage\",\"@id\":\"https:\\\/\\\/riad-albatoul.com\\\/fr\\\/imprimer\\\/\",\"url\":\"https:\\\/\\\/riad-albatoul.com\\\/fr\\\/imprimer\\\/\",\"name\":\"Imprimer | Riad Albatoul Marrakech\",\"isPartOf\":{\"@id\":\"https:\\\/\\\/riad-albatoul.com\\\/fr\\\/#website\"},\"datePublished\":\"2022-05-21T15:06:34+00:00\",\"dateModified\":\"2022-05-25T20:02:00+00:00\",\"breadcrumb\":{\"@id\":\"https:\\\/\\\/riad-albatoul.com\\\/fr\\\/imprimer\\\/#breadcrumb\"},\"inLanguage\":\"fr-FR\",\"potentialAction\":[{\"@type\":\"ReadAction\",\"target\":[\"https:\\\/\\\/riad-albatoul.com\\\/fr\\\/imprimer\\\/\"]}]},{\"@type\":\"BreadcrumbList\",\"@id\":\"https:\\\/\\\/riad-albatoul.com\\\/fr\\\/imprimer\\\/#breadcrumb\",\"itemListElement\":[{\"@type\":\"ListItem\",\"position\":1,\"name\":\"Home\",\"item\":\"https:\\\/\\\/riad-albatoul.com\\\/fr\\\/\"},{\"@type\":\"ListItem\",\"position\":2,\"name\":\"Imprimer\"}]},{\"@type\":\"WebSite\",\"@id\":\"https:\\\/\\\/riad-albatoul.com\\\/fr\\\/#website\",\"url\":\"https:\\\/\\\/riad-albatoul.com\\\/fr\\\/\",\"name\":\"Riad Albatoul Marrakech\",\"description\":\"Un Riad traditionnel, \u00e0 quelques minutes de la c\u00e9l\u00e8bre place Jemma al Fnaa.\",\"publisher\":{\"@id\":\"https:\\\/\\\/riad-albatoul.com\\\/fr\\\/#organization\"},\"potentialAction\":[{\"@type\":\"SearchAction\",\"target\":{\"@type\":\"EntryPoint\",\"urlTemplate\":\"https:\\\/\\\/riad-albatoul.com\\\/fr\\\/?s={search_term_string}\"},\"query-input\":{\"@type\":\"PropertyValueSpecification\",\"valueRequired\":true,\"valueName\":\"search_term_string\"}}],\"inLanguage\":\"fr-FR\"},{\"@type\":\"Organization\",\"@id\":\"https:\\\/\\\/riad-albatoul.com\\\/fr\\\/#organization\",\"name\":\"Riad Albatoul Marrakech\",\"url\":\"https:\\\/\\\/riad-albatoul.com\\\/fr\\\/\",\"logo\":{\"@type\":\"ImageObject\",\"inLanguage\":\"fr-FR\",\"@id\":\"https:\\\/\\\/riad-albatoul.com\\\/fr\\\/#\\\/schema\\\/logo\\\/image\\\/\",\"url\":\"https:\\\/\\\/riad-albatoul.com\\\/fr\\\/wp-content\\\/uploads\\\/sites\\\/5\\\/2022\\\/05\\\/riad-albatoul-logo.png\",\"contentUrl\":\"https:\\\/\\\/riad-albatoul.com\\\/fr\\\/wp-content\\\/uploads\\\/sites\\\/5\\\/2022\\\/05\\\/riad-albatoul-logo.png\",\"width\":220,\"height\":68,\"caption\":\"Riad Albatoul Marrakech\"},\"image\":{\"@id\":\"https:\\\/\\\/riad-albatoul.com\\\/fr\\\/#\\\/schema\\\/logo\\\/image\\\/\"}}]}<\/script>\n<!-- \/ Yoast SEO plugin. -->","yoast_head_json":{"title":"Imprimer | Riad Albatoul Marrakech","robots":{"index":"index","follow":"follow","max-snippet":"max-snippet:-1","max-image-preview":"max-image-preview:large","max-video-preview":"max-video-preview:-1"},"canonical":"https:\/\/riad-albatoul.com\/fr\/imprimer\/","og_locale":"fr_FR","og_type":"article","og_title":"Imprimer | Riad Albatoul Marrakech","og_description":"[vc_row][vc_column][\/vc_column][\/vc_row][vc_row][vc_column width=&#8221;1\/2&#8243;][vc_column_text]Dipl. Ing. Birgit G\u00f6tz-Ullrich 32 Derb El Kebir Ben Saleh 40030 Marrakech Maroc +212 6 22 58 37 09 birgit@goetz-ullrich.de[\/vc_column_text][\/vc_column][vc_column width=&#8221;1\/2&#8243;][vc_column_text]Aassou Open Source Software Services Stylia 2 Imm 13 N 503 80100 Agadir Maroc +212 (0)5 28 32 13 97 Aassou SS2L info@aassou.net[\/vc_column_text][\/vc_column][\/vc_row][vc_row][vc_column][vc_column_text]Please click here to view our privacy policy.[\/vc_column_text][\/vc_column][\/vc_row]","og_url":"https:\/\/riad-albatoul.com\/fr\/imprimer\/","og_site_name":"Riad Albatoul Marrakech","article_modified_time":"2022-05-25T20:02:00+00:00","twitter_card":"summary_large_image","twitter_misc":{"Dur\u00e9e de lecture estim\u00e9e":"1 minute"},"schema":{"@context":"https:\/\/schema.org","@graph":[{"@type":"WebPage","@id":"https:\/\/riad-albatoul.com\/fr\/imprimer\/","url":"https:\/\/riad-albatoul.com\/fr\/imprimer\/","name":"Imprimer | Riad Albatoul Marrakech","isPartOf":{"@id":"https:\/\/riad-albatoul.com\/fr\/#website"},"datePublished":"2022-05-21T15:06:34+00:00","dateModified":"2022-05-25T20:02:00+00:00","breadcrumb":{"@id":"https:\/\/riad-albatoul.com\/fr\/imprimer\/#breadcrumb"},"inLanguage":"fr-FR","potentialAction":[{"@type":"ReadAction","target":["https:\/\/riad-albatoul.com\/fr\/imprimer\/"]}]},{"@type":"BreadcrumbList","@id":"https:\/\/riad-albatoul.com\/fr\/imprimer\/#breadcrumb","itemListElement":[{"@type":"ListItem","position":1,"name":"Home","item":"https:\/\/riad-albatoul.com\/fr\/"},{"@type":"ListItem","position":2,"name":"Imprimer"}]},{"@type":"WebSite","@id":"https:\/\/riad-albatoul.com\/fr\/#website","url":"https:\/\/riad-albatoul.com\/fr\/","name":"Riad Albatoul Marrakech","description":"Un Riad traditionnel, \u00e0 quelques minutes de la c\u00e9l\u00e8bre place Jemma al Fnaa.","publisher":{"@id":"https:\/\/riad-albatoul.com\/fr\/#organization"},"potentialAction":[{"@type":"SearchAction","target":{"@type":"EntryPoint","urlTemplate":"https:\/\/riad-albatoul.com\/fr\/?s={search_term_string}"},"query-input":{"@type":"PropertyValueSpecification","valueRequired":true,"valueName":"search_term_string"}}],"inLanguage":"fr-FR"},{"@type":"Organization","@id":"https:\/\/riad-albatoul.com\/fr\/#organization","name":"Riad Albatoul Marrakech","url":"https:\/\/riad-albatoul.com\/fr\/","logo":{"@type":"ImageObject","inLanguage":"fr-FR","@id":"https:\/\/riad-albatoul.com\/fr\/#\/schema\/logo\/image\/","url":"https:\/\/riad-albatoul.com\/fr\/wp-content\/uploads\/sites\/5\/2022\/05\/riad-albatoul-logo.png","contentUrl":"https:\/\/riad-albatoul.com\/fr\/wp-content\/uploads\/sites\/5\/2022\/05\/riad-albatoul-logo.png","width":220,"height":68,"caption":"Riad Albatoul Marrakech"},"image":{"@id":"https:\/\/riad-albatoul.com\/fr\/#\/schema\/logo\/image\/"}}]}},"_links":{"self":[{"href":"https:\/\/riad-albatoul.com\/fr\/wp-json\/wp\/v2\/pages\/343","targetHints":{"allow":["GET"]}}],"collection":[{"href":"https:\/\/riad-albatoul.com\/fr\/wp-json\/wp\/v2\/pages"}],"about":[{"href":"https:\/\/riad-albatoul.com\/fr\/wp-json\/wp\/v2\/types\/page"}],"author":[{"embeddable":true,"href":"https:\/\/riad-albatoul.com\/fr\/wp-json\/wp\/v2\/users\/1"}],"replies":[{"embeddable":true,"href":"https:\/\/riad-albatoul.com\/fr\/wp-json\/wp\/v2\/comments?post=343"}],"version-history":[{"count":3,"href":"https:\/\/riad-albatoul.com\/fr\/wp-json\/wp\/v2\/pages\/343\/revisions"}],"predecessor-version":[{"id":669,"href":"https:\/\/riad-albatoul.com\/fr\/wp-json\/wp\/v2\/pages\/343\/revisions\/669"}],"wp:attachment":[{"href":"https:\/\/riad-albatoul.com\/fr\/wp-json\/wp\/v2\/media?parent=343"}],"curies":[{"name":"wp","href":"https:\/\/api.w.org\/{rel}","templated":true}]}}