{"id":97,"date":"2022-05-21T10:14:00","date_gmt":"2022-05-21T08:14:00","guid":{"rendered":"https:\/\/riad-albatoul.com\/index.php\/contact-us-i\/"},"modified":"2022-06-23T14:07:51","modified_gmt":"2022-06-23T12:07:51","slug":"kontakt","status":"publish","type":"page","link":"https:\/\/riad-albatoul.com\/de\/kontakt\/","title":{"rendered":"Kontakt"},"content":{"rendered":"<section class=\"wpb-content-wrapper\"><p>[vc_row fixed_width=&#8221;true&#8221;][vc_column width=&#8221;1\/2&#8243;]\n<div class=\"wpcf7 no-js\" id=\"wpcf7-f11-o1\" lang=\"de-DE\" dir=\"ltr\" data-wpcf7-id=\"11\">\n<div class=\"screen-reader-response\"><p role=\"status\" aria-live=\"polite\" aria-atomic=\"true\"><\/p> <ul><\/ul><\/div>\n<form action=\"\/de\/wp-json\/wp\/v2\/pages\/97#wpcf7-f11-o1\" method=\"post\" class=\"wpcf7-form init\" aria-label=\"Kontaktformular\" novalidate=\"novalidate\" data-status=\"init\">\n<fieldset class=\"hidden-fields-container\"><input type=\"hidden\" name=\"_wpcf7\" value=\"11\" \/><input type=\"hidden\" name=\"_wpcf7_version\" value=\"6.1.5\" \/><input type=\"hidden\" name=\"_wpcf7_locale\" value=\"de_DE\" \/><input type=\"hidden\" name=\"_wpcf7_unit_tag\" value=\"wpcf7-f11-o1\" \/><input type=\"hidden\" name=\"_wpcf7_container_post\" value=\"0\" \/><input type=\"hidden\" name=\"_wpcf7_posted_data_hash\" value=\"\" \/>\n<\/fieldset>\n<p><label> Ihr Name<br \/>\n<span class=\"wpcf7-form-control-wrap\" data-name=\"your-name\"><input size=\"40\" maxlength=\"400\" class=\"wpcf7-form-control wpcf7-text wpcf7-validates-as-required\" aria-required=\"true\" aria-invalid=\"false\" value=\"\" type=\"text\" name=\"your-name\" \/><\/span> <\/label>\n<\/p>\n<p><label> Ihre E-Mail-Adresse<br \/>\n<span class=\"wpcf7-form-control-wrap\" data-name=\"your-email\"><input size=\"40\" maxlength=\"400\" class=\"wpcf7-form-control wpcf7-email wpcf7-validates-as-required wpcf7-text wpcf7-validates-as-email\" aria-required=\"true\" aria-invalid=\"false\" value=\"\" type=\"email\" name=\"your-email\" \/><\/span> <\/label>\n<\/p>\n<p><label> Betreff<br \/>\n<span class=\"wpcf7-form-control-wrap\" data-name=\"your-subject\"><input size=\"40\" maxlength=\"400\" class=\"wpcf7-form-control wpcf7-text wpcf7-validates-as-required\" aria-required=\"true\" aria-invalid=\"false\" value=\"\" type=\"text\" name=\"your-subject\" \/><\/span> <\/label>\n<\/p>\n<p><label> Ihre Nachricht<br \/>\n<span class=\"wpcf7-form-control-wrap\" data-name=\"your-message\"><textarea cols=\"40\" rows=\"10\" maxlength=\"2000\" class=\"wpcf7-form-control wpcf7-textarea\" aria-invalid=\"false\" name=\"your-message\"><\/textarea><\/span> <\/label>\n<\/p>\n<p><input class=\"wpcf7-form-control wpcf7-submit has-spinner\" type=\"submit\" value=\"Senden\" \/>\n<\/p><div class=\"wpcf7-response-output\" aria-hidden=\"true\"><\/div>\n<\/form>\n<\/div>\n\r\n\t\t\t\t<script>\r\n\t\t\t\tif ( typeof huOptions !== 'undefined' ) {\r\n\t\t\t\t\tvar huFormData = {\"source\":\"contactform7\",\"id\":11,\"title\":\"Kontaktformular 1\",\"fields\":{\"subject\":{\"first_name\":\"your-name\",\"email\":\"your-email\"},\"preferences\":{\"terms\":\"your-consent\"}}};\r\n\t\t\t\t\tvar huFormNode = document.querySelector( '[id^=\"wpcf7-f11-\"] form' );\r\n\r\n\t\t\t\t\thuFormData['node'] = huFormNode;\r\n\t\t\t\t\thuOptions['forms'].push( huFormData );\r\n\t\t\t\t}\r\n\t\t\t\t<\/script>[\/vc_column][vc_column width=&#8221;1\/2&#8243;]<h3 class=\"sohohotel-title-20px sohohotel-clearfix sohohotel-title-left\">Kontaktieren Sie uns<\/h3>[vc_column_text]Wir freuen uns darauf, von Ihnen zu h\u00f6ren und hoffen, Sie sobald unter unseren zufriedenen G\u00e4sten zu begr\u00fc\u00dfen.[\/vc_column_text][vc_empty_space height=&#8221;35px&#8221;]<h3 class=\"sohohotel-title-20px sohohotel-clearfix sohohotel-title-left\">Kontaktdaten<\/h3><ul class=\"sohohotel-contact-details-list\"><li class=\"sohohotel-address clearfix\">32 Derb El Kebir, Ben Saleh, 40030 Marrakesch, Marokko<\/li><li class=\"sohohotel-phone clearfix\"><a href=\"tel:+212808567940\">+212 8 08 56 79 40<\/a><\/li><li class=\"sohohotel-cell-phone clearfix\"><a href=\"tel:+212694162001\">+212 6 94 16 20 01<\/a><\/li><li class=\"sohohotel-email clearfix\"><a href=\"mailto:booking@riad-albatoul.com\">booking@riad-albatoul.com<\/a><\/li><\/ul><h3 class=\"sohohotel-title-20px sohohotel-clearfix sohohotel-title-left\">Social Media<\/h3><div class=\"sohohotel-social-links sohohotel-clearfix\"><a href=\"https:\/\/www.facebook.com\/RiadAlbatoul\/\" target=\"_blank\"><i class=\"fab fa-facebook-f\"><\/i><\/a><a href=\"https:\/\/www.instagram.com\/riadalbatoul\/\" target=\"_blank\"><i class=\"fab fa-instagram\"><\/i><\/a><a href=\"https:\/\/www.youtube.com\/watch?v=5s-zJugsegs\" target=\"_blank\"><i class=\"fab fa-youtube\"><\/i><\/a><a href=\"https:\/\/www.tripadvisor.de\/Hotel_Review-g293734-d16820298-Reviews-Riad_Albatoul_Marrakech-Marrakech_Marrakech_Tensift_El_Haouz_Region.html\" target=\"_blank\"><i class=\"fab fa-tripadvisor\"><\/i><\/a><\/div>[vc_empty_space height=&#8221;70px&#8221;][\/vc_column][\/vc_row][vc_row css=&#8221;.vc_custom_1625655823267{margin-top: 0px !important;margin-right: 0px !important;margin-bottom: 0px !important;margin-left: 0px !important;border-top-width: 0px !important;border-right-width: 0px !important;border-bottom-width: 0px !important;border-left-width: 0px !important;padding-top: 0px !important;padding-right: 0px !important;padding-bottom: 0px !important;padding-left: 0px !important;}&#8221;][vc_column css=&#8221;.vc_custom_1625655832067{margin-top: 0px !important;margin-right: 0px !important;margin-bottom: 0px !important;margin-left: 0px !important;border-top-width: 0px !important;border-right-width: 0px !important;border-bottom-width: 0px !important;border-left-width: 0px !important;padding-top: 0px !important;padding-right: 0px !important;padding-bottom: 0px !important;padding-left: 0px !important;}&#8221;]\t\n\t\t\n\t\t\n\t<!-- BEGIN #google-map -->\n\t<div id=\"google-map-1\" style=\"width: 100%;height: 370px;\"><\/div>\n\n\t<script type=\"text\/javascript\">\n\n\t\tfunction initialize() {\n\n\t\t\t\/\/ Set Location\n\t\t\tvar myLatlng = new google.maps.LatLng(31.628239,-7.983628);\n\n\t\t\t\/\/ Set Style\n\t\t\tvar styles = [\n\t\t\t    {\n\t\t\t      stylers: [\n\t\t\t        { hue: \"#a3bb91\" },\n\t\t\t        { saturation: -50 }\n\t\t\t      ]\n\t\t\t    },{\n\t\t\t      featureType: \"road\",\n\t\t\t      elementType: \"geometry\",\n\t\t\t      stylers: [\n\t\t\t        { lightness: 100 },\n\t\t\t        { visibility: \"simplified\" }\n\t\t\t      ]\n\t\t\t    },{\n\t\t\t      featureType: \"road\",\n\t\t\t      elementType: \"labels\",\n\t\t\t      stylers: [\n\t\t\t        { visibility: \"off\" }\n\t\t\t      ]\n\t\t\t    }\n\t\t\t  ];\n\n\t\t\t\/\/ Set Map Options\n\t\t\tvar mapOptions = {\n\t\t\t\tmapTypeControlOptions: {\n\t\t\t\t\tmapTypeIds: ['Styled']\n\t\t\t\t},\n\t\t\t\tcenter: myLatlng,\n\t\t\t\tzoom: 18,\n\t\t\t\tmapTypeId: 'Styled',\n\t\t\t\tscrollwheel: false,\n\t\t\t\tscaleControl: false,\n\t\t\t\tdisableDefaultUI: false\n\t\t\t};\n\n\t\t\t\/\/ Build Map\n\t\t\tvar map = new google.maps.Map(document.getElementById('google-map-1'), mapOptions);\n\t\t\tvar styledMapType = new google.maps.StyledMapType(styles, { name: 'Styled' });\n\t\t\tmap.mapTypes.set('Styled', styledMapType);\n\n\t\t\t\/\/ Set Map Marker\n\t\t\tvar contentString = 'Riad Albatoul Marrakech';\n\t\t\tvar infowindow = new google.maps.InfoWindow({\n\t\t\t\tcontent: contentString\n\t\t\t});\n\t\t\t\n\t\t\tvar marker = new google.maps.Marker({\n\t\t\t\tposition: myLatlng,\n\t\t\t\tmap: map,\n\t\t\t\ticon: {\n\t\t\t\t\tpath: google.maps.SymbolPath.CIRCLE,\n\t\t\t\t\tfillColor: '#fff',\n\t\t\t\t\tfillOpacity: 0,\n\t\t\t\t\tstrokeWeight: 0,\n\t\t\t\t\tscale: 15\n\t\t\t\t},\n\t\t\t\tlabel: {\n\t\t\t\t\tfontFamily: \"'Font Awesome 5 Free'\",\n\t\t\t\t\tfontWeight: '900',\n\t\t\t\t\ttext: eval(\"'\\\\u\"+'f3c5'+\"'\"),\n\t\t\t\t\tcolor: '#e20074',\n\t\t\t\t\tfontSize: \"40px\"\n\t\t\t\t}\n\t\t\t});\n\n\t\t\t\/\/ Display Map Marker\n\t\t\tgoogle.maps.event.addListener(marker, 'click', function() {\n\t\t\t\tinfowindow.open(map,marker);\n\t\t\t});\n\n\t\t}\n\n\t\t\/\/ Display Map\n\t\tgoogle.maps.event.addDomListener(window, 'load', initialize);\n\n\t<\/script>\n\t\n\t\n\t[\/vc_column][\/vc_row]<\/p>\n<\/section>","protected":false},"excerpt":{"rendered":"<p>[vc_row fixed_width=&#8221;true&#8221;][vc_column width=&#8221;1\/2&#8243;][\/vc_column][vc_column width=&#8221;1\/2&#8243;][vc_column_text]Wir freuen uns darauf, von Ihnen zu h\u00f6ren und hoffen, Sie sobald unter unseren zufriedenen G\u00e4sten zu begr\u00fc\u00dfen.[\/vc_column_text][vc_empty_space height=&#8221;35px&#8221;][vc_empty_space height=&#8221;70px&#8221;][\/vc_column][\/vc_row][vc_row css=&#8221;.vc_custom_1625655823267{margin-top: 0px !important;margin-right: 0px !important;margin-bottom: 0px !important;margin-left: 0px !important;border-top-width: 0px !important;border-right-width: 0px !important;border-bottom-width: 0px !important;border-left-width: 0px !important;padding-top: 0px !important;padding-right: 0px !important;padding-bottom: 0px !important;padding-left: 0px !important;}&#8221;][vc_column css=&#8221;.vc_custom_1625655832067{margin-top: 0px !important;margin-right: 0px !important;margin-bottom: 0px !important;margin-left:<\/p>\n<a href=\"https:\/\/riad-albatoul.com\/de\/kontakt\/\" class=\"sohohotel-more-link\">Read More<\/a>","protected":false},"author":1,"featured_media":0,"parent":0,"menu_order":0,"comment_status":"closed","ping_status":"closed","template":"","meta":{"footnotes":""},"class_list":["post-97","page","type-page","status-publish","hentry"],"yoast_head":"<!-- This site is optimized with the Yoast SEO plugin v27.4 - https:\/\/yoast.com\/product\/yoast-seo-wordpress\/ -->\n<title>Kontakt | Riad Albatoul Marakesch<\/title>\n<meta name=\"robots\" content=\"index, follow, max-snippet:-1, max-image-preview:large, max-video-preview:-1\" \/>\n<link rel=\"canonical\" href=\"https:\/\/riad-albatoul.com\/de\/kontakt\/\" \/>\n<meta property=\"og:locale\" content=\"de_DE\" \/>\n<meta property=\"og:type\" content=\"article\" \/>\n<meta property=\"og:title\" content=\"Kontakt | Riad Albatoul Marakesch\" \/>\n<meta property=\"og:description\" content=\"[vc_row fixed_width=&#8221;true&#8221;][vc_column width=&#8221;1\/2&#8243;][\/vc_column][vc_column width=&#8221;1\/2&#8243;][vc_column_text]Wir freuen uns darauf, von Ihnen zu h\u00f6ren und hoffen, Sie sobald unter unseren zufriedenen G\u00e4sten zu begr\u00fc\u00dfen.[\/vc_column_text][vc_empty_space height=&#8221;35px&#8221;][vc_empty_space height=&#8221;70px&#8221;][\/vc_column][\/vc_row][vc_row css=&#8221;.vc_custom_1625655823267{margin-top: 0px !important;margin-right: 0px !important;margin-bottom: 0px !important;margin-left: 0px !important;border-top-width: 0px !important;border-right-width: 0px !important;border-bottom-width: 0px !important;border-left-width: 0px !important;padding-top: 0px !important;padding-right: 0px !important;padding-bottom: 0px !important;padding-left: 0px !important;}&#8221;][vc_column css=&#8221;.vc_custom_1625655832067{margin-top: 0px !important;margin-right: 0px !important;margin-bottom: 0px !important;margin-left:\" \/>\n<meta property=\"og:url\" content=\"https:\/\/riad-albatoul.com\/de\/kontakt\/\" \/>\n<meta property=\"og:site_name\" content=\"Riad Albatoul Marakesch\" \/>\n<meta property=\"article:modified_time\" content=\"2022-06-23T12:07:51+00:00\" \/>\n<meta name=\"twitter:card\" content=\"summary_large_image\" \/>\n<meta name=\"twitter:label1\" content=\"Gesch\u00e4tzte Lesezeit\" \/>\n\t<meta name=\"twitter:data1\" content=\"1\u00a0Minute\" \/>\n<script type=\"application\/ld+json\" class=\"yoast-schema-graph\">{\"@context\":\"https:\\\/\\\/schema.org\",\"@graph\":[{\"@type\":\"WebPage\",\"@id\":\"https:\\\/\\\/riad-albatoul.com\\\/de\\\/kontakt\\\/\",\"url\":\"https:\\\/\\\/riad-albatoul.com\\\/de\\\/kontakt\\\/\",\"name\":\"Kontakt | Riad Albatoul Marakesch\",\"isPartOf\":{\"@id\":\"https:\\\/\\\/riad-albatoul.com\\\/de\\\/#website\"},\"datePublished\":\"2022-05-21T08:14:00+00:00\",\"dateModified\":\"2022-06-23T12:07:51+00:00\",\"breadcrumb\":{\"@id\":\"https:\\\/\\\/riad-albatoul.com\\\/de\\\/kontakt\\\/#breadcrumb\"},\"inLanguage\":\"de\",\"potentialAction\":[{\"@type\":\"ReadAction\",\"target\":[\"https:\\\/\\\/riad-albatoul.com\\\/de\\\/kontakt\\\/\"]}]},{\"@type\":\"BreadcrumbList\",\"@id\":\"https:\\\/\\\/riad-albatoul.com\\\/de\\\/kontakt\\\/#breadcrumb\",\"itemListElement\":[{\"@type\":\"ListItem\",\"position\":1,\"name\":\"Home\",\"item\":\"https:\\\/\\\/riad-albatoul.com\\\/de\\\/\"},{\"@type\":\"ListItem\",\"position\":2,\"name\":\"Kontakt\"}]},{\"@type\":\"WebSite\",\"@id\":\"https:\\\/\\\/riad-albatoul.com\\\/de\\\/#website\",\"url\":\"https:\\\/\\\/riad-albatoul.com\\\/de\\\/\",\"name\":\"Riad Albatoul Marakesch\",\"description\":\"Ein traditionelles Riad, nur wenige Minuten vom ber\u00fchmten Platz Jemma al Fnaa entfernt\",\"publisher\":{\"@id\":\"https:\\\/\\\/riad-albatoul.com\\\/de\\\/#organization\"},\"potentialAction\":[{\"@type\":\"SearchAction\",\"target\":{\"@type\":\"EntryPoint\",\"urlTemplate\":\"https:\\\/\\\/riad-albatoul.com\\\/de\\\/?s={search_term_string}\"},\"query-input\":{\"@type\":\"PropertyValueSpecification\",\"valueRequired\":true,\"valueName\":\"search_term_string\"}}],\"inLanguage\":\"de\"},{\"@type\":\"Organization\",\"@id\":\"https:\\\/\\\/riad-albatoul.com\\\/de\\\/#organization\",\"name\":\"Riad Albatoul Marakesch\",\"url\":\"https:\\\/\\\/riad-albatoul.com\\\/de\\\/\",\"logo\":{\"@type\":\"ImageObject\",\"inLanguage\":\"de\",\"@id\":\"https:\\\/\\\/riad-albatoul.com\\\/de\\\/#\\\/schema\\\/logo\\\/image\\\/\",\"url\":\"https:\\\/\\\/riad-albatoul.com\\\/de\\\/wp-content\\\/uploads\\\/sites\\\/4\\\/2022\\\/05\\\/riad-albatoul-logo.png\",\"contentUrl\":\"https:\\\/\\\/riad-albatoul.com\\\/de\\\/wp-content\\\/uploads\\\/sites\\\/4\\\/2022\\\/05\\\/riad-albatoul-logo.png\",\"width\":220,\"height\":68,\"caption\":\"Riad Albatoul Marakesch\"},\"image\":{\"@id\":\"https:\\\/\\\/riad-albatoul.com\\\/de\\\/#\\\/schema\\\/logo\\\/image\\\/\"}}]}<\/script>\n<!-- \/ Yoast SEO plugin. -->","yoast_head_json":{"title":"Kontakt | Riad Albatoul Marakesch","robots":{"index":"index","follow":"follow","max-snippet":"max-snippet:-1","max-image-preview":"max-image-preview:large","max-video-preview":"max-video-preview:-1"},"canonical":"https:\/\/riad-albatoul.com\/de\/kontakt\/","og_locale":"de_DE","og_type":"article","og_title":"Kontakt | Riad Albatoul Marakesch","og_description":"[vc_row fixed_width=&#8221;true&#8221;][vc_column width=&#8221;1\/2&#8243;][\/vc_column][vc_column width=&#8221;1\/2&#8243;][vc_column_text]Wir freuen uns darauf, von Ihnen zu h\u00f6ren und hoffen, Sie sobald unter unseren zufriedenen G\u00e4sten zu begr\u00fc\u00dfen.[\/vc_column_text][vc_empty_space height=&#8221;35px&#8221;][vc_empty_space height=&#8221;70px&#8221;][\/vc_column][\/vc_row][vc_row css=&#8221;.vc_custom_1625655823267{margin-top: 0px !important;margin-right: 0px !important;margin-bottom: 0px !important;margin-left: 0px !important;border-top-width: 0px !important;border-right-width: 0px !important;border-bottom-width: 0px !important;border-left-width: 0px !important;padding-top: 0px !important;padding-right: 0px !important;padding-bottom: 0px !important;padding-left: 0px !important;}&#8221;][vc_column css=&#8221;.vc_custom_1625655832067{margin-top: 0px !important;margin-right: 0px !important;margin-bottom: 0px !important;margin-left:","og_url":"https:\/\/riad-albatoul.com\/de\/kontakt\/","og_site_name":"Riad Albatoul Marakesch","article_modified_time":"2022-06-23T12:07:51+00:00","twitter_card":"summary_large_image","twitter_misc":{"Gesch\u00e4tzte Lesezeit":"1\u00a0Minute"},"schema":{"@context":"https:\/\/schema.org","@graph":[{"@type":"WebPage","@id":"https:\/\/riad-albatoul.com\/de\/kontakt\/","url":"https:\/\/riad-albatoul.com\/de\/kontakt\/","name":"Kontakt | Riad Albatoul Marakesch","isPartOf":{"@id":"https:\/\/riad-albatoul.com\/de\/#website"},"datePublished":"2022-05-21T08:14:00+00:00","dateModified":"2022-06-23T12:07:51+00:00","breadcrumb":{"@id":"https:\/\/riad-albatoul.com\/de\/kontakt\/#breadcrumb"},"inLanguage":"de","potentialAction":[{"@type":"ReadAction","target":["https:\/\/riad-albatoul.com\/de\/kontakt\/"]}]},{"@type":"BreadcrumbList","@id":"https:\/\/riad-albatoul.com\/de\/kontakt\/#breadcrumb","itemListElement":[{"@type":"ListItem","position":1,"name":"Home","item":"https:\/\/riad-albatoul.com\/de\/"},{"@type":"ListItem","position":2,"name":"Kontakt"}]},{"@type":"WebSite","@id":"https:\/\/riad-albatoul.com\/de\/#website","url":"https:\/\/riad-albatoul.com\/de\/","name":"Riad Albatoul Marakesch","description":"Ein traditionelles Riad, nur wenige Minuten vom ber\u00fchmten Platz Jemma al Fnaa entfernt","publisher":{"@id":"https:\/\/riad-albatoul.com\/de\/#organization"},"potentialAction":[{"@type":"SearchAction","target":{"@type":"EntryPoint","urlTemplate":"https:\/\/riad-albatoul.com\/de\/?s={search_term_string}"},"query-input":{"@type":"PropertyValueSpecification","valueRequired":true,"valueName":"search_term_string"}}],"inLanguage":"de"},{"@type":"Organization","@id":"https:\/\/riad-albatoul.com\/de\/#organization","name":"Riad Albatoul Marakesch","url":"https:\/\/riad-albatoul.com\/de\/","logo":{"@type":"ImageObject","inLanguage":"de","@id":"https:\/\/riad-albatoul.com\/de\/#\/schema\/logo\/image\/","url":"https:\/\/riad-albatoul.com\/de\/wp-content\/uploads\/sites\/4\/2022\/05\/riad-albatoul-logo.png","contentUrl":"https:\/\/riad-albatoul.com\/de\/wp-content\/uploads\/sites\/4\/2022\/05\/riad-albatoul-logo.png","width":220,"height":68,"caption":"Riad Albatoul Marakesch"},"image":{"@id":"https:\/\/riad-albatoul.com\/de\/#\/schema\/logo\/image\/"}}]}},"_links":{"self":[{"href":"https:\/\/riad-albatoul.com\/de\/wp-json\/wp\/v2\/pages\/97","targetHints":{"allow":["GET"]}}],"collection":[{"href":"https:\/\/riad-albatoul.com\/de\/wp-json\/wp\/v2\/pages"}],"about":[{"href":"https:\/\/riad-albatoul.com\/de\/wp-json\/wp\/v2\/types\/page"}],"author":[{"embeddable":true,"href":"https:\/\/riad-albatoul.com\/de\/wp-json\/wp\/v2\/users\/1"}],"replies":[{"embeddable":true,"href":"https:\/\/riad-albatoul.com\/de\/wp-json\/wp\/v2\/comments?post=97"}],"version-history":[{"count":7,"href":"https:\/\/riad-albatoul.com\/de\/wp-json\/wp\/v2\/pages\/97\/revisions"}],"predecessor-version":[{"id":745,"href":"https:\/\/riad-albatoul.com\/de\/wp-json\/wp\/v2\/pages\/97\/revisions\/745"}],"wp:attachment":[{"href":"https:\/\/riad-albatoul.com\/de\/wp-json\/wp\/v2\/media?parent=97"}],"curies":[{"name":"wp","href":"https:\/\/api.w.org\/{rel}","templated":true}]}}