{"id":860,"date":"2023-09-08T15:33:43","date_gmt":"2023-09-08T13:33:43","guid":{"rendered":"https:\/\/riad-albatoul.com\/de\/?page_id=860"},"modified":"2023-09-08T23:51:00","modified_gmt":"2023-09-08T21:51:00","slug":"frauen-riad-albatoul","status":"publish","type":"page","link":"https:\/\/riad-albatoul.com\/de\/frauen-riad-albatoul\/","title":{"rendered":"Inspirierende Frauen im Riad Albatoul &#8211; Geschichten von Mut und Widerstand"},"content":{"rendered":"<section class=\"wpb-content-wrapper\"><p>[vc_row][vc_column]<h3 class=\"sohohotel-title-28px sohohotel-clearfix sohohotel-title-left\">Die Geschichte der Inspirierenden Frauen im Riad Albatoul<\/h3>[vc_column_text]Im Herzen des Riad Albatoul gibt es Zimmer, die nicht nur R\u00e4ume sind, sondern lebendige Erinnerungen an au\u00dfergew\u00f6hnliche Frauen. Diese Zimmer erz\u00e4hlen Geschichten von Mut, Widerstand, Kunst und sozialer Gerechtigkeit. Lassen Sie uns diese Zimmer erkunden und die faszinierenden Frauen ehren, die sie repr\u00e4sentieren.[\/vc_column_text][\/vc_column][\/vc_row][vc_row css=&#8221;.vc_custom_1694183242467{padding-bottom: 50px !important;}&#8221;][vc_column][vc_row_inner equal_height=&#8221;yes&#8221; css=&#8221;.vc_custom_1694183489567{padding-bottom: 50px !important;}&#8221;][vc_column_inner width=&#8221;1\/2&#8243;][vc_single_image image=&#8221;586&#8243; img_size=&#8221;full&#8221;][\/vc_column_inner][vc_column_inner width=&#8221;1\/2&#8243;]<h3 class=\"sohohotel-title-25px sohohotel-clearfix sohohotel-title-left\">Kharboucha - Die Stimme des Widerstands<\/h3>[vc_column_text]Das Kharboucha Zimmer im Riad Albatoul erz\u00e4hlt die inspirierende Geschichte von Kharboucha, einer mutigen Frau, die im sp\u00e4ten 19. Jahrhundert in der N\u00e4he von Safi geboren wurde. Sie geh\u00f6rte zum Oulad Zeid Stamm und nutzte die Kraft ihrer Lieder, um gegen die Grausamkeiten von Caid Aissa Ben Omar zu k\u00e4mpfen. Ihre aita-Musik, auch als &#8220;Schrei&#8221; bekannt, wurde zum Soundtrack des Widerstands. In ihren Liedern verspottete sie den Caid und forderte die Freiheit ihres Volkes. Das Kharboucha Zimmer erinnert uns daran, wie Musik und Worte die Welt ver\u00e4ndern k\u00f6nnen.[\/vc_column_text]<a href=\"https:\/\/riad-albatoul.com\/de\/kharboucha-room\/\" class=\"sohohotel-button1\" style=\"background: ;color:;margin: 0;\">Kharboucha Room entdecken<\/a><div class=\"sohohotel-clearboth\"><\/div>[\/vc_column_inner][\/vc_row_inner][vc_row_inner equal_height=&#8221;yes&#8221; css=&#8221;.vc_custom_1694188587703{padding-bottom: 50px !important;}&#8221;][vc_column_inner el_class=&#8221;vc_col-lg-push-6&#8243; width=&#8221;1\/2&#8243;][vc_single_image image=&#8221;593&#8243; img_size=&#8221;full&#8221;][\/vc_column_inner][vc_column_inner el_class=&#8221;vc_col-lg-pull-6&#8243; width=&#8221;1\/2&#8243;]<h3 class=\"sohohotel-title-25px sohohotel-clearfix sohohotel-title-left\">Dihya - Die Kriegerk\u00f6nigin<\/h3>[vc_column_text]Das Dihya Zimmer im Riad Albatoul ehrt die legend\u00e4re K\u00f6nigin Dihya, eine berberische Kriegerin, die im 7. Jahrhundert gegen die arabische Invasion in Nordafrika k\u00e4mpfte. Dihya f\u00fchrte die Berber in den Widerstand und f\u00fchrte sie zum Sieg. Sie wurde f\u00fcr ihre prophetischen F\u00e4higkeiten verehrt und mit Jeanne d&#8217;Arc verglichen. Die Geschichte von Dihya erz\u00e4hlt von einer furchtlosen Frau, die f\u00fcr die Freiheit ihres Volkes k\u00e4mpfte und niemals aufgab.[\/vc_column_text]<a href=\"https:\/\/riad-albatoul.com\/de\/dihya-room\/\" class=\"sohohotel-button1\" style=\"background: ;color:;margin: 0;\">Dihya Room entdecken<\/a><div class=\"sohohotel-clearboth\"><\/div>[\/vc_column_inner][\/vc_row_inner][vc_row_inner equal_height=&#8221;yes&#8221; css=&#8221;.vc_custom_1694183489567{padding-bottom: 50px !important;}&#8221;][vc_column_inner width=&#8221;1\/2&#8243;][vc_single_image image=&#8221;600&#8243; img_size=&#8221;full&#8221;][\/vc_column_inner][vc_column_inner width=&#8221;1\/2&#8243;]<h3 class=\"sohohotel-title-25px sohohotel-clearfix sohohotel-title-left\">Albatoul Suite - Ein Erbe der Liebe und Gerechtigkeit<\/h3>[vc_column_text]Die Albatoul Suite im Riad Albatoul erinnert an Mutter Albatoul, eine bemerkenswerte Frau, die ihr Leben der Liebe, F\u00fcrsorge und sozialen Gerechtigkeit widmete. Sie trat vor die marokkanische Wahrheitskommission und k\u00e4mpfte f\u00fcr Gerechtigkeit und Vers\u00f6hnung. Das Erbe von Mutter Albatoul lebt in diesem Zimmer weiter und erinnert uns daran, dass eine einzelne Person die Welt ver\u00e4ndern kann.[\/vc_column_text]<a href=\"https:\/\/riad-albatoul.com\/de\/albatoul-suite\/\" class=\"sohohotel-button1\" style=\"background: ;color:;margin: 0;\">Albatoul Suite entdecken<\/a><div class=\"sohohotel-clearboth\"><\/div>[\/vc_column_inner][\/vc_row_inner][vc_row_inner equal_height=&#8221;yes&#8221; css=&#8221;.vc_custom_1694189315543{padding-bottom: 50px !important;}&#8221;][vc_column_inner el_class=&#8221;vc_col-lg-push-6&#8243; width=&#8221;1\/2&#8243;][vc_single_image image=&#8221;606&#8243; img_size=&#8221;full&#8221;][\/vc_column_inner][vc_column_inner el_class=&#8221;vc_col-lg-pull-6&#8243; width=&#8221;1\/2&#8243;][vc_empty_space height=&#8221;20px&#8221;]<h3 class=\"sohohotel-title-25px sohohotel-clearfix sohohotel-title-left\">Aicha Contessa - Die Verf\u00fchrerische Kriegerin<\/h3>[vc_column_text]Das Aicha Contessa Zimmer erz\u00e4hlt die faszinierende Geschichte von Aicha, einer Frau, die im 16. Jahrhundert gegen portugiesische Invasoren k\u00e4mpfte. Ihre Legende als verf\u00fchrerische Kriegerin, die ihre Feinde bezwang, wurde \u00fcber die Jahrhunderte weitergegeben. Aicha repr\u00e4sentiert die Vielschichtigkeit der menschlichen Natur und erinnert uns daran, wie Geschichten oft von Furcht und Faszination gepr\u00e4gt sind.[\/vc_column_text]<a href=\"https:\/\/riad-albatoul.com\/de\/aicha-contessa-room\/\" class=\"sohohotel-button1\" style=\"background: ;color:;margin: 0;\">Zimmer Aicha Contessa entdecken<\/a><div class=\"sohohotel-clearboth\"><\/div>[\/vc_column_inner][\/vc_row_inner][vc_row_inner equal_height=&#8221;yes&#8221; css=&#8221;.vc_custom_1694183489567{padding-bottom: 50px !important;}&#8221;][vc_column_inner width=&#8221;1\/2&#8243;][vc_single_image image=&#8221;611&#8243; img_size=&#8221;full&#8221;][\/vc_column_inner][vc_column_inner width=&#8221;1\/2&#8243;][vc_empty_space height=&#8221;20px&#8221;]<h3 class=\"sohohotel-title-25px sohohotel-clearfix sohohotel-title-left\">Saida - Die Stimme der Menschenrechte<\/h3>[vc_column_text]Das Saida Zimmer im Riad Albatoul ehrt Saida Menebhi, eine marokkanische Dichterin, Lehrerin und Aktivistin. Saida k\u00e4mpfte gegen die Unterdr\u00fcckung und wurde f\u00fcr ihre Aktivit\u00e4ten gegen den Staat ins Gef\u00e4ngnis gesteckt. Ihr Tod nach einem Hungerstreik machte sie zur Ikone des Kampfes f\u00fcr Menschenrechte. Das Saida Zimmer ist ein Ort der Reflexion und erinnert uns daran, dass eine Stimme gegen Ungerechtigkeit niemals verstummen sollte.[\/vc_column_text]<a href=\"https:\/\/riad-albatoul.com\/de\/saida-room\/\" class=\"sohohotel-button1\" style=\"background: ;color:;margin: 0;\">Zimmer Saida entdecken<\/a><div class=\"sohohotel-clearboth\"><\/div>[\/vc_column_inner][\/vc_row_inner][vc_row_inner equal_height=&#8221;yes&#8221;][vc_column_inner el_class=&#8221;vc_col-lg-push-6&#8243; width=&#8221;1\/2&#8243;][vc_single_image image=&#8221;606&#8243; img_size=&#8221;full&#8221;][\/vc_column_inner][vc_column_inner el_class=&#8221;vc_col-lg-pull-6&#8243; width=&#8221;1\/2&#8243;]<h3 class=\"sohohotel-title-25px sohohotel-clearfix sohohotel-title-left\">Chaibia - Die K\u00fcnstlerin ohne Grenzen<\/h3>[vc_column_text]Chaibia &#8211; Die K\u00fcnstlerin ohne Grenzen Das Chaibia Zimmer erz\u00e4hlt die faszinierende Geschichte von Chaibia, einer Frau, die ohne formale Ausbildung zur K\u00fcnstlerin wurde. Ihr Talent wurde in einem Traum entdeckt, und sie malte mit Leidenschaft und Hingabe. Obwohl sie anfangs auf Widerstand stie\u00df, wurde ihre Kunst schlie\u00dflich anerkannt und mit der Cobra-Kunstbewegung verglichen. Chaibia erinnert uns daran, dass Kunst keine Grenzen kennt und das menschliche Potenzial grenzenlos ist.[\/vc_column_text]<a href=\"https:\/\/riad-albatoul.com\/de\/chaibia-room\/\" class=\"sohohotel-button1\" style=\"background: ;color:;margin: 0;\">Zimmer Chaibia entdecken<\/a><div class=\"sohohotel-clearboth\"><\/div>[\/vc_column_inner][\/vc_row_inner][\/vc_column][\/vc_row][vc_row][vc_column][vc_cta h2=&#8221;&#8221;]In diesen Zimmern im Riad Albatoul lebt die Geschichte dieser au\u00dfergew\u00f6hnlichen Frauen weiter, und sie inspirieren uns, f\u00fcr Freiheit, Gerechtigkeit und Kreativit\u00e4t einzutreten.[\/vc_cta][\/vc_column][\/vc_row]<\/p>\n<\/section>","protected":false},"excerpt":{"rendered":"<p>[vc_row][vc_column][vc_column_text]Im Herzen des Riad Albatoul gibt es Zimmer, die nicht nur R\u00e4ume sind, sondern lebendige Erinnerungen an au\u00dfergew\u00f6hnliche Frauen. Diese Zimmer erz\u00e4hlen Geschichten von Mut, Widerstand, Kunst und sozialer Gerechtigkeit. Lassen Sie uns diese Zimmer erkunden und die faszinierenden Frauen ehren, die sie repr\u00e4sentieren.[\/vc_column_text][\/vc_column][\/vc_row][vc_row css=&#8221;.vc_custom_1694183242467{padding-bottom: 50px !important;}&#8221;][vc_column][vc_row_inner equal_height=&#8221;yes&#8221; css=&#8221;.vc_custom_1694183489567{padding-bottom: 50px !important;}&#8221;][vc_column_inner width=&#8221;1\/2&#8243;][vc_single_image image=&#8221;586&#8243; img_size=&#8221;full&#8221;][\/vc_column_inner][vc_column_inner width=&#8221;1\/2&#8243;][vc_column_text]Das<\/p>\n<a href=\"https:\/\/riad-albatoul.com\/de\/frauen-riad-albatoul\/\" class=\"sohohotel-more-link\">Read More<\/a>","protected":false},"author":1,"featured_media":0,"parent":0,"menu_order":0,"comment_status":"closed","ping_status":"closed","template":"","meta":{"footnotes":""},"class_list":["post-860","page","type-page","status-publish","hentry"],"yoast_head":"<!-- This site is optimized with the Yoast SEO plugin v22.0 - https:\/\/yoast.com\/wordpress\/plugins\/seo\/ -->\n<title>Inspirierende Frauen im Riad Albatoul - Geschichten von Mut und Widerstand | Riad Albatoul Marakesch<\/title>\n<meta name=\"description\" content=\"Erfahren Sie mehr \u00fcber inspirierende Frauen im Riad Albatoul - Geschichten von Mut, Widerstand und sozialer Gerechtigkeit. Tauchen Sie ein in die faszinierenden Lebenswege dieser au\u00dfergew\u00f6hnlichen Frauen.\" \/>\n<meta name=\"robots\" content=\"index, follow, max-snippet:-1, max-image-preview:large, max-video-preview:-1\" \/>\n<link rel=\"canonical\" href=\"https:\/\/riad-albatoul.com\/de\/frauen-riad-albatoul\/\" \/>\n<meta property=\"og:locale\" content=\"de_DE\" \/>\n<meta property=\"og:type\" content=\"article\" \/>\n<meta property=\"og:title\" content=\"Inspirierende Frauen im Riad Albatoul - Geschichten von Mut und Widerstand | Riad Albatoul Marakesch\" \/>\n<meta property=\"og:description\" content=\"Erfahren Sie mehr \u00fcber inspirierende Frauen im Riad Albatoul - Geschichten von Mut, Widerstand und sozialer Gerechtigkeit. Tauchen Sie ein in die faszinierenden Lebenswege dieser au\u00dfergew\u00f6hnlichen Frauen.\" \/>\n<meta property=\"og:url\" content=\"https:\/\/riad-albatoul.com\/de\/frauen-riad-albatoul\/\" \/>\n<meta property=\"og:site_name\" content=\"Riad Albatoul Marakesch\" \/>\n<meta property=\"article:modified_time\" content=\"2023-09-08T21:51:00+00:00\" \/>\n<meta name=\"twitter:card\" content=\"summary_large_image\" \/>\n<meta name=\"twitter:label1\" content=\"Gesch\u00e4tzte Lesezeit\" \/>\n\t<meta name=\"twitter:data1\" content=\"4\u00a0Minuten\" \/>\n<script type=\"application\/ld+json\" class=\"yoast-schema-graph\">{\"@context\":\"https:\/\/schema.org\",\"@graph\":[{\"@type\":\"WebPage\",\"@id\":\"https:\/\/riad-albatoul.com\/de\/frauen-riad-albatoul\/\",\"url\":\"https:\/\/riad-albatoul.com\/de\/frauen-riad-albatoul\/\",\"name\":\"Inspirierende Frauen im Riad Albatoul - Geschichten von Mut und Widerstand | Riad Albatoul Marakesch\",\"isPartOf\":{\"@id\":\"https:\/\/riad-albatoul.com\/de\/#website\"},\"datePublished\":\"2023-09-08T13:33:43+00:00\",\"dateModified\":\"2023-09-08T21:51:00+00:00\",\"description\":\"Erfahren Sie mehr \u00fcber inspirierende Frauen im Riad Albatoul - Geschichten von Mut, Widerstand und sozialer Gerechtigkeit. Tauchen Sie ein in die faszinierenden Lebenswege dieser au\u00dfergew\u00f6hnlichen Frauen.\",\"breadcrumb\":{\"@id\":\"https:\/\/riad-albatoul.com\/de\/frauen-riad-albatoul\/#breadcrumb\"},\"inLanguage\":\"de\",\"potentialAction\":[{\"@type\":\"ReadAction\",\"target\":[\"https:\/\/riad-albatoul.com\/de\/frauen-riad-albatoul\/\"]}]},{\"@type\":\"BreadcrumbList\",\"@id\":\"https:\/\/riad-albatoul.com\/de\/frauen-riad-albatoul\/#breadcrumb\",\"itemListElement\":[{\"@type\":\"ListItem\",\"position\":1,\"name\":\"Home\",\"item\":\"https:\/\/riad-albatoul.com\/de\/\"},{\"@type\":\"ListItem\",\"position\":2,\"name\":\"Inspirierende Frauen im Riad Albatoul &#8211; Geschichten von Mut und Widerstand\"}]},{\"@type\":\"WebSite\",\"@id\":\"https:\/\/riad-albatoul.com\/de\/#website\",\"url\":\"https:\/\/riad-albatoul.com\/de\/\",\"name\":\"Riad Albatoul Marakesch\",\"description\":\"Ein traditionelles Riad, nur wenige Minuten vom ber\u00fchmten Platz Jemma al Fnaa entfernt\",\"publisher\":{\"@id\":\"https:\/\/riad-albatoul.com\/de\/#organization\"},\"potentialAction\":[{\"@type\":\"SearchAction\",\"target\":{\"@type\":\"EntryPoint\",\"urlTemplate\":\"https:\/\/riad-albatoul.com\/de\/?s={search_term_string}\"},\"query-input\":\"required name=search_term_string\"}],\"inLanguage\":\"de\"},{\"@type\":\"Organization\",\"@id\":\"https:\/\/riad-albatoul.com\/de\/#organization\",\"name\":\"Riad Albatoul Marakesch\",\"url\":\"https:\/\/riad-albatoul.com\/de\/\",\"logo\":{\"@type\":\"ImageObject\",\"inLanguage\":\"de\",\"@id\":\"https:\/\/riad-albatoul.com\/de\/#\/schema\/logo\/image\/\",\"url\":\"https:\/\/riad-albatoul.com\/de\/wp-content\/uploads\/sites\/4\/2022\/05\/riad-albatoul-logo.png\",\"contentUrl\":\"https:\/\/riad-albatoul.com\/de\/wp-content\/uploads\/sites\/4\/2022\/05\/riad-albatoul-logo.png\",\"width\":220,\"height\":68,\"caption\":\"Riad Albatoul Marakesch\"},\"image\":{\"@id\":\"https:\/\/riad-albatoul.com\/de\/#\/schema\/logo\/image\/\"}}]}<\/script>\n<!-- \/ Yoast SEO plugin. -->","yoast_head_json":{"title":"Inspirierende Frauen im Riad Albatoul - Geschichten von Mut und Widerstand | Riad Albatoul Marakesch","description":"Erfahren Sie mehr \u00fcber inspirierende Frauen im Riad Albatoul - Geschichten von Mut, Widerstand und sozialer Gerechtigkeit. Tauchen Sie ein in die faszinierenden Lebenswege dieser au\u00dfergew\u00f6hnlichen Frauen.","robots":{"index":"index","follow":"follow","max-snippet":"max-snippet:-1","max-image-preview":"max-image-preview:large","max-video-preview":"max-video-preview:-1"},"canonical":"https:\/\/riad-albatoul.com\/de\/frauen-riad-albatoul\/","og_locale":"de_DE","og_type":"article","og_title":"Inspirierende Frauen im Riad Albatoul - Geschichten von Mut und Widerstand | Riad Albatoul Marakesch","og_description":"Erfahren Sie mehr \u00fcber inspirierende Frauen im Riad Albatoul - Geschichten von Mut, Widerstand und sozialer Gerechtigkeit. Tauchen Sie ein in die faszinierenden Lebenswege dieser au\u00dfergew\u00f6hnlichen Frauen.","og_url":"https:\/\/riad-albatoul.com\/de\/frauen-riad-albatoul\/","og_site_name":"Riad Albatoul Marakesch","article_modified_time":"2023-09-08T21:51:00+00:00","twitter_card":"summary_large_image","twitter_misc":{"Gesch\u00e4tzte Lesezeit":"4\u00a0Minuten"},"schema":{"@context":"https:\/\/schema.org","@graph":[{"@type":"WebPage","@id":"https:\/\/riad-albatoul.com\/de\/frauen-riad-albatoul\/","url":"https:\/\/riad-albatoul.com\/de\/frauen-riad-albatoul\/","name":"Inspirierende Frauen im Riad Albatoul - Geschichten von Mut und Widerstand | Riad Albatoul Marakesch","isPartOf":{"@id":"https:\/\/riad-albatoul.com\/de\/#website"},"datePublished":"2023-09-08T13:33:43+00:00","dateModified":"2023-09-08T21:51:00+00:00","description":"Erfahren Sie mehr \u00fcber inspirierende Frauen im Riad Albatoul - Geschichten von Mut, Widerstand und sozialer Gerechtigkeit. Tauchen Sie ein in die faszinierenden Lebenswege dieser au\u00dfergew\u00f6hnlichen Frauen.","breadcrumb":{"@id":"https:\/\/riad-albatoul.com\/de\/frauen-riad-albatoul\/#breadcrumb"},"inLanguage":"de","potentialAction":[{"@type":"ReadAction","target":["https:\/\/riad-albatoul.com\/de\/frauen-riad-albatoul\/"]}]},{"@type":"BreadcrumbList","@id":"https:\/\/riad-albatoul.com\/de\/frauen-riad-albatoul\/#breadcrumb","itemListElement":[{"@type":"ListItem","position":1,"name":"Home","item":"https:\/\/riad-albatoul.com\/de\/"},{"@type":"ListItem","position":2,"name":"Inspirierende Frauen im Riad Albatoul &#8211; Geschichten von Mut und Widerstand"}]},{"@type":"WebSite","@id":"https:\/\/riad-albatoul.com\/de\/#website","url":"https:\/\/riad-albatoul.com\/de\/","name":"Riad Albatoul Marakesch","description":"Ein traditionelles Riad, nur wenige Minuten vom ber\u00fchmten Platz Jemma al Fnaa entfernt","publisher":{"@id":"https:\/\/riad-albatoul.com\/de\/#organization"},"potentialAction":[{"@type":"SearchAction","target":{"@type":"EntryPoint","urlTemplate":"https:\/\/riad-albatoul.com\/de\/?s={search_term_string}"},"query-input":"required name=search_term_string"}],"inLanguage":"de"},{"@type":"Organization","@id":"https:\/\/riad-albatoul.com\/de\/#organization","name":"Riad Albatoul Marakesch","url":"https:\/\/riad-albatoul.com\/de\/","logo":{"@type":"ImageObject","inLanguage":"de","@id":"https:\/\/riad-albatoul.com\/de\/#\/schema\/logo\/image\/","url":"https:\/\/riad-albatoul.com\/de\/wp-content\/uploads\/sites\/4\/2022\/05\/riad-albatoul-logo.png","contentUrl":"https:\/\/riad-albatoul.com\/de\/wp-content\/uploads\/sites\/4\/2022\/05\/riad-albatoul-logo.png","width":220,"height":68,"caption":"Riad Albatoul Marakesch"},"image":{"@id":"https:\/\/riad-albatoul.com\/de\/#\/schema\/logo\/image\/"}}]}},"_links":{"self":[{"href":"https:\/\/riad-albatoul.com\/de\/wp-json\/wp\/v2\/pages\/860","targetHints":{"allow":["GET"]}}],"collection":[{"href":"https:\/\/riad-albatoul.com\/de\/wp-json\/wp\/v2\/pages"}],"about":[{"href":"https:\/\/riad-albatoul.com\/de\/wp-json\/wp\/v2\/types\/page"}],"author":[{"embeddable":true,"href":"https:\/\/riad-albatoul.com\/de\/wp-json\/wp\/v2\/users\/1"}],"replies":[{"embeddable":true,"href":"https:\/\/riad-albatoul.com\/de\/wp-json\/wp\/v2\/comments?post=860"}],"version-history":[{"count":34,"href":"https:\/\/riad-albatoul.com\/de\/wp-json\/wp\/v2\/pages\/860\/revisions"}],"predecessor-version":[{"id":895,"href":"https:\/\/riad-albatoul.com\/de\/wp-json\/wp\/v2\/pages\/860\/revisions\/895"}],"wp:attachment":[{"href":"https:\/\/riad-albatoul.com\/de\/wp-json\/wp\/v2\/media?parent=860"}],"curies":[{"name":"wp","href":"https:\/\/api.w.org\/{rel}","templated":true}]}}