{"id":85,"date":"2022-05-21T10:13:55","date_gmt":"2022-05-21T08:13:55","guid":{"rendered":"https:\/\/riad-albatoul.com\/index.php\/about-us-ii\/"},"modified":"2022-05-24T16:29:44","modified_gmt":"2022-05-24T14:29:44","slug":"ueber-uns","status":"publish","type":"page","link":"https:\/\/riad-albatoul.com\/de\/ueber-uns\/","title":{"rendered":"\u00dcber uns"},"content":{"rendered":"<section class=\"wpb-content-wrapper\"><p>[vc_row][vc_column][vc_row_inner][vc_column_inner]<h3 class=\"sohohotel-title-35px sohohotel-clearfix sohohotel-title-center\">Geschichte<\/h3>[vc_empty_space][\/vc_column_inner][\/vc_row_inner][vc_row_inner equal_height=&#8221;yes&#8221; content_placement=&#8221;middle&#8221; css=&#8221;.vc_custom_1576943359507{padding-bottom: 50px !important;}&#8221;][vc_column_inner el_class=&#8221;vc_col-lg-push-6&#8243; width=&#8221;1\/2&#8243;][vc_single_image image=&#8221;640&#8243; img_size=&#8221;full&#8221;][\/vc_column_inner][vc_column_inner el_class=&#8221;vc_col-lg-pull-6&#8243; width=&#8221;1\/2&#8243;]<h3 class=\"sohohotel-title-28px sohohotel-clearfix sohohotel-title-left\">Ein Gl\u00fccksfall<\/h3>[vc_column_text]Birgit und Noureddine kommen aus dem S\u00fcddeutschland. Inspiriert von der berauschenden Atmosph\u00e4re der Stadt Marrakech, entdeckten sie im Jahr 2015 ein wundersch\u00f6nes traditionelles Haus mitten im Zentrum der Altstadt. Gr\u00f6\u00dfe und Standort des Hauses waren ideal, um den Traum von einem G\u00e4stehaus in Marrakech zu verwirklichen. Das marokkanische Haus mit Patio und Dachterrasse war urspr\u00fcnglich im Besitz einer gro\u00dfen und bekannten marokkanischen Familie, die darauf spezialisiert war, Blasbalge aus Leder und Holz herzustellen.[\/vc_column_text][\/vc_column_inner][\/vc_row_inner][vc_row_inner equal_height=&#8221;yes&#8221; content_placement=&#8221;middle&#8221; css=&#8221;.vc_custom_1576943401993{padding-bottom: 50px !important;}&#8221;][vc_column_inner width=&#8221;1\/2&#8243;][vc_single_image image=&#8221;639&#8243; img_size=&#8221;full&#8221;][\/vc_column_inner][vc_column_inner width=&#8221;1\/2&#8243;]<h3 class=\"sohohotel-title-28px sohohotel-clearfix sohohotel-title-left\">Renovierung mit Eseln und Karren<\/h3>[vc_column_text]Nach zwei Jahren Renovierungszeit er\u00f6ffnet das Riad Albatoul im September 2018.<br \/>\nDie Architektin Birgit G\u00f6tz-Ullrich und Noureddine Belhaouari haben das atmosph\u00e4rische Haus mit viel Liebe zum Detail renoviert. Die traditionelle marokkanische Handwerkskunst wurde auf h\u00f6chstem k\u00fcnstlerischem und technischem Niveau ausgef\u00fchrt. Im Riad Albatoul vereinigen sich Tradition, moderne Technik und ansprechendes Design.<br \/>\nHier erleben Sie komfortablen internationalen Standard mit marokkanischem Flair.[\/vc_column_text][\/vc_column_inner][\/vc_row_inner][vc_row_inner equal_height=&#8221;yes&#8221; content_placement=&#8221;middle&#8221; css=&#8221;.vc_custom_1576943412000{padding-bottom: 50px !important;}&#8221;][vc_column_inner el_class=&#8221;vc_col-lg-push-6&#8243; width=&#8221;1\/2&#8243;][vc_single_image image=&#8221;638&#8243; img_size=&#8221;full&#8221;][\/vc_column_inner][vc_column_inner el_class=&#8221;vc_col-lg-pull-6&#8243; width=&#8221;1\/2&#8243;]<h3 class=\"sohohotel-title-28px sohohotel-clearfix sohohotel-title-left\">Riad Albatoul<\/h3>[vc_column_text]Das wundersch\u00f6ne Riad mit begr\u00fcntem Innenhof und Pool verf\u00fcgt \u00fcber f\u00fcnf atmosph\u00e4rische und geschmackvoll gestaltete Zimmer und eine luxuri\u00f6se Suite. Alle Schlafzimmer verf\u00fcgen \u00fcber ein wundersch\u00f6nes, mit blaugr\u00fcnen Farben gestaltetes Badezimmer.<br \/>\nIm Erdgeschoss bietet ein marokkanischer Salon mit offenem Kamin die M\u00f6glichkeit, sich zu entspannen.<br \/>\nAuf der gro\u00dfz\u00fcgigen Dachterrasse verdampfen die Stimmen der Stadt und verlieren sich in dem weiten blauen Himmel.<br \/>\nAuf den Sonnenliegen auf der Dachterrasse und in unserem Spa k\u00f6nnen Sie die Seele baumeln lassen.<br \/>\nAm Abend laden die Freiluftbar und eine bequeme Sitzgruppe auf der Dachterasse ein, anregende Gespr\u00e4che zu f\u00fchren und gem\u00fctliche Stunden zu verbringen.[\/vc_column_text][\/vc_column_inner][\/vc_row_inner][vc_row_inner rtl_reverse=&#8221;yes&#8221; content_placement=&#8221;middle&#8221; css=&#8221;.vc_custom_1576943424607{padding-bottom: 50px !important;}&#8221;][vc_column_inner width=&#8221;1\/2&#8243;][vc_single_image image=&#8221;637&#8243; img_size=&#8221;full&#8221;][\/vc_column_inner][vc_column_inner width=&#8221;1\/2&#8243;]<h3 class=\"sohohotel-title-28px sohohotel-clearfix sohohotel-title-left\">Der Name Riad Albatoul<\/h3>[vc_column_text]Von Anfang an wussten wir, dass dieses traditionelle Haus den Namen von Noureddines Mutter tragen wird. Mutter Albatoul war eine wunderbare und sehr engagierte Frau, die ihr ganzes Leben lang ihre Familie versorgte und sich f\u00fcr arme B\u00fcrger und Menschenrechte einsetzte.[\/vc_column_text][\/vc_column_inner][\/vc_row_inner][vc_row_inner equal_height=&#8221;yes&#8221; content_placement=&#8221;middle&#8221; css=&#8221;.vc_custom_1576943473278{padding-bottom: 50px !important;}&#8221;][vc_column_inner el_class=&#8221;vc_col-lg-push-6&#8243; width=&#8221;1\/2&#8243;][vc_single_image image=&#8221;636&#8243; img_size=&#8221;full&#8221;][\/vc_column_inner][vc_column_inner el_class=&#8221;vc_col-lg-pull-6&#8243; width=&#8221;1\/2&#8243;]<h3 class=\"sohohotel-title-28px sohohotel-clearfix sohohotel-title-left\">Unser Team<\/h3>[vc_column_text]Unser Team von Riad Albatoul ist von Anfang an f\u00fcr Sie da und sorgt f\u00fcr eine pers\u00f6nliche, vertraute und famili\u00e4re Atmosph\u00e4re.<br \/>\nWir werden sie mit k\u00f6stlichen Speisen und erfrischenden Getr\u00e4nken verw\u00f6hnen.<br \/>\nIhre W\u00fcnsche sind uns eine Herzensangelegenheit.[\/vc_column_text][\/vc_column_inner][\/vc_row_inner][vc_row_inner equal_height=&#8221;yes&#8221; content_placement=&#8221;middle&#8221; css=&#8221;.vc_custom_1576943454108{padding-bottom: 50px !important;}&#8221;][vc_column_inner width=&#8221;1\/2&#8243;][vc_single_image image=&#8221;631&#8243; img_size=&#8221;full&#8221;][\/vc_column_inner][vc_column_inner width=&#8221;1\/2&#8243;]<h3 class=\"sohohotel-title-28px sohohotel-clearfix sohohotel-title-left\">Die Lage ist perfekt um Marrakech zu entdecken<\/h3>[vc_column_text]Das Riad Albatoul befindet sich inmitten der Medina von Marrakech im Quartier \u201eBen Saleh\u201c. Der Hauptplatz, der Djemaa el Fna, die traditionellen M\u00e4rkte, sowie interessante Museen und historische Pal\u00e4ste sind in wenigen Minuten zu Fu\u00df erreichbar.<br \/>\nNoureddine ist mit diesem Quartier besonders verbunden, da er seine Kindheit und Jugend hier verbracht hat. Wir sind sehr gl\u00fccklich dar\u00fcber, diesen wundersch\u00f6nen Standort f\u00fcr unseren Riad gefunden zu haben.[\/vc_column_text][\/vc_column_inner][\/vc_row_inner][\/vc_column][\/vc_row]<\/p>\n<\/section>","protected":false},"excerpt":{"rendered":"<p>[vc_row][vc_column][vc_row_inner][vc_column_inner][vc_empty_space][\/vc_column_inner][\/vc_row_inner][vc_row_inner equal_height=&#8221;yes&#8221; content_placement=&#8221;middle&#8221; css=&#8221;.vc_custom_1576943359507{padding-bottom: 50px !important;}&#8221;][vc_column_inner el_class=&#8221;vc_col-lg-push-6&#8243; width=&#8221;1\/2&#8243;][vc_single_image image=&#8221;640&#8243; img_size=&#8221;full&#8221;][\/vc_column_inner][vc_column_inner el_class=&#8221;vc_col-lg-pull-6&#8243; width=&#8221;1\/2&#8243;][vc_column_text]Birgit und Noureddine kommen aus dem S\u00fcddeutschland. Inspiriert von der berauschenden Atmosph\u00e4re der Stadt Marrakech, entdeckten sie im Jahr 2015 ein wundersch\u00f6nes traditionelles Haus mitten im Zentrum der Altstadt. Gr\u00f6\u00dfe und Standort des Hauses waren ideal, um den Traum von einem G\u00e4stehaus in Marrakech<\/p>\n<a href=\"https:\/\/riad-albatoul.com\/de\/ueber-uns\/\" class=\"sohohotel-more-link\">Read More<\/a>","protected":false},"author":1,"featured_media":0,"parent":0,"menu_order":0,"comment_status":"closed","ping_status":"closed","template":"","meta":{"footnotes":""},"class_list":["post-85","page","type-page","status-publish","hentry"],"yoast_head":"<!-- This site is optimized with the Yoast SEO plugin v27.4 - https:\/\/yoast.com\/product\/yoast-seo-wordpress\/ -->\n<title>\u00dcber uns | Riad Albatoul Marakesch<\/title>\n<meta name=\"robots\" content=\"index, follow, max-snippet:-1, max-image-preview:large, max-video-preview:-1\" \/>\n<link rel=\"canonical\" href=\"https:\/\/riad-albatoul.com\/de\/ueber-uns\/\" \/>\n<meta property=\"og:locale\" content=\"de_DE\" \/>\n<meta property=\"og:type\" content=\"article\" \/>\n<meta property=\"og:title\" content=\"\u00dcber uns | Riad Albatoul Marakesch\" \/>\n<meta property=\"og:description\" content=\"[vc_row][vc_column][vc_row_inner][vc_column_inner][vc_empty_space][\/vc_column_inner][\/vc_row_inner][vc_row_inner equal_height=&#8221;yes&#8221; content_placement=&#8221;middle&#8221; css=&#8221;.vc_custom_1576943359507{padding-bottom: 50px !important;}&#8221;][vc_column_inner el_class=&#8221;vc_col-lg-push-6&#8243; width=&#8221;1\/2&#8243;][vc_single_image image=&#8221;640&#8243; img_size=&#8221;full&#8221;][\/vc_column_inner][vc_column_inner el_class=&#8221;vc_col-lg-pull-6&#8243; width=&#8221;1\/2&#8243;][vc_column_text]Birgit und Noureddine kommen aus dem S\u00fcddeutschland. Inspiriert von der berauschenden Atmosph\u00e4re der Stadt Marrakech, entdeckten sie im Jahr 2015 ein wundersch\u00f6nes traditionelles Haus mitten im Zentrum der Altstadt. Gr\u00f6\u00dfe und Standort des Hauses waren ideal, um den Traum von einem G\u00e4stehaus in Marrakech\" \/>\n<meta property=\"og:url\" content=\"https:\/\/riad-albatoul.com\/de\/ueber-uns\/\" \/>\n<meta property=\"og:site_name\" content=\"Riad Albatoul Marakesch\" \/>\n<meta property=\"article:modified_time\" content=\"2022-05-24T14:29:44+00:00\" \/>\n<meta name=\"twitter:card\" content=\"summary_large_image\" \/>\n<meta name=\"twitter:label1\" content=\"Gesch\u00e4tzte Lesezeit\" \/>\n\t<meta name=\"twitter:data1\" content=\"4\u00a0Minuten\" \/>\n<script type=\"application\/ld+json\" class=\"yoast-schema-graph\">{\"@context\":\"https:\\\/\\\/schema.org\",\"@graph\":[{\"@type\":\"WebPage\",\"@id\":\"https:\\\/\\\/riad-albatoul.com\\\/de\\\/ueber-uns\\\/\",\"url\":\"https:\\\/\\\/riad-albatoul.com\\\/de\\\/ueber-uns\\\/\",\"name\":\"\u00dcber uns | Riad Albatoul Marakesch\",\"isPartOf\":{\"@id\":\"https:\\\/\\\/riad-albatoul.com\\\/de\\\/#website\"},\"datePublished\":\"2022-05-21T08:13:55+00:00\",\"dateModified\":\"2022-05-24T14:29:44+00:00\",\"breadcrumb\":{\"@id\":\"https:\\\/\\\/riad-albatoul.com\\\/de\\\/ueber-uns\\\/#breadcrumb\"},\"inLanguage\":\"de\",\"potentialAction\":[{\"@type\":\"ReadAction\",\"target\":[\"https:\\\/\\\/riad-albatoul.com\\\/de\\\/ueber-uns\\\/\"]}]},{\"@type\":\"BreadcrumbList\",\"@id\":\"https:\\\/\\\/riad-albatoul.com\\\/de\\\/ueber-uns\\\/#breadcrumb\",\"itemListElement\":[{\"@type\":\"ListItem\",\"position\":1,\"name\":\"Home\",\"item\":\"https:\\\/\\\/riad-albatoul.com\\\/de\\\/\"},{\"@type\":\"ListItem\",\"position\":2,\"name\":\"\u00dcber uns\"}]},{\"@type\":\"WebSite\",\"@id\":\"https:\\\/\\\/riad-albatoul.com\\\/de\\\/#website\",\"url\":\"https:\\\/\\\/riad-albatoul.com\\\/de\\\/\",\"name\":\"Riad Albatoul Marakesch\",\"description\":\"Ein traditionelles Riad, nur wenige Minuten vom ber\u00fchmten Platz Jemma al Fnaa entfernt\",\"publisher\":{\"@id\":\"https:\\\/\\\/riad-albatoul.com\\\/de\\\/#organization\"},\"potentialAction\":[{\"@type\":\"SearchAction\",\"target\":{\"@type\":\"EntryPoint\",\"urlTemplate\":\"https:\\\/\\\/riad-albatoul.com\\\/de\\\/?s={search_term_string}\"},\"query-input\":{\"@type\":\"PropertyValueSpecification\",\"valueRequired\":true,\"valueName\":\"search_term_string\"}}],\"inLanguage\":\"de\"},{\"@type\":\"Organization\",\"@id\":\"https:\\\/\\\/riad-albatoul.com\\\/de\\\/#organization\",\"name\":\"Riad Albatoul Marakesch\",\"url\":\"https:\\\/\\\/riad-albatoul.com\\\/de\\\/\",\"logo\":{\"@type\":\"ImageObject\",\"inLanguage\":\"de\",\"@id\":\"https:\\\/\\\/riad-albatoul.com\\\/de\\\/#\\\/schema\\\/logo\\\/image\\\/\",\"url\":\"https:\\\/\\\/riad-albatoul.com\\\/de\\\/wp-content\\\/uploads\\\/sites\\\/4\\\/2022\\\/05\\\/riad-albatoul-logo.png\",\"contentUrl\":\"https:\\\/\\\/riad-albatoul.com\\\/de\\\/wp-content\\\/uploads\\\/sites\\\/4\\\/2022\\\/05\\\/riad-albatoul-logo.png\",\"width\":220,\"height\":68,\"caption\":\"Riad Albatoul Marakesch\"},\"image\":{\"@id\":\"https:\\\/\\\/riad-albatoul.com\\\/de\\\/#\\\/schema\\\/logo\\\/image\\\/\"}}]}<\/script>\n<!-- \/ Yoast SEO plugin. -->","yoast_head_json":{"title":"\u00dcber uns | Riad Albatoul Marakesch","robots":{"index":"index","follow":"follow","max-snippet":"max-snippet:-1","max-image-preview":"max-image-preview:large","max-video-preview":"max-video-preview:-1"},"canonical":"https:\/\/riad-albatoul.com\/de\/ueber-uns\/","og_locale":"de_DE","og_type":"article","og_title":"\u00dcber uns | Riad Albatoul Marakesch","og_description":"[vc_row][vc_column][vc_row_inner][vc_column_inner][vc_empty_space][\/vc_column_inner][\/vc_row_inner][vc_row_inner equal_height=&#8221;yes&#8221; content_placement=&#8221;middle&#8221; css=&#8221;.vc_custom_1576943359507{padding-bottom: 50px !important;}&#8221;][vc_column_inner el_class=&#8221;vc_col-lg-push-6&#8243; width=&#8221;1\/2&#8243;][vc_single_image image=&#8221;640&#8243; img_size=&#8221;full&#8221;][\/vc_column_inner][vc_column_inner el_class=&#8221;vc_col-lg-pull-6&#8243; width=&#8221;1\/2&#8243;][vc_column_text]Birgit und Noureddine kommen aus dem S\u00fcddeutschland. Inspiriert von der berauschenden Atmosph\u00e4re der Stadt Marrakech, entdeckten sie im Jahr 2015 ein wundersch\u00f6nes traditionelles Haus mitten im Zentrum der Altstadt. Gr\u00f6\u00dfe und Standort des Hauses waren ideal, um den Traum von einem G\u00e4stehaus in Marrakech","og_url":"https:\/\/riad-albatoul.com\/de\/ueber-uns\/","og_site_name":"Riad Albatoul Marakesch","article_modified_time":"2022-05-24T14:29:44+00:00","twitter_card":"summary_large_image","twitter_misc":{"Gesch\u00e4tzte Lesezeit":"4\u00a0Minuten"},"schema":{"@context":"https:\/\/schema.org","@graph":[{"@type":"WebPage","@id":"https:\/\/riad-albatoul.com\/de\/ueber-uns\/","url":"https:\/\/riad-albatoul.com\/de\/ueber-uns\/","name":"\u00dcber uns | Riad Albatoul Marakesch","isPartOf":{"@id":"https:\/\/riad-albatoul.com\/de\/#website"},"datePublished":"2022-05-21T08:13:55+00:00","dateModified":"2022-05-24T14:29:44+00:00","breadcrumb":{"@id":"https:\/\/riad-albatoul.com\/de\/ueber-uns\/#breadcrumb"},"inLanguage":"de","potentialAction":[{"@type":"ReadAction","target":["https:\/\/riad-albatoul.com\/de\/ueber-uns\/"]}]},{"@type":"BreadcrumbList","@id":"https:\/\/riad-albatoul.com\/de\/ueber-uns\/#breadcrumb","itemListElement":[{"@type":"ListItem","position":1,"name":"Home","item":"https:\/\/riad-albatoul.com\/de\/"},{"@type":"ListItem","position":2,"name":"\u00dcber uns"}]},{"@type":"WebSite","@id":"https:\/\/riad-albatoul.com\/de\/#website","url":"https:\/\/riad-albatoul.com\/de\/","name":"Riad Albatoul Marakesch","description":"Ein traditionelles Riad, nur wenige Minuten vom ber\u00fchmten Platz Jemma al Fnaa entfernt","publisher":{"@id":"https:\/\/riad-albatoul.com\/de\/#organization"},"potentialAction":[{"@type":"SearchAction","target":{"@type":"EntryPoint","urlTemplate":"https:\/\/riad-albatoul.com\/de\/?s={search_term_string}"},"query-input":{"@type":"PropertyValueSpecification","valueRequired":true,"valueName":"search_term_string"}}],"inLanguage":"de"},{"@type":"Organization","@id":"https:\/\/riad-albatoul.com\/de\/#organization","name":"Riad Albatoul Marakesch","url":"https:\/\/riad-albatoul.com\/de\/","logo":{"@type":"ImageObject","inLanguage":"de","@id":"https:\/\/riad-albatoul.com\/de\/#\/schema\/logo\/image\/","url":"https:\/\/riad-albatoul.com\/de\/wp-content\/uploads\/sites\/4\/2022\/05\/riad-albatoul-logo.png","contentUrl":"https:\/\/riad-albatoul.com\/de\/wp-content\/uploads\/sites\/4\/2022\/05\/riad-albatoul-logo.png","width":220,"height":68,"caption":"Riad Albatoul Marakesch"},"image":{"@id":"https:\/\/riad-albatoul.com\/de\/#\/schema\/logo\/image\/"}}]}},"_links":{"self":[{"href":"https:\/\/riad-albatoul.com\/de\/wp-json\/wp\/v2\/pages\/85","targetHints":{"allow":["GET"]}}],"collection":[{"href":"https:\/\/riad-albatoul.com\/de\/wp-json\/wp\/v2\/pages"}],"about":[{"href":"https:\/\/riad-albatoul.com\/de\/wp-json\/wp\/v2\/types\/page"}],"author":[{"embeddable":true,"href":"https:\/\/riad-albatoul.com\/de\/wp-json\/wp\/v2\/users\/1"}],"replies":[{"embeddable":true,"href":"https:\/\/riad-albatoul.com\/de\/wp-json\/wp\/v2\/comments?post=85"}],"version-history":[{"count":3,"href":"https:\/\/riad-albatoul.com\/de\/wp-json\/wp\/v2\/pages\/85\/revisions"}],"predecessor-version":[{"id":641,"href":"https:\/\/riad-albatoul.com\/de\/wp-json\/wp\/v2\/pages\/85\/revisions\/641"}],"wp:attachment":[{"href":"https:\/\/riad-albatoul.com\/de\/wp-json\/wp\/v2\/media?parent=85"}],"curies":[{"name":"wp","href":"https:\/\/api.w.org\/{rel}","templated":true}]}}