{"id":393,"date":"2022-05-21T18:30:18","date_gmt":"2022-05-21T18:30:18","guid":{"rendered":"https:\/\/riad-albatoul.com\/?page_id=393"},"modified":"2025-05-06T19:31:30","modified_gmt":"2025-05-06T17:31:30","slug":"services","status":"publish","type":"page","link":"https:\/\/riad-albatoul.com\/de\/services\/","title":{"rendered":"Services"},"content":{"rendered":"<section class=\"wpb-content-wrapper\"><p>[vc_row][vc_column][vc_row_inner][vc_column_inner]<h3 class=\"sohohotel-title-28px sohohotel-clearfix sohohotel-title-center\">Service und G\u00e4steeinrichtungen<\/h3><h3 class=\"sohohotel-title-20px sohohotel-clearfix sohohotel-title-center\">Das Riad Albatoul bietet Ihnen eine gro\u00dfe Bandbreite an Service und G\u00e4steeinrichtungen f\u00fcr Ihren Komfort.<\/h3>[\/vc_column_inner][\/vc_row_inner][vc_row_inner][vc_column_inner width=&#8221;1\/3&#8243;][vc_single_image image=&#8221;645&#8243; img_size=&#8221;full&#8221;]<h3 class=\"sohohotel-title-20px sohohotel-clearfix sohohotel-title-center\">Patio &amp; Pool<\/h3>[vc_column_text]Beginnen Sie den Tag mit einem erfrischenden Bad im Pool und genie\u00dfen Sie dabei den Duft von Orangen und Jasim. Im k\u00fchlen Schatten der Arkaden scheint es, als w\u00fcrde die Zeit f\u00fcr einen Moment stehen bleiben.[\/vc_column_text][\/vc_column_inner][vc_column_inner width=&#8221;1\/3&#8243;][vc_single_image image=&#8221;646&#8243; img_size=&#8221;full&#8221;]<h3 class=\"sohohotel-title-20px sohohotel-clearfix sohohotel-title-center\">Dachterrasse<\/h3>[vc_column_text]Auf der gro\u00dfz\u00fcgigen Dachterrasse verdampfen die Stimmen der Stadt und verlieren sich in dem weiten blauen Himmel. Entspannen Sie beim beruhigenden Pl\u00e4tschern des Brunnens auf unseren bequemen Sonnenliegen. Am Abend laden die Freiluftm\u00f6glichkeiten und eine bequeme Sitzgruppe zu anregenden Gespr\u00e4chen ein[\/vc_column_text][\/vc_column_inner][vc_column_inner width=&#8221;1\/3&#8243;][vc_single_image image=&#8221;647&#8243; img_size=&#8221;full&#8221;]<h3 class=\"sohohotel-title-20px sohohotel-clearfix sohohotel-title-center\">Beauty Spa &amp; Hammam<\/h3>[vc_column_text]Der Besuch in unserem Hammam mit traditionellem Kuppeldach ist ein typisch orientalisches Erlebnis, das Sie nicht verpassen sollten.<br \/>\nAuf Wunsch verw\u00f6hnen wir Sie mit Massagen, die wir gerne vorab f\u00fcr Sie reservieren.[\/vc_column_text][\/vc_column_inner][\/vc_row_inner][\/vc_column][\/vc_row][vc_row][vc_column][vc_empty_space][vc_row_inner][vc_column_inner width=&#8221;1\/3&#8243;][vc_single_image image=&#8221;648&#8243; img_size=&#8221;full&#8221;]<h3 class=\"sohohotel-title-20px sohohotel-clearfix sohohotel-title-center\">Essen &amp; Trinken<\/h3>[vc_column_text]Auf Wunsch und Vorbestellung am Morgen servieren wir Ihnen ein leckeres, leichtes Mittagessen und ein k\u00f6stliches Abendessen mit frischen Zutaten vom Markt.<br \/>\nSie finden ausgew\u00e4hlte Gerichte und Getr\u00e4nke auf unserer Speisekarte.<br \/>\nDas Abendessen am Ankunftstag kann auf Wunsch mit der Zimmerreservierung gebucht werden.[\/vc_column_text][\/vc_column_inner][vc_column_inner width=&#8221;1\/3&#8243;][vc_single_image image=&#8221;649&#8243; img_size=&#8221;full&#8221;]<h3 class=\"sohohotel-title-20px sohohotel-clearfix sohohotel-title-center\">Salon &amp; Kamin<\/h3>[vc_column_text]Lassen Sie den Abend im behaglichen Salon ausklingen und genie\u00dfen Sie den Abend nach einem Tag voller reicher Impressionen. Der Salon ist k\u00fcnstlerisch ausgeschm\u00fcckt und reich mit marokkanischer Handwerkskunst gestaltet. An k\u00fchlen Tagen und Abends z\u00fcnden wir ein gem\u00fctliches Feuer in unserem offenen Kamin an.[\/vc_column_text][\/vc_column_inner][vc_column_inner width=&#8221;1\/3&#8243;][vc_single_image image=&#8221;650&#8243; img_size=&#8221;full&#8221;]<h3 class=\"sohohotel-title-20px sohohotel-clearfix sohohotel-title-center\">Transfer<\/h3>[vc_column_text]Wir empfehlen Ihnen die Buchung des Transfers vom Flughafen Marrakech zum Riad Albatoul zusammen mit der Zimmerbuchung. Sie werden mit einem komfortablen Fahrzeug vom Flughafen abgeholt und direkt und bequem bis zu unserer Haust\u00fcre gebracht.[\/vc_column_text]<a href=\"https:\/\/riad-albatoul.com\/de\/flughafentransfer\/\" class=\"sohohotel-button1\" style=\"background: ;color:;margin: 0 auto 0 auto;\">Senden Sie uns Ihre Reisedaten<\/a><div class=\"sohohotel-clearboth\"><\/div>[\/vc_column_inner][\/vc_row_inner][\/vc_column][\/vc_row][vc_row][vc_column][vc_empty_space][\/vc_column][\/vc_row]<\/p>\n<\/section>","protected":false},"excerpt":{"rendered":"<p>[vc_row][vc_column][vc_row_inner][vc_column_inner][\/vc_column_inner][\/vc_row_inner][vc_row_inner][vc_column_inner width=&#8221;1\/3&#8243;][vc_single_image image=&#8221;645&#8243; img_size=&#8221;full&#8221;][vc_column_text]Beginnen Sie den Tag mit einem erfrischenden Bad im Pool und genie\u00dfen Sie dabei den Duft von Orangen und Jasim. Im k\u00fchlen Schatten der Arkaden scheint es, als w\u00fcrde die Zeit f\u00fcr einen Moment stehen bleiben.[\/vc_column_text][\/vc_column_inner][vc_column_inner width=&#8221;1\/3&#8243;][vc_single_image image=&#8221;646&#8243; img_size=&#8221;full&#8221;][vc_column_text]Auf der gro\u00dfz\u00fcgigen Dachterrasse verdampfen die Stimmen der Stadt und verlieren sich in dem<\/p>\n<a href=\"https:\/\/riad-albatoul.com\/de\/services\/\" class=\"sohohotel-more-link\">Read More<\/a>","protected":false},"author":1,"featured_media":0,"parent":0,"menu_order":0,"comment_status":"closed","ping_status":"closed","template":"","meta":{"footnotes":""},"class_list":["post-393","page","type-page","status-publish","hentry"],"yoast_head":"<!-- This site is optimized with the Yoast SEO plugin v27.4 - https:\/\/yoast.com\/product\/yoast-seo-wordpress\/ -->\n<title>Services | Riad Albatoul Marakesch<\/title>\n<meta name=\"robots\" content=\"index, follow, max-snippet:-1, max-image-preview:large, max-video-preview:-1\" \/>\n<link rel=\"canonical\" href=\"https:\/\/riad-albatoul.com\/de\/services\/\" \/>\n<meta property=\"og:locale\" content=\"de_DE\" \/>\n<meta property=\"og:type\" content=\"article\" \/>\n<meta property=\"og:title\" content=\"Services | Riad Albatoul Marakesch\" \/>\n<meta property=\"og:description\" content=\"[vc_row][vc_column][vc_row_inner][vc_column_inner][\/vc_column_inner][\/vc_row_inner][vc_row_inner][vc_column_inner width=&#8221;1\/3&#8243;][vc_single_image image=&#8221;645&#8243; img_size=&#8221;full&#8221;][vc_column_text]Beginnen Sie den Tag mit einem erfrischenden Bad im Pool und genie\u00dfen Sie dabei den Duft von Orangen und Jasim. Im k\u00fchlen Schatten der Arkaden scheint es, als w\u00fcrde die Zeit f\u00fcr einen Moment stehen bleiben.[\/vc_column_text][\/vc_column_inner][vc_column_inner width=&#8221;1\/3&#8243;][vc_single_image image=&#8221;646&#8243; img_size=&#8221;full&#8221;][vc_column_text]Auf der gro\u00dfz\u00fcgigen Dachterrasse verdampfen die Stimmen der Stadt und verlieren sich in dem\" \/>\n<meta property=\"og:url\" content=\"https:\/\/riad-albatoul.com\/de\/services\/\" \/>\n<meta property=\"og:site_name\" content=\"Riad Albatoul Marakesch\" \/>\n<meta property=\"article:modified_time\" content=\"2025-05-06T17:31:30+00:00\" \/>\n<meta name=\"twitter:card\" content=\"summary_large_image\" \/>\n<meta name=\"twitter:label1\" content=\"Gesch\u00e4tzte Lesezeit\" \/>\n\t<meta name=\"twitter:data1\" content=\"3\u00a0Minuten\" \/>\n<script type=\"application\/ld+json\" class=\"yoast-schema-graph\">{\"@context\":\"https:\\\/\\\/schema.org\",\"@graph\":[{\"@type\":\"WebPage\",\"@id\":\"https:\\\/\\\/riad-albatoul.com\\\/de\\\/services\\\/\",\"url\":\"https:\\\/\\\/riad-albatoul.com\\\/de\\\/services\\\/\",\"name\":\"Services | Riad Albatoul Marakesch\",\"isPartOf\":{\"@id\":\"https:\\\/\\\/riad-albatoul.com\\\/de\\\/#website\"},\"datePublished\":\"2022-05-21T18:30:18+00:00\",\"dateModified\":\"2025-05-06T17:31:30+00:00\",\"breadcrumb\":{\"@id\":\"https:\\\/\\\/riad-albatoul.com\\\/de\\\/services\\\/#breadcrumb\"},\"inLanguage\":\"de\",\"potentialAction\":[{\"@type\":\"ReadAction\",\"target\":[\"https:\\\/\\\/riad-albatoul.com\\\/de\\\/services\\\/\"]}]},{\"@type\":\"BreadcrumbList\",\"@id\":\"https:\\\/\\\/riad-albatoul.com\\\/de\\\/services\\\/#breadcrumb\",\"itemListElement\":[{\"@type\":\"ListItem\",\"position\":1,\"name\":\"Home\",\"item\":\"https:\\\/\\\/riad-albatoul.com\\\/de\\\/\"},{\"@type\":\"ListItem\",\"position\":2,\"name\":\"Services\"}]},{\"@type\":\"WebSite\",\"@id\":\"https:\\\/\\\/riad-albatoul.com\\\/de\\\/#website\",\"url\":\"https:\\\/\\\/riad-albatoul.com\\\/de\\\/\",\"name\":\"Riad Albatoul Marakesch\",\"description\":\"Ein traditionelles Riad, nur wenige Minuten vom ber\u00fchmten Platz Jemma al Fnaa entfernt\",\"publisher\":{\"@id\":\"https:\\\/\\\/riad-albatoul.com\\\/de\\\/#organization\"},\"potentialAction\":[{\"@type\":\"SearchAction\",\"target\":{\"@type\":\"EntryPoint\",\"urlTemplate\":\"https:\\\/\\\/riad-albatoul.com\\\/de\\\/?s={search_term_string}\"},\"query-input\":{\"@type\":\"PropertyValueSpecification\",\"valueRequired\":true,\"valueName\":\"search_term_string\"}}],\"inLanguage\":\"de\"},{\"@type\":\"Organization\",\"@id\":\"https:\\\/\\\/riad-albatoul.com\\\/de\\\/#organization\",\"name\":\"Riad Albatoul Marakesch\",\"url\":\"https:\\\/\\\/riad-albatoul.com\\\/de\\\/\",\"logo\":{\"@type\":\"ImageObject\",\"inLanguage\":\"de\",\"@id\":\"https:\\\/\\\/riad-albatoul.com\\\/de\\\/#\\\/schema\\\/logo\\\/image\\\/\",\"url\":\"https:\\\/\\\/riad-albatoul.com\\\/de\\\/wp-content\\\/uploads\\\/sites\\\/4\\\/2022\\\/05\\\/riad-albatoul-logo.png\",\"contentUrl\":\"https:\\\/\\\/riad-albatoul.com\\\/de\\\/wp-content\\\/uploads\\\/sites\\\/4\\\/2022\\\/05\\\/riad-albatoul-logo.png\",\"width\":220,\"height\":68,\"caption\":\"Riad Albatoul Marakesch\"},\"image\":{\"@id\":\"https:\\\/\\\/riad-albatoul.com\\\/de\\\/#\\\/schema\\\/logo\\\/image\\\/\"}}]}<\/script>\n<!-- \/ Yoast SEO plugin. -->","yoast_head_json":{"title":"Services | Riad Albatoul Marakesch","robots":{"index":"index","follow":"follow","max-snippet":"max-snippet:-1","max-image-preview":"max-image-preview:large","max-video-preview":"max-video-preview:-1"},"canonical":"https:\/\/riad-albatoul.com\/de\/services\/","og_locale":"de_DE","og_type":"article","og_title":"Services | Riad Albatoul Marakesch","og_description":"[vc_row][vc_column][vc_row_inner][vc_column_inner][\/vc_column_inner][\/vc_row_inner][vc_row_inner][vc_column_inner width=&#8221;1\/3&#8243;][vc_single_image image=&#8221;645&#8243; img_size=&#8221;full&#8221;][vc_column_text]Beginnen Sie den Tag mit einem erfrischenden Bad im Pool und genie\u00dfen Sie dabei den Duft von Orangen und Jasim. Im k\u00fchlen Schatten der Arkaden scheint es, als w\u00fcrde die Zeit f\u00fcr einen Moment stehen bleiben.[\/vc_column_text][\/vc_column_inner][vc_column_inner width=&#8221;1\/3&#8243;][vc_single_image image=&#8221;646&#8243; img_size=&#8221;full&#8221;][vc_column_text]Auf der gro\u00dfz\u00fcgigen Dachterrasse verdampfen die Stimmen der Stadt und verlieren sich in dem","og_url":"https:\/\/riad-albatoul.com\/de\/services\/","og_site_name":"Riad Albatoul Marakesch","article_modified_time":"2025-05-06T17:31:30+00:00","twitter_card":"summary_large_image","twitter_misc":{"Gesch\u00e4tzte Lesezeit":"3\u00a0Minuten"},"schema":{"@context":"https:\/\/schema.org","@graph":[{"@type":"WebPage","@id":"https:\/\/riad-albatoul.com\/de\/services\/","url":"https:\/\/riad-albatoul.com\/de\/services\/","name":"Services | Riad Albatoul Marakesch","isPartOf":{"@id":"https:\/\/riad-albatoul.com\/de\/#website"},"datePublished":"2022-05-21T18:30:18+00:00","dateModified":"2025-05-06T17:31:30+00:00","breadcrumb":{"@id":"https:\/\/riad-albatoul.com\/de\/services\/#breadcrumb"},"inLanguage":"de","potentialAction":[{"@type":"ReadAction","target":["https:\/\/riad-albatoul.com\/de\/services\/"]}]},{"@type":"BreadcrumbList","@id":"https:\/\/riad-albatoul.com\/de\/services\/#breadcrumb","itemListElement":[{"@type":"ListItem","position":1,"name":"Home","item":"https:\/\/riad-albatoul.com\/de\/"},{"@type":"ListItem","position":2,"name":"Services"}]},{"@type":"WebSite","@id":"https:\/\/riad-albatoul.com\/de\/#website","url":"https:\/\/riad-albatoul.com\/de\/","name":"Riad Albatoul Marakesch","description":"Ein traditionelles Riad, nur wenige Minuten vom ber\u00fchmten Platz Jemma al Fnaa entfernt","publisher":{"@id":"https:\/\/riad-albatoul.com\/de\/#organization"},"potentialAction":[{"@type":"SearchAction","target":{"@type":"EntryPoint","urlTemplate":"https:\/\/riad-albatoul.com\/de\/?s={search_term_string}"},"query-input":{"@type":"PropertyValueSpecification","valueRequired":true,"valueName":"search_term_string"}}],"inLanguage":"de"},{"@type":"Organization","@id":"https:\/\/riad-albatoul.com\/de\/#organization","name":"Riad Albatoul Marakesch","url":"https:\/\/riad-albatoul.com\/de\/","logo":{"@type":"ImageObject","inLanguage":"de","@id":"https:\/\/riad-albatoul.com\/de\/#\/schema\/logo\/image\/","url":"https:\/\/riad-albatoul.com\/de\/wp-content\/uploads\/sites\/4\/2022\/05\/riad-albatoul-logo.png","contentUrl":"https:\/\/riad-albatoul.com\/de\/wp-content\/uploads\/sites\/4\/2022\/05\/riad-albatoul-logo.png","width":220,"height":68,"caption":"Riad Albatoul Marakesch"},"image":{"@id":"https:\/\/riad-albatoul.com\/de\/#\/schema\/logo\/image\/"}}]}},"_links":{"self":[{"href":"https:\/\/riad-albatoul.com\/de\/wp-json\/wp\/v2\/pages\/393","targetHints":{"allow":["GET"]}}],"collection":[{"href":"https:\/\/riad-albatoul.com\/de\/wp-json\/wp\/v2\/pages"}],"about":[{"href":"https:\/\/riad-albatoul.com\/de\/wp-json\/wp\/v2\/types\/page"}],"author":[{"embeddable":true,"href":"https:\/\/riad-albatoul.com\/de\/wp-json\/wp\/v2\/users\/1"}],"replies":[{"embeddable":true,"href":"https:\/\/riad-albatoul.com\/de\/wp-json\/wp\/v2\/comments?post=393"}],"version-history":[{"count":4,"href":"https:\/\/riad-albatoul.com\/de\/wp-json\/wp\/v2\/pages\/393\/revisions"}],"predecessor-version":[{"id":912,"href":"https:\/\/riad-albatoul.com\/de\/wp-json\/wp\/v2\/pages\/393\/revisions\/912"}],"wp:attachment":[{"href":"https:\/\/riad-albatoul.com\/de\/wp-json\/wp\/v2\/media?parent=393"}],"curies":[{"name":"wp","href":"https:\/\/api.w.org\/{rel}","templated":true}]}}