{"id":355,"date":"2022-05-21T17:49:48","date_gmt":"2022-05-21T15:49:48","guid":{"rendered":"https:\/\/riad-albatoul.com\/?page_id=355"},"modified":"2024-05-13T01:25:46","modified_gmt":"2024-05-12T23:25:46","slug":"entdecken","status":"publish","type":"page","link":"https:\/\/riad-albatoul.com\/de\/entdecken\/","title":{"rendered":"Entdecken Sie Kultur und Gastfreundschaft"},"content":{"rendered":"<section class=\"wpb-content-wrapper\"><p>[vc_row][vc_column][vc_row_inner][vc_column_inner]<h3 class=\"sohohotel-title-35px sohohotel-clearfix sohohotel-title-center\">Ausfl\u00fcge in Marrakesch und Umgebung<\/h3>[vc_column_text]Gerne sind wir Ihnen bei der Planung von individuellen Ausfl\u00fcgen und Touren ganz nach Ihren Vorstellungen behilflich. Erkunden Sie die einzigartigen und unber\u00fchrten Regionen Marokkos und genie\u00dfen Sie es, sich im Land der Kulturen und der freundlichen Menschen treiben zu lassen. Wenn Sie schon im Vorfeld eine Reise buchen m\u00f6chten, stehen wir Ihnen gerne mit Rat und Tat zur Seite.[\/vc_column_text][\/vc_column_inner][\/vc_row_inner][vc_row_inner equal_height=&#8221;yes&#8221; content_placement=&#8221;middle&#8221; css=&#8221;.vc_custom_1576943359507{padding-bottom: 50px !important;}&#8221;][vc_column_inner el_class=&#8221;vc_col-lg-push-6&#8243; width=&#8221;1\/2&#8243;][vc_single_image image=&#8221;655&#8243; img_size=&#8221;full&#8221; onclick=&#8221;custom_link&#8221; img_link_target=&#8221;_blank&#8221; link=&#8221;https:\/\/stylia-tours.com\/de\/tours\/3-tage-sahara-tour-von-marrakesch-nach-merzouga\/&#8221;][\/vc_column_inner][vc_column_inner el_class=&#8221;vc_col-lg-pull-6&#8243; width=&#8221;1\/2&#8243;]<h3 class=\"sohohotel-title-25px sohohotel-clearfix sohohotel-title-left\">Entdecken sie die Magie der Sahara<\/h3>[vc_column_text]Ein Ausflug zu den D\u00fcnen der Sahara ist ein unvergessliches Abenteuer. Bestaunen Sie den Sternenhimmel und schlafen Sie in einem traditionellen Berberzelt. Am Morgen erwartet Sie ein unvergleichlich sch\u00f6ner Sonnenaufgang \u00fcber der W\u00fcste.[\/vc_column_text][\/vc_column_inner][\/vc_row_inner][vc_row_inner equal_height=&#8221;yes&#8221; content_placement=&#8221;middle&#8221; css=&#8221;.vc_custom_1576943401993{padding-bottom: 50px !important;}&#8221;][vc_column_inner width=&#8221;1\/2&#8243;][vc_single_image image=&#8221;656&#8243; img_size=&#8221;full&#8221; onclick=&#8221;custom_link&#8221; img_link_target=&#8221;_blank&#8221; link=&#8221;https:\/\/stylia-tours.com\/de\/tours\/essaouira-tagesausflug-ab-agadir\/&#8221;][\/vc_column_inner][vc_column_inner width=&#8221;1\/2&#8243;]<h3 class=\"sohohotel-title-25px sohohotel-clearfix sohohotel-title-left\">Essaouira<\/h3>[vc_column_text]Essaouira, die portugiesisch gepr\u00e4gte Hafenstadt mit einer m\u00e4chtigen Stadtmauer, zieht die Menschen magisch an. Essaouira, umgeben von traumhaften, einsamen wei\u00dfen Sandstr\u00e4nden, geh\u00f6rt zu dem sch\u00f6nsten St\u00e4dten in Marokko.<br \/>\n\u201e\u00dcber diesen Ort kann man nichts wissen, man kann ihn nur erfahren. Und wenn einer den Wind nicht ertragen kann, der zur Stadt geh\u00f6rt wie der Algengeruch und der Schrei der M\u00f6wen, dann sollte er innehalten im logischen Denken und den Kunsttischlern zusehen, wie sie das eisenharte Wurzelholz aus der Thuja-Pinie bearbeiten. Dann w\u00fcrde er begreifen, dass die wesentlichen Dinge des Lebens nicht zu erzwingen sind.\u201c<br \/>\n(Mohammed Sanoussi, marokkanischer Dichter)[\/vc_column_text][\/vc_column_inner][\/vc_row_inner][vc_row_inner equal_height=&#8221;yes&#8221; content_placement=&#8221;middle&#8221; css=&#8221;.vc_custom_1576943412000{padding-bottom: 50px !important;}&#8221;][vc_column_inner el_class=&#8221;vc_col-lg-push-6&#8243; width=&#8221;1\/2&#8243;][vc_single_image image=&#8221;657&#8243; img_size=&#8221;full&#8221;][\/vc_column_inner][vc_column_inner el_class=&#8221;vc_col-lg-pull-6&#8243; width=&#8221;1\/2&#8243;]<h3 class=\"sohohotel-title-25px sohohotel-clearfix sohohotel-title-left\">Atlasgebirge<\/h3>[vc_column_text]Der Atlas erstreckt sich etwa 2.500 km \u00fcber die nordwestafrikanischen Staaten. Der h\u00f6chste Berg ist der 4.167 m hohe Toubkal.<br \/>\nWanderungen durch den Atlas f\u00fchren Sie durch kontrastreiches Terrain mit reicher Tierwelt und einer abwechslungsreichen, herrlichen Pflanzenwelt. In den typischen Berberd\u00f6rfern in den Bergen werden Sie gastfreundschaftlich mit Tee und marokkanischem Essen empfangen.[\/vc_column_text][\/vc_column_inner][\/vc_row_inner][vc_row_inner rtl_reverse=&#8221;yes&#8221; content_placement=&#8221;middle&#8221; css=&#8221;.vc_custom_1576943424607{padding-bottom: 50px !important;}&#8221;][vc_column_inner width=&#8221;1\/2&#8243;][vc_single_image image=&#8221;659&#8243; img_size=&#8221;full&#8221;][\/vc_column_inner][vc_column_inner width=&#8221;1\/2&#8243;]<h3 class=\"sohohotel-title-25px sohohotel-clearfix sohohotel-title-left\">Medina Spaziergang<\/h3>[vc_column_text]Mit einem ausgebildeten Fremdenf\u00fchrer, der ihre Landessprache spricht und viele Geschichten \u00fcber Marrakech erz\u00e4hlen kann, ist dies ein Erlebnis, das Sie nicht verpassen sollten.<br \/>\nErleben Sie eine grandiose Zeit in Marrakech.[\/vc_column_text][\/vc_column_inner][\/vc_row_inner][vc_row_inner equal_height=&#8221;yes&#8221; content_placement=&#8221;middle&#8221; css=&#8221;.vc_custom_1576943473278{padding-bottom: 50px !important;}&#8221;][vc_column_inner el_class=&#8221;vc_col-lg-push-6&#8243; width=&#8221;1\/2&#8243;][vc_single_image image=&#8221;627&#8243; img_size=&#8221;full&#8221;][\/vc_column_inner][vc_column_inner el_class=&#8221;vc_col-lg-pull-6&#8243; width=&#8221;1\/2&#8243;]<h3 class=\"sohohotel-title-25px sohohotel-clearfix sohohotel-title-left\">Museen und Pal\u00e4ste<\/h3>[vc_column_text]In seiner prachtvollen Opulenz z\u00e4hlt der Bahia-Palast zu den markantesten Bauwerken der islamischen Architektur. Beeindruckend sind die reich bepflanzten Patios, die wundersch\u00f6nen Mosaiken und die kunstvoll verzierten und bemalten Decken.<br \/>\nDie Koutoubia-Moschee ist das Wahrzeichen von Marrakech. Ihr Minarett geh\u00f6rt zu den sch\u00f6nsten und \u00e4ltesten Marokkos.[\/vc_column_text][\/vc_column_inner][\/vc_row_inner][vc_row_inner equal_height=&#8221;yes&#8221; content_placement=&#8221;middle&#8221; css=&#8221;.vc_custom_1576943454108{padding-bottom: 50px !important;}&#8221;][vc_column_inner width=&#8221;1\/2&#8243;][vc_single_image image=&#8221;660&#8243; img_size=&#8221;full&#8221;][\/vc_column_inner][vc_column_inner width=&#8221;1\/2&#8243;]<h3 class=\"sohohotel-title-25px sohohotel-clearfix sohohotel-title-left\">Kochkurse<\/h3>[vc_column_text]Die Teilnahme an einem Kochkurs ist eine schmackhafte Gelegenheit, um in entspannter Atmosph\u00e4re die marokkanische Kultur zu erleben. Beim Einkaufen und Kochen lernen Sie die Zubereitung und Vielfalt der marokkanischen K\u00fcche mit ihren exotischen Gew\u00fcrzen kennen.[\/vc_column_text][\/vc_column_inner][\/vc_row_inner][\/vc_column][\/vc_row]<\/p>\n<\/section>","protected":false},"excerpt":{"rendered":"<p>[vc_row][vc_column][vc_row_inner][vc_column_inner][vc_column_text]Gerne sind wir Ihnen bei der Planung von individuellen Ausfl\u00fcgen und Touren ganz nach Ihren Vorstellungen behilflich. Erkunden Sie die einzigartigen und unber\u00fchrten Regionen Marokkos und genie\u00dfen Sie es, sich im Land der Kulturen und der freundlichen Menschen treiben zu lassen. Wenn Sie schon im Vorfeld eine Reise buchen m\u00f6chten, stehen wir Ihnen gerne mit<\/p>\n<a href=\"https:\/\/riad-albatoul.com\/de\/entdecken\/\" class=\"sohohotel-more-link\">Read More<\/a>","protected":false},"author":1,"featured_media":0,"parent":0,"menu_order":0,"comment_status":"closed","ping_status":"closed","template":"","meta":{"footnotes":""},"class_list":["post-355","page","type-page","status-publish","hentry"],"yoast_head":"<!-- This site is optimized with the Yoast SEO plugin v27.4 - https:\/\/yoast.com\/product\/yoast-seo-wordpress\/ -->\n<title>Entdecken Sie Kultur und Gastfreundschaft | Riad Albatoul Marakesch<\/title>\n<meta name=\"description\" content=\"Entdecken Sie die besten Ausfl\u00fcge rund um Marrakech, einschlie\u00dflich Sahara, Essaouira und Atlas-Gebirge mit Stylia Tours und Riad Albatoul.\" \/>\n<meta name=\"robots\" content=\"index, follow, max-snippet:-1, max-image-preview:large, max-video-preview:-1\" \/>\n<link rel=\"canonical\" href=\"https:\/\/riad-albatoul.com\/de\/entdecken\/\" \/>\n<meta property=\"og:locale\" content=\"de_DE\" \/>\n<meta property=\"og:type\" content=\"article\" \/>\n<meta property=\"og:title\" content=\"Entdecken Sie Kultur und Gastfreundschaft | Riad Albatoul Marakesch\" \/>\n<meta property=\"og:description\" content=\"Entdecken Sie die besten Ausfl\u00fcge rund um Marrakech, einschlie\u00dflich Sahara, Essaouira und Atlas-Gebirge mit Stylia Tours und Riad Albatoul.\" \/>\n<meta property=\"og:url\" content=\"https:\/\/riad-albatoul.com\/de\/entdecken\/\" \/>\n<meta property=\"og:site_name\" content=\"Riad Albatoul Marakesch\" \/>\n<meta property=\"article:modified_time\" content=\"2024-05-12T23:25:46+00:00\" \/>\n<meta property=\"og:image\" content=\"https:\/\/riad-albatoul.com\/de\/wp-content\/uploads\/sites\/4\/2024\/05\/Merzouga-day-trip-fb.webp\" \/>\n\t<meta property=\"og:image:width\" content=\"1200\" \/>\n\t<meta property=\"og:image:height\" content=\"628\" \/>\n\t<meta property=\"og:image:type\" content=\"image\/webp\" \/>\n<meta name=\"twitter:card\" content=\"summary_large_image\" \/>\n<meta name=\"twitter:label1\" content=\"Gesch\u00e4tzte Lesezeit\" \/>\n\t<meta name=\"twitter:data1\" content=\"3\u00a0Minuten\" \/>\n<script type=\"application\/ld+json\" class=\"yoast-schema-graph\">{\"@context\":\"https:\\\/\\\/schema.org\",\"@graph\":[{\"@type\":\"WebPage\",\"@id\":\"https:\\\/\\\/riad-albatoul.com\\\/de\\\/entdecken\\\/\",\"url\":\"https:\\\/\\\/riad-albatoul.com\\\/de\\\/entdecken\\\/\",\"name\":\"Entdecken Sie Kultur und Gastfreundschaft | Riad Albatoul Marakesch\",\"isPartOf\":{\"@id\":\"https:\\\/\\\/riad-albatoul.com\\\/de\\\/#website\"},\"datePublished\":\"2022-05-21T15:49:48+00:00\",\"dateModified\":\"2024-05-12T23:25:46+00:00\",\"description\":\"Entdecken Sie die besten Ausfl\u00fcge rund um Marrakech, einschlie\u00dflich Sahara, Essaouira und Atlas-Gebirge mit Stylia Tours und Riad Albatoul.\",\"breadcrumb\":{\"@id\":\"https:\\\/\\\/riad-albatoul.com\\\/de\\\/entdecken\\\/#breadcrumb\"},\"inLanguage\":\"de\",\"potentialAction\":[{\"@type\":\"ReadAction\",\"target\":[\"https:\\\/\\\/riad-albatoul.com\\\/de\\\/entdecken\\\/\"]}]},{\"@type\":\"BreadcrumbList\",\"@id\":\"https:\\\/\\\/riad-albatoul.com\\\/de\\\/entdecken\\\/#breadcrumb\",\"itemListElement\":[{\"@type\":\"ListItem\",\"position\":1,\"name\":\"Home\",\"item\":\"https:\\\/\\\/riad-albatoul.com\\\/de\\\/\"},{\"@type\":\"ListItem\",\"position\":2,\"name\":\"Entdecken Sie Kultur und Gastfreundschaft\"}]},{\"@type\":\"WebSite\",\"@id\":\"https:\\\/\\\/riad-albatoul.com\\\/de\\\/#website\",\"url\":\"https:\\\/\\\/riad-albatoul.com\\\/de\\\/\",\"name\":\"Riad Albatoul Marakesch\",\"description\":\"Ein traditionelles Riad, nur wenige Minuten vom ber\u00fchmten Platz Jemma al Fnaa entfernt\",\"publisher\":{\"@id\":\"https:\\\/\\\/riad-albatoul.com\\\/de\\\/#organization\"},\"potentialAction\":[{\"@type\":\"SearchAction\",\"target\":{\"@type\":\"EntryPoint\",\"urlTemplate\":\"https:\\\/\\\/riad-albatoul.com\\\/de\\\/?s={search_term_string}\"},\"query-input\":{\"@type\":\"PropertyValueSpecification\",\"valueRequired\":true,\"valueName\":\"search_term_string\"}}],\"inLanguage\":\"de\"},{\"@type\":\"Organization\",\"@id\":\"https:\\\/\\\/riad-albatoul.com\\\/de\\\/#organization\",\"name\":\"Riad Albatoul Marakesch\",\"url\":\"https:\\\/\\\/riad-albatoul.com\\\/de\\\/\",\"logo\":{\"@type\":\"ImageObject\",\"inLanguage\":\"de\",\"@id\":\"https:\\\/\\\/riad-albatoul.com\\\/de\\\/#\\\/schema\\\/logo\\\/image\\\/\",\"url\":\"https:\\\/\\\/riad-albatoul.com\\\/de\\\/wp-content\\\/uploads\\\/sites\\\/4\\\/2022\\\/05\\\/riad-albatoul-logo.png\",\"contentUrl\":\"https:\\\/\\\/riad-albatoul.com\\\/de\\\/wp-content\\\/uploads\\\/sites\\\/4\\\/2022\\\/05\\\/riad-albatoul-logo.png\",\"width\":220,\"height\":68,\"caption\":\"Riad Albatoul Marakesch\"},\"image\":{\"@id\":\"https:\\\/\\\/riad-albatoul.com\\\/de\\\/#\\\/schema\\\/logo\\\/image\\\/\"}}]}<\/script>\n<!-- \/ Yoast SEO plugin. -->","yoast_head_json":{"title":"Entdecken Sie Kultur und Gastfreundschaft | Riad Albatoul Marakesch","description":"Entdecken Sie die besten Ausfl\u00fcge rund um Marrakech, einschlie\u00dflich Sahara, Essaouira und Atlas-Gebirge mit Stylia Tours und Riad Albatoul.","robots":{"index":"index","follow":"follow","max-snippet":"max-snippet:-1","max-image-preview":"max-image-preview:large","max-video-preview":"max-video-preview:-1"},"canonical":"https:\/\/riad-albatoul.com\/de\/entdecken\/","og_locale":"de_DE","og_type":"article","og_title":"Entdecken Sie Kultur und Gastfreundschaft | Riad Albatoul Marakesch","og_description":"Entdecken Sie die besten Ausfl\u00fcge rund um Marrakech, einschlie\u00dflich Sahara, Essaouira und Atlas-Gebirge mit Stylia Tours und Riad Albatoul.","og_url":"https:\/\/riad-albatoul.com\/de\/entdecken\/","og_site_name":"Riad Albatoul Marakesch","article_modified_time":"2024-05-12T23:25:46+00:00","og_image":[{"width":1200,"height":628,"url":"https:\/\/riad-albatoul.com\/de\/wp-content\/uploads\/sites\/4\/2024\/05\/Merzouga-day-trip-fb.webp","type":"image\/webp"}],"twitter_card":"summary_large_image","twitter_misc":{"Gesch\u00e4tzte Lesezeit":"3\u00a0Minuten"},"schema":{"@context":"https:\/\/schema.org","@graph":[{"@type":"WebPage","@id":"https:\/\/riad-albatoul.com\/de\/entdecken\/","url":"https:\/\/riad-albatoul.com\/de\/entdecken\/","name":"Entdecken Sie Kultur und Gastfreundschaft | Riad Albatoul Marakesch","isPartOf":{"@id":"https:\/\/riad-albatoul.com\/de\/#website"},"datePublished":"2022-05-21T15:49:48+00:00","dateModified":"2024-05-12T23:25:46+00:00","description":"Entdecken Sie die besten Ausfl\u00fcge rund um Marrakech, einschlie\u00dflich Sahara, Essaouira und Atlas-Gebirge mit Stylia Tours und Riad Albatoul.","breadcrumb":{"@id":"https:\/\/riad-albatoul.com\/de\/entdecken\/#breadcrumb"},"inLanguage":"de","potentialAction":[{"@type":"ReadAction","target":["https:\/\/riad-albatoul.com\/de\/entdecken\/"]}]},{"@type":"BreadcrumbList","@id":"https:\/\/riad-albatoul.com\/de\/entdecken\/#breadcrumb","itemListElement":[{"@type":"ListItem","position":1,"name":"Home","item":"https:\/\/riad-albatoul.com\/de\/"},{"@type":"ListItem","position":2,"name":"Entdecken Sie Kultur und Gastfreundschaft"}]},{"@type":"WebSite","@id":"https:\/\/riad-albatoul.com\/de\/#website","url":"https:\/\/riad-albatoul.com\/de\/","name":"Riad Albatoul Marakesch","description":"Ein traditionelles Riad, nur wenige Minuten vom ber\u00fchmten Platz Jemma al Fnaa entfernt","publisher":{"@id":"https:\/\/riad-albatoul.com\/de\/#organization"},"potentialAction":[{"@type":"SearchAction","target":{"@type":"EntryPoint","urlTemplate":"https:\/\/riad-albatoul.com\/de\/?s={search_term_string}"},"query-input":{"@type":"PropertyValueSpecification","valueRequired":true,"valueName":"search_term_string"}}],"inLanguage":"de"},{"@type":"Organization","@id":"https:\/\/riad-albatoul.com\/de\/#organization","name":"Riad Albatoul Marakesch","url":"https:\/\/riad-albatoul.com\/de\/","logo":{"@type":"ImageObject","inLanguage":"de","@id":"https:\/\/riad-albatoul.com\/de\/#\/schema\/logo\/image\/","url":"https:\/\/riad-albatoul.com\/de\/wp-content\/uploads\/sites\/4\/2022\/05\/riad-albatoul-logo.png","contentUrl":"https:\/\/riad-albatoul.com\/de\/wp-content\/uploads\/sites\/4\/2022\/05\/riad-albatoul-logo.png","width":220,"height":68,"caption":"Riad Albatoul Marakesch"},"image":{"@id":"https:\/\/riad-albatoul.com\/de\/#\/schema\/logo\/image\/"}}]}},"_links":{"self":[{"href":"https:\/\/riad-albatoul.com\/de\/wp-json\/wp\/v2\/pages\/355","targetHints":{"allow":["GET"]}}],"collection":[{"href":"https:\/\/riad-albatoul.com\/de\/wp-json\/wp\/v2\/pages"}],"about":[{"href":"https:\/\/riad-albatoul.com\/de\/wp-json\/wp\/v2\/types\/page"}],"author":[{"embeddable":true,"href":"https:\/\/riad-albatoul.com\/de\/wp-json\/wp\/v2\/users\/1"}],"replies":[{"embeddable":true,"href":"https:\/\/riad-albatoul.com\/de\/wp-json\/wp\/v2\/comments?post=355"}],"version-history":[{"count":8,"href":"https:\/\/riad-albatoul.com\/de\/wp-json\/wp\/v2\/pages\/355\/revisions"}],"predecessor-version":[{"id":905,"href":"https:\/\/riad-albatoul.com\/de\/wp-json\/wp\/v2\/pages\/355\/revisions\/905"}],"wp:attachment":[{"href":"https:\/\/riad-albatoul.com\/de\/wp-json\/wp\/v2\/media?parent=355"}],"curies":[{"name":"wp","href":"https:\/\/api.w.org\/{rel}","templated":true}]}}