{"id":114,"date":"2022-05-21T10:14:10","date_gmt":"2022-05-21T10:14:10","guid":{"rendered":"https:\/\/riad-albatoul.com\/index.php\/testimonials\/"},"modified":"2022-05-21T10:14:10","modified_gmt":"2022-05-21T10:14:10","slug":"testimonials","status":"publish","type":"page","link":"https:\/\/riad-albatoul.com\/de\/testimonials\/","title":{"rendered":"Testimonials"},"content":{"rendered":"<section class=\"wpb-content-wrapper\"><p>[vc_row][vc_column]\t\n\t\t<!-- BEGIN .sohohotel-testimonial-wrapper -->\n\t\t<div class=\"sohohotel-testimonial-wrapper sohohotel-testimonial-wrapper-light\">\n\t\t\t\n\t\t<!-- BEGIN .sohohotel-testimonial-list- -->\n\t\t<div class=\"sohohotel-testimonial-list sohohotel-testimonial-listing-page\">\n\t\t\t\n\t\t\t\n\t\t\t\t\t\t\n\t\t\t<!-- BEGIN .sohohotel-testimonial-block -->\n\t\t\t<div class=\"sohohotel-testimonial-block\">\n\t\t\t\t\n\t\t\t\t<div>\n\t\t\t\t\t<span class=\"sohohotel-open-quote\">\u201c<\/span>\n\t\t\t\t\t<p>Ein wundersch\u00f6nes Riad, alles ist sehr stilvoll und funktional eingerichtet. Selten habe ich ein so sch\u00f6nes und gro\u00dfz\u00fcgiges Badezimmer in einem Hotel gehabt. Das absolute Highlight sind aber die herzlichen Gastgeber und das Gef\u00fchl, im Riad Albatoul mehr als willkommen zu sein. So etwas findet man nicht oft!<\/p>\n\t\t\t\t\t<span class=\"sohohotel-close-quote\">\u201d<\/span>\n\t\t\t\t<\/div>\n\n\t\t\t\t\n\t\t\t\t\t<div class=\"sohohotel-testimonial-image\">\n\t\t\t\t\t\t\t\t\t\t\t\t<img decoding=\"async\" src=\"\" alt=\"\" \/>\t\t\t\t\t<\/div>\n\n\t\t\t\t\n\t\t\t\t<div class=\"sohohotel-testimonial-author\"><p>Theresa Leiderer - <span>5 N\u00e4chte, Aicha Contessa Room<\/span><\/p><\/div>\n\t\t\t\t\n\t\t\t<!-- END .sohohotel-testimonial-block -->\n\t\t\t<\/div>\n\t\t\t\n\t\t\t\n\t\t\t\t\t\t\n\t\t\t<!-- BEGIN .sohohotel-testimonial-block -->\n\t\t\t<div class=\"sohohotel-testimonial-block\">\n\t\t\t\t\n\t\t\t\t<div>\n\t\t\t\t\t<span class=\"sohohotel-open-quote\">\u201c<\/span>\n\t\t\t\t\t<p>Gute Lage, neues Riad, sehr freundliches Personal, sehr gut zu finden in der Medina, Ahmed sehr herzlich und auch das restliche Personal, leckeres Essen, Hamam und Massage buchbar.<\/p>\n\t\t\t\t\t<span class=\"sohohotel-close-quote\">\u201d<\/span>\n\t\t\t\t<\/div>\n\n\t\t\t\t\n\t\t\t\t\t<div class=\"sohohotel-testimonial-image\">\n\t\t\t\t\t\t\t\t\t\t\t\t<img decoding=\"async\" src=\"\" alt=\"\" \/>\t\t\t\t\t<\/div>\n\n\t\t\t\t\n\t\t\t\t<div class=\"sohohotel-testimonial-author\"><p>Bianka Clasen - <span>5 N\u00e4chte, Saida Room<\/span><\/p><\/div>\n\t\t\t\t\n\t\t\t<!-- END .sohohotel-testimonial-block -->\n\t\t\t<\/div>\n\t\t\t\n\t\t\t\n\t\t\t\t\t\t\n\t\t\t<!-- BEGIN .sohohotel-testimonial-block -->\n\t\t\t<div class=\"sohohotel-testimonial-block\">\n\t\t\t\t\n\t\t\t\t<div>\n\t\t\t\t\t<span class=\"sohohotel-open-quote\">\u201c<\/span>\n\t\t\t\t\t<p>Wundersch\u00f6nes Riad im Herzen der Medina. Super liebes Personal, stylische Einrichtung, leckeres Fr\u00fchst\u00fcck auf der Dachterrasse &amp; top Lage&#8230; Wir kommen wieder!! Vielen Dank an das ganze Team! \ud83d\ude42<\/p>\n\t\t\t\t\t<span class=\"sohohotel-close-quote\">\u201d<\/span>\n\t\t\t\t<\/div>\n\n\t\t\t\t\n\t\t\t\t\t<div class=\"sohohotel-testimonial-image\">\n\t\t\t\t\t\t\t\t\t\t\t\t<img decoding=\"async\" src=\"\" alt=\"\" \/>\t\t\t\t\t<\/div>\n\n\t\t\t\t\n\t\t\t\t<div class=\"sohohotel-testimonial-author\"><p>Stefanie Seidenstuecker - <span>4 N\u00e4chte, Chaibia Room<\/span><\/p><\/div>\n\t\t\t\t\n\t\t\t<!-- END .sohohotel-testimonial-block -->\n\t\t\t<\/div>\n\t\t\t\n\t\t\t\n\t\t\t\t\t\t\n\t\t\t<!-- BEGIN .sohohotel-testimonial-block -->\n\t\t\t<div class=\"sohohotel-testimonial-block\">\n\t\t\t\t\n\t\t\t\t<div>\n\t\t\t\t\t<span class=\"sohohotel-open-quote\">\u201c<\/span>\n\t\t\t\t\t<p>Un s\u00e9jour tr\u00e8s agr\u00e9able dans cette riad toute neuve o\u00f9 les d\u00e9tails sont tr\u00e8s bien mis en valeur. Le chauffage au sol est juste topissime ce qui apporte un confort suppl\u00e9mentaire tr\u00e8s agr\u00e9able en cette saison un peu fra\u00eeche. La literie est parfaite. Le personnel de maison est d&#8217;une gentillesse tr\u00e8s agr\u00e9able. Et un grand merci aux cuisini\u00e8res qui nous ont pr\u00e9par\u00e9 tous les matins d&#8217;excellents petits d\u00e9jeuner et un repas du dernier soir magnifique et tr\u00e8s bon Un tr\u00e8s bon souvenir dans ce riad.<\/p>\n\t\t\t\t\t<span class=\"sohohotel-close-quote\">\u201d<\/span>\n\t\t\t\t<\/div>\n\n\t\t\t\t\n\t\t\t\t<div class=\"sohohotel-testimonial-author\"><p>Sandra Borie - <span>4 Nuit\u00e9es, Dihya Room<\/span><\/p><\/div>\n\t\t\t\t\n\t\t\t<!-- END .sohohotel-testimonial-block -->\n\t\t\t<\/div>\n\t\t\t\n\t\t\t\t\n\t\t<!-- END .sohohotel-testimonial-list- -->\n\t\t<\/div>\n\t\t\n\t\t<!-- END .sohohotel-testimonial-wrapper -->\n\t\t<\/div>\n\t\t\n\t\t[vc_empty_space height=&#8221;30px&#8221;][\/vc_column][\/vc_row]<\/p>\n<\/section>","protected":false},"excerpt":{"rendered":"<p>[vc_row][vc_column][vc_empty_space height=&#8221;30px&#8221;][\/vc_column][\/vc_row]<\/p>\n<a href=\"https:\/\/riad-albatoul.com\/de\/testimonials\/sandra-borie\/\" class=\"sohohotel-more-link\">Read More<\/a>","protected":false},"author":1,"featured_media":0,"parent":0,"menu_order":0,"comment_status":"closed","ping_status":"closed","template":"","meta":{"footnotes":""},"class_list":["post-114","page","type-page","status-publish","hentry"],"yoast_head":"<!-- This site is optimized with the Yoast SEO plugin v27.4 - https:\/\/yoast.com\/product\/yoast-seo-wordpress\/ -->\n<title>Testimonials | Riad Albatoul Marakesch<\/title>\n<meta name=\"robots\" content=\"index, follow, max-snippet:-1, max-image-preview:large, max-video-preview:-1\" \/>\n<link rel=\"canonical\" href=\"https:\/\/riad-albatoul.com\/de\/testimonials\/\" \/>\n<meta property=\"og:locale\" content=\"de_DE\" \/>\n<meta property=\"og:type\" content=\"article\" \/>\n<meta property=\"og:title\" content=\"Testimonials | Riad Albatoul Marakesch\" \/>\n<meta property=\"og:description\" content=\"[vc_row][vc_column][vc_empty_space height=&#8221;30px&#8221;][\/vc_column][\/vc_row]\" \/>\n<meta property=\"og:url\" content=\"https:\/\/riad-albatoul.com\/de\/testimonials\/\" \/>\n<meta property=\"og:site_name\" content=\"Riad Albatoul Marakesch\" \/>\n<meta name=\"twitter:card\" content=\"summary_large_image\" \/>\n<script type=\"application\/ld+json\" class=\"yoast-schema-graph\">{\"@context\":\"https:\\\/\\\/schema.org\",\"@graph\":[{\"@type\":\"WebPage\",\"@id\":\"https:\\\/\\\/riad-albatoul.com\\\/de\\\/testimonials\\\/\",\"url\":\"https:\\\/\\\/riad-albatoul.com\\\/de\\\/testimonials\\\/\",\"name\":\"Testimonials | Riad Albatoul Marakesch\",\"isPartOf\":{\"@id\":\"https:\\\/\\\/riad-albatoul.com\\\/de\\\/#website\"},\"datePublished\":\"2022-05-21T10:14:10+00:00\",\"breadcrumb\":{\"@id\":\"https:\\\/\\\/riad-albatoul.com\\\/de\\\/testimonials\\\/#breadcrumb\"},\"inLanguage\":\"de\",\"potentialAction\":[{\"@type\":\"ReadAction\",\"target\":[\"https:\\\/\\\/riad-albatoul.com\\\/de\\\/testimonials\\\/\"]}]},{\"@type\":\"BreadcrumbList\",\"@id\":\"https:\\\/\\\/riad-albatoul.com\\\/de\\\/testimonials\\\/#breadcrumb\",\"itemListElement\":[{\"@type\":\"ListItem\",\"position\":1,\"name\":\"Home\",\"item\":\"https:\\\/\\\/riad-albatoul.com\\\/de\\\/\"},{\"@type\":\"ListItem\",\"position\":2,\"name\":\"Testimonials\"}]},{\"@type\":\"WebSite\",\"@id\":\"https:\\\/\\\/riad-albatoul.com\\\/de\\\/#website\",\"url\":\"https:\\\/\\\/riad-albatoul.com\\\/de\\\/\",\"name\":\"Riad Albatoul Marakesch\",\"description\":\"Ein traditionelles Riad, nur wenige Minuten vom ber\u00fchmten Platz Jemma al Fnaa entfernt\",\"publisher\":{\"@id\":\"https:\\\/\\\/riad-albatoul.com\\\/de\\\/#organization\"},\"potentialAction\":[{\"@type\":\"SearchAction\",\"target\":{\"@type\":\"EntryPoint\",\"urlTemplate\":\"https:\\\/\\\/riad-albatoul.com\\\/de\\\/?s={search_term_string}\"},\"query-input\":{\"@type\":\"PropertyValueSpecification\",\"valueRequired\":true,\"valueName\":\"search_term_string\"}}],\"inLanguage\":\"de\"},{\"@type\":\"Organization\",\"@id\":\"https:\\\/\\\/riad-albatoul.com\\\/de\\\/#organization\",\"name\":\"Riad Albatoul Marakesch\",\"url\":\"https:\\\/\\\/riad-albatoul.com\\\/de\\\/\",\"logo\":{\"@type\":\"ImageObject\",\"inLanguage\":\"de\",\"@id\":\"https:\\\/\\\/riad-albatoul.com\\\/de\\\/#\\\/schema\\\/logo\\\/image\\\/\",\"url\":\"https:\\\/\\\/riad-albatoul.com\\\/de\\\/wp-content\\\/uploads\\\/sites\\\/4\\\/2022\\\/05\\\/riad-albatoul-logo.png\",\"contentUrl\":\"https:\\\/\\\/riad-albatoul.com\\\/de\\\/wp-content\\\/uploads\\\/sites\\\/4\\\/2022\\\/05\\\/riad-albatoul-logo.png\",\"width\":220,\"height\":68,\"caption\":\"Riad Albatoul Marakesch\"},\"image\":{\"@id\":\"https:\\\/\\\/riad-albatoul.com\\\/de\\\/#\\\/schema\\\/logo\\\/image\\\/\"}}]}<\/script>\n<!-- \/ Yoast SEO plugin. -->","yoast_head_json":{"title":"Testimonials | Riad Albatoul Marakesch","robots":{"index":"index","follow":"follow","max-snippet":"max-snippet:-1","max-image-preview":"max-image-preview:large","max-video-preview":"max-video-preview:-1"},"canonical":"https:\/\/riad-albatoul.com\/de\/testimonials\/","og_locale":"de_DE","og_type":"article","og_title":"Testimonials | Riad Albatoul Marakesch","og_description":"[vc_row][vc_column][vc_empty_space height=&#8221;30px&#8221;][\/vc_column][\/vc_row]","og_url":"https:\/\/riad-albatoul.com\/de\/testimonials\/","og_site_name":"Riad Albatoul Marakesch","twitter_card":"summary_large_image","schema":{"@context":"https:\/\/schema.org","@graph":[{"@type":"WebPage","@id":"https:\/\/riad-albatoul.com\/de\/testimonials\/","url":"https:\/\/riad-albatoul.com\/de\/testimonials\/","name":"Testimonials | Riad Albatoul Marakesch","isPartOf":{"@id":"https:\/\/riad-albatoul.com\/de\/#website"},"datePublished":"2022-05-21T10:14:10+00:00","breadcrumb":{"@id":"https:\/\/riad-albatoul.com\/de\/testimonials\/#breadcrumb"},"inLanguage":"de","potentialAction":[{"@type":"ReadAction","target":["https:\/\/riad-albatoul.com\/de\/testimonials\/"]}]},{"@type":"BreadcrumbList","@id":"https:\/\/riad-albatoul.com\/de\/testimonials\/#breadcrumb","itemListElement":[{"@type":"ListItem","position":1,"name":"Home","item":"https:\/\/riad-albatoul.com\/de\/"},{"@type":"ListItem","position":2,"name":"Testimonials"}]},{"@type":"WebSite","@id":"https:\/\/riad-albatoul.com\/de\/#website","url":"https:\/\/riad-albatoul.com\/de\/","name":"Riad Albatoul Marakesch","description":"Ein traditionelles Riad, nur wenige Minuten vom ber\u00fchmten Platz Jemma al Fnaa entfernt","publisher":{"@id":"https:\/\/riad-albatoul.com\/de\/#organization"},"potentialAction":[{"@type":"SearchAction","target":{"@type":"EntryPoint","urlTemplate":"https:\/\/riad-albatoul.com\/de\/?s={search_term_string}"},"query-input":{"@type":"PropertyValueSpecification","valueRequired":true,"valueName":"search_term_string"}}],"inLanguage":"de"},{"@type":"Organization","@id":"https:\/\/riad-albatoul.com\/de\/#organization","name":"Riad Albatoul Marakesch","url":"https:\/\/riad-albatoul.com\/de\/","logo":{"@type":"ImageObject","inLanguage":"de","@id":"https:\/\/riad-albatoul.com\/de\/#\/schema\/logo\/image\/","url":"https:\/\/riad-albatoul.com\/de\/wp-content\/uploads\/sites\/4\/2022\/05\/riad-albatoul-logo.png","contentUrl":"https:\/\/riad-albatoul.com\/de\/wp-content\/uploads\/sites\/4\/2022\/05\/riad-albatoul-logo.png","width":220,"height":68,"caption":"Riad Albatoul Marakesch"},"image":{"@id":"https:\/\/riad-albatoul.com\/de\/#\/schema\/logo\/image\/"}}]}},"_links":{"self":[{"href":"https:\/\/riad-albatoul.com\/de\/wp-json\/wp\/v2\/pages\/114","targetHints":{"allow":["GET"]}}],"collection":[{"href":"https:\/\/riad-albatoul.com\/de\/wp-json\/wp\/v2\/pages"}],"about":[{"href":"https:\/\/riad-albatoul.com\/de\/wp-json\/wp\/v2\/types\/page"}],"author":[{"embeddable":true,"href":"https:\/\/riad-albatoul.com\/de\/wp-json\/wp\/v2\/users\/1"}],"replies":[{"embeddable":true,"href":"https:\/\/riad-albatoul.com\/de\/wp-json\/wp\/v2\/comments?post=114"}],"version-history":[{"count":0,"href":"https:\/\/riad-albatoul.com\/de\/wp-json\/wp\/v2\/pages\/114\/revisions"}],"wp:attachment":[{"href":"https:\/\/riad-albatoul.com\/de\/wp-json\/wp\/v2\/media?parent=114"}],"curies":[{"name":"wp","href":"https:\/\/api.w.org\/{rel}","templated":true}]}}